{"id":6525,"date":"2025-01-17T13:07:09","date_gmt":"2025-01-17T12:07:09","guid":{"rendered":"https:\/\/www.stepalong.com\/?page_id=6525"},"modified":"2025-03-19T10:49:27","modified_gmt":"2025-03-19T09:49:27","slug":"kunden-hardicraft","status":"publish","type":"page","link":"https:\/\/www.stepalong.com\/de\/kunden-hardicraft\/","title":{"rendered":"Hardicraft &amp; StepAlong"},"content":{"rendered":"<p class=\"subtitle\"><strong>Mit StepAlong hat Hardicraft eine sichere, mehrsprachige Online-Schulungsplattform geschaffen, die Kosten senkt und eine Marktexpansion erm\u00f6glicht.<\/strong><\/p>\n\n\n\n<div style=\"height:2em\" aria-hidden=\"true\" class=\"wp-block-spacer\"><\/div>\n\n\n\n<figure class=\"wp-block-image alignwide size-large rounded\"><img loading=\"lazy\" decoding=\"async\" width=\"1024\" height=\"741\" src=\"https:\/\/www.stepalong.com\/wp-content\/uploads\/2025\/01\/hardicraft-kits-with-stepalong-1024x741.jpg\" alt=\"Hardicraft Baus\u00e4tze Produktanleitung mit Stepalong Player.\" class=\"wp-image-6623\" srcset=\"https:\/\/www.stepalong.com\/wp-content\/uploads\/2025\/01\/hardicraft-kits-with-stepalong-1024x741.jpg 1024w, https:\/\/www.stepalong.com\/wp-content\/uploads\/2025\/01\/hardicraft-kits-with-stepalong-300x217.jpg 300w, https:\/\/www.stepalong.com\/wp-content\/uploads\/2025\/01\/hardicraft-kits-with-stepalong-768x556.jpg 768w, https:\/\/www.stepalong.com\/wp-content\/uploads\/2025\/01\/hardicraft-kits-with-stepalong-1536x1111.jpg 1536w, https:\/\/www.stepalong.com\/wp-content\/uploads\/2025\/01\/hardicraft-kits-with-stepalong-18x12.jpg 18w, https:\/\/www.stepalong.com\/wp-content\/uploads\/2025\/01\/hardicraft-kits-with-stepalong.jpg 1566w\" sizes=\"auto, (max-width: 1024px) 100vw, 1024px\" \/><\/figure>\n\n\n\n<div style=\"height:2em\" aria-hidden=\"true\" class=\"wp-block-spacer\"><\/div>\n\n\n\n<p><a href=\"https:\/\/www.hardicraft.com\/\" target=\"_blank\" rel=\"noopener\" title=\"Hardicraft\">Hardicraft<\/a>ein niederl\u00e4ndisches Kunsthandwerksunternehmen mit Sitz in den Niederlanden, ist einer der f\u00fchrenden Anbieter von H\u00e4kel- und Strickpaketen in Europa. Das Unternehmen vertreibt seine Produkte unter seiner eigenen Marke, bietet aber auch Private-Label-Produkte f\u00fcr andere Organisationen an.<\/p>\n\n\n\n<p>StepAlong traf Marijke Boone, die Gesch\u00e4ftsf\u00fchrerin und Gr\u00fcnderin von Hardicraft, auf der Messe Creativeworld 2024 in Frankfurt. W\u00e4hrend der Veranstaltung erl\u00e4uterte Marijke die besonderen Herausforderungen, die Hardicraft mit seinen Produktanleitungen zu bew\u00e4ltigen hat, insbesondere im Zuge der Ausweitung der Pr\u00e4senz des Unternehmens auf internationalen M\u00e4rkten.<\/p>\n\n\n\n<div style=\"height:2em\" aria-hidden=\"true\" class=\"wp-block-spacer\"><\/div>\n\n\n\n<h2 class=\"wp-block-heading\">Die Herausforderungen<\/h2>\n\n\n\n<div class=\"wp-block-columns is-layout-flex wp-container-core-columns-is-layout-cbe57604 wp-block-columns-is-layout-flex\">\n<div class=\"wp-block-column is-layout-flow wp-block-column-is-layout-flow\" style=\"flex-basis:50%\">\n<figure class=\"wp-block-image size-large\"><img loading=\"lazy\" decoding=\"async\" width=\"1024\" height=\"697\" src=\"https:\/\/www.stepalong.com\/wp-content\/uploads\/2025\/01\/hardicraft-paper-instructions-1024x697.jpg\" alt=\"Anleitung f\u00fcr Hardicraft-Papier \" class=\"wp-image-6625\" srcset=\"https:\/\/www.stepalong.com\/wp-content\/uploads\/2025\/01\/hardicraft-paper-instructions-1024x697.jpg 1024w, https:\/\/www.stepalong.com\/wp-content\/uploads\/2025\/01\/hardicraft-paper-instructions-300x204.jpg 300w, https:\/\/www.stepalong.com\/wp-content\/uploads\/2025\/01\/hardicraft-paper-instructions-768x522.jpg 768w, https:\/\/www.stepalong.com\/wp-content\/uploads\/2025\/01\/hardicraft-paper-instructions-1536x1045.jpg 1536w, https:\/\/www.stepalong.com\/wp-content\/uploads\/2025\/01\/hardicraft-paper-instructions-18x12.jpg 18w, https:\/\/www.stepalong.com\/wp-content\/uploads\/2025\/01\/hardicraft-paper-instructions.jpg 1698w\" sizes=\"auto, (max-width: 1024px) 100vw, 1024px\" \/><\/figure>\n<\/div>\n\n\n\n<div class=\"wp-block-column is-vertically-aligned-top is-layout-flow wp-block-column-is-layout-flow\" style=\"flex-basis:50%\">\n<p>Die Verpackung der Hardicraft-Baus\u00e4tze ist sehr kompakt, was es schwierig macht, Anleitungen in mehreren Sprachen beizuf\u00fcgen. Je mehr Sprachen hinzugef\u00fcgt wurden, desto h\u00f6her war das Fehlerrisiko. Au\u00dferdem lie\u00dfen die Herstellungs- und Vertriebsverfahren von Hardicraft keinen einfachen Austausch der gedruckten Anleitungen zu, wenn Fehler gefunden wurden.<\/p>\n<\/div>\n<\/div>\n\n\n\n<p>Jahrelang arbeitete Hardicraft mit Anleitungen in vier Sprachen. Die Aufstockung auf 10 Sprachen brachte jedoch nicht nur h\u00f6here Kosten mit sich, sondern auch strukturelle Herausforderungen bei der Erstellung, \u00dcbersetzung und Verwaltung des wachsenden Inhaltsvolumens.<\/p>\n\n\n\n<p>Hardicraft zog in Erw\u00e4gung, die gedruckten Anleitungen durch einen QR-Code zu ersetzen, wollte aber aus Sorge vor Plagiaten, einem h\u00e4ufigen Problem in der H\u00e4kel- und Strickgemeinde, vermeiden, Inhalte im offenen Internet zu ver\u00f6ffentlichen. Au\u00dferdem waren sie zwar offen f\u00fcr digitale Anleitungen, erkannten aber, dass viele ihrer Kunden PDFs bevorzugten. Marijke wollte auf keinen Fall zwei verschiedene Systeme f\u00fcr die Erstellung von Anleitungen unterhalten.<\/p>\n\n\n\n<div style=\"height:2em\" aria-hidden=\"true\" class=\"wp-block-spacer\"><\/div>\n\n\n\n<h2 class=\"wp-block-heading\">Die L\u00f6sung<\/h2>\n\n\n\n<div class=\"wp-block-columns is-layout-flex wp-container-core-columns-is-layout-cbe57604 wp-block-columns-is-layout-flex\">\n<div class=\"wp-block-column is-layout-flow wp-block-column-is-layout-flow\">\n<figure class=\"wp-block-image size-large\"><img loading=\"lazy\" decoding=\"async\" width=\"1024\" height=\"1024\" src=\"https:\/\/www.stepalong.com\/wp-content\/uploads\/2025\/01\/kit-materials-with-stepalong-1024x1024.png\" alt=\"Hardicraft-Kit Produktanleitungen und Materialien mit StepAlong.\" class=\"wp-image-6626\" srcset=\"https:\/\/www.stepalong.com\/wp-content\/uploads\/2025\/01\/kit-materials-with-stepalong-1024x1024.png 1024w, https:\/\/www.stepalong.com\/wp-content\/uploads\/2025\/01\/kit-materials-with-stepalong-300x300.png 300w, https:\/\/www.stepalong.com\/wp-content\/uploads\/2025\/01\/kit-materials-with-stepalong-150x150.png 150w, https:\/\/www.stepalong.com\/wp-content\/uploads\/2025\/01\/kit-materials-with-stepalong-768x768.png 768w, https:\/\/www.stepalong.com\/wp-content\/uploads\/2025\/01\/kit-materials-with-stepalong-12x12.png 12w, https:\/\/www.stepalong.com\/wp-content\/uploads\/2025\/01\/kit-materials-with-stepalong.png 1200w\" sizes=\"auto, (max-width: 1024px) 100vw, 1024px\" \/><\/figure>\n<\/div>\n\n\n\n<div class=\"wp-block-column is-layout-flow wp-block-column-is-layout-flow\">\n<p>Mit der StepAlong-Implementierung verwandelte Hardicraft seine kompakten gedruckten PDFs schnell in visuell ansprechende <a href=\"https:\/\/www.stepalong.com\/de\/ai-product-instructions-ubersetzung\/\" title=\"\u00dcbersetzung von AI-Produktanleitungen\">Online-Anleitungen in 10 Sprachen verf\u00fcgbar<\/a>.<\/p>\n\n\n\n<p>Urspr\u00fcnglich entschied sich Hardicraft f\u00fcr die Verwendung des <a href=\"https:\/\/www.stepalong.com\/de\/schlusselfertiges-schulungszentrum\/\" title=\"Schl\u00fcsselfertiges Schulungszentrum\">StepAlong-Unterrichtszentrum<\/a> anstatt die Anleitungen in ihre Hauptwebsite zu integrieren. Diese Entscheidung erwies sich als wertvoll, da sie die Anleitungsplattform von der laufenden Neugestaltung der Website entkoppelte und so die Abh\u00e4ngigkeiten bei der Erstellung der Anleitungen reduzierte.<\/p>\n<\/div>\n<\/div>\n\n\n\n<p>Das StepAlong-Team hat eng mit Hardicraft zusammengearbeitet, um die \u00dcbersetzungsherausforderungen zu bew\u00e4ltigen, die sich aus den spezifischen technischen Sprachen des Strickens und H\u00e4kelns ergeben. Durch die Feinabstimmung unseres \u00dcbersetzungstools konnte Hardicraft seine \u00dcbersetzungskosten auf einen Schlag um etwa 80% senken.<\/p>\n\n\n\n<p>Dank der Online-Anleitung konnte Hardicraft auch Kundenr\u00fcckmeldungen und Korrekturen schnell einarbeiten - eine g\u00e4ngige Praxis unter engagierten H\u00e4kel- und Strickern.<\/p>\n\n\n\n<p>Um Plagiate zu bek\u00e4mpfen, hat StepAlong eine Funktion entwickelt, die es Hardicraft erm\u00f6glicht, eindeutige Zugangscodes f\u00fcr jede Anleitung zu vergeben. Diese Codes werden neben dem QR-Code auf der Verpackung aufgedruckt und gew\u00e4hrleisten einen sicheren Zugang zu den Anleitungen.<\/p>\n\n\n\n<div style=\"height:2em\" aria-hidden=\"true\" class=\"wp-block-spacer\"><\/div>\n\n\n\n<h2 class=\"wp-block-heading\">Verbessern des PDF-Erlebnisses<\/h2>\n\n\n\n<div class=\"wp-block-columns is-layout-flex wp-container-core-columns-is-layout-cbe57604 wp-block-columns-is-layout-flex\">\n<div class=\"wp-block-column is-layout-flow wp-block-column-is-layout-flow\">\n<p>StepAlong erkannte die anhaltende Nachfrage nach PDFs, \u00fcberdachte dieses Format jedoch auf der Grundlage von starken Online-Anleitungen. Da nicht mehr jede Sprache in einer einzigen PDF-Datei enthalten sein musste, konnten wir uns auf die Erstellung von PDF-Dateien mit gr\u00f6\u00dferem Text und gr\u00f6\u00dferen Bildern konzentrieren, die Benutzerfreundlichkeit f\u00fcr die Endnutzer verbessern und eine Funktion einf\u00fchren, mit der PDF-Dateien direkt aus der Online-Anleitung generiert werden k\u00f6nnen, so dass keine separate Software zur Erstellung von PDF-Dateien erforderlich ist.<\/p>\n<\/div>\n\n\n\n<div class=\"wp-block-column is-layout-flow wp-block-column-is-layout-flow\">\n<figure class=\"wp-block-image size-large\"><img loading=\"lazy\" decoding=\"async\" width=\"1024\" height=\"666\" src=\"https:\/\/www.stepalong.com\/wp-content\/uploads\/2025\/01\/stepalong-hardicraft-pdf-1024x666.jpg\" alt=\"Hardicraft PDF von StepAlong\" class=\"wp-image-6567\" srcset=\"https:\/\/www.stepalong.com\/wp-content\/uploads\/2025\/01\/stepalong-hardicraft-pdf-1024x666.jpg 1024w, https:\/\/www.stepalong.com\/wp-content\/uploads\/2025\/01\/stepalong-hardicraft-pdf-300x195.jpg 300w, https:\/\/www.stepalong.com\/wp-content\/uploads\/2025\/01\/stepalong-hardicraft-pdf-768x499.jpg 768w, https:\/\/www.stepalong.com\/wp-content\/uploads\/2025\/01\/stepalong-hardicraft-pdf-1536x999.jpg 1536w, https:\/\/www.stepalong.com\/wp-content\/uploads\/2025\/01\/stepalong-hardicraft-pdf-18x12.jpg 18w, https:\/\/www.stepalong.com\/wp-content\/uploads\/2025\/01\/stepalong-hardicraft-pdf.jpg 1735w\" sizes=\"auto, (max-width: 1024px) 100vw, 1024px\" \/><\/figure>\n<\/div>\n<\/div>\n\n\n\n<div style=\"height:2em\" aria-hidden=\"true\" class=\"wp-block-spacer\"><\/div>\n\n\n\n<h2 class=\"wp-block-heading\">GPSR- und EAA-Konformit\u00e4t ohne Schwei\u00dfausbr\u00fcche<\/h2>\n\n\n\n<p>Als Hardicraft mit StepAlong zusammentraf, wurde das neue <a href=\"https:\/\/www.stepalong.com\/de\/machen-sie-ihre-produktanleitungen-gpsr-konform\/\" title=\"Machen Sie Ihre Produktanleitungen GPSR-konform\">GPSR- und EAA-Vorschriften<\/a> nicht an erster Stelle standen. Seit der Einf\u00fchrung von StepAlong kann das Unternehmen jedoch die Einhaltung dieser Vorschriften ohne zus\u00e4tzlichen Aufwand sicherstellen.<\/p>\n\n\n\n<div style=\"height:2em\" aria-hidden=\"true\" class=\"wp-block-spacer\"><\/div>\n\n\n\n<h2 class=\"wp-block-heading\"><\/h2>\n\n\n\n<p>Marijke kommentierte die Ergebnisse der Einf\u00fchrung von StepAlong:<\/p>\n\n\n\n<blockquote class=\"wp-block-quote feature is-layout-flow wp-block-quote-is-layout-flow\">\n<p>\"Unsere Anleitungen sind ein wesentlicher Bestandteil unseres Produktangebots. Sie m\u00fcssen von hoher Qualit\u00e4t sein und in verschiedenen Formaten und Sprachen zur Verf\u00fcgung stehen. StepAlong hat es uns erm\u00f6glicht, die Qualit\u00e4t unserer Anleitungen zu verbessern und einen Prozess zu implementieren, der es uns erm\u00f6glicht, neue M\u00e4rkte effizient und mit minimalen Reibungsverlusten zu erschlie\u00dfen.<\/p>\n<\/blockquote>\n\n\n\n<p>Sie k\u00f6nnen den StepAlong-angetriebenen Hardicraft Instruction Hub sehen unter <a href=\"http:\/\/instructions.hardicraft.com\/\">anleitung.hardicraft.de<\/a>Verwenden Sie bitte das untenstehende Formular, um eine Demo anzufordern, damit Sie sehen k\u00f6nnen, wie StepAlong Ihre Produktanleitungen umgestalten kann.<\/p>\n\n\n\n<div style=\"height:2em\" aria-hidden=\"true\" class=\"wp-block-spacer\"><\/div>\n\n\n\n<div class=\"wp-block-buttons is-content-justification-center is-layout-flex wp-container-core-buttons-is-layout-a89b3969 wp-block-buttons-is-layout-flex\">\n<div class=\"wp-block-button is-style-fill\"><a class=\"wp-block-button__link wp-element-button\" href=\"https:\/\/www.stepalong.com\/de\/eine-demo-buchen\/\" style=\"border-style:none;border-width:0px\">Demo buchen<\/a><\/div>\n<\/div>\n\n\n\n<p><\/p>","protected":false},"excerpt":{"rendered":"<p>Mit StepAlong hat Hardicraft eine sichere, mehrsprachige Online-Anleitungsplattform geschaffen, die Kosten senkt und eine Marktexpansion erm\u00f6glicht. Hardicraft, ein niederl\u00e4ndisches Kunsthandwerksunternehmen mit Sitz in den Niederlanden, ist einer der f\u00fchrenden Anbieter von H\u00e4kel- und Strickpaketen in Europa. Das Unternehmen vertreibt seine Produkte unter seiner eigenen Marke, bietet aber auch Private-Label-Produkte f\u00fcr andere Organisationen an. StepAlong mit Marijke [...]<\/p>","protected":false},"author":1,"featured_media":0,"parent":0,"menu_order":0,"comment_status":"closed","ping_status":"closed","template":"case-study","meta":{"content-type":"","_uag_custom_page_level_css":"","footnotes":""},"class_list":["post-6525","page","type-page","status-publish","hentry"],"aioseo_notices":[],"mb":[],"uagb_featured_image_src":{"full":false,"thumbnail":false,"medium":false,"medium_large":false,"large":false,"1536x1536":false,"2048x2048":false,"trp-custom-language-flag":false},"uagb_author_info":{"display_name":"Sergi S\u00e1nchez Mancha","author_link":"https:\/\/www.stepalong.com\/de\/author\/sergiostepalong-com\/"},"uagb_comment_info":0,"uagb_excerpt":"With StepAlong, Hardicraft created a secure, multilingual online instruction platform, cutting costs and enabling market expansion. Hardicraft, a Dutch arts and crafts company based in the Netherlands, is one of Europe\u2019s leading providers of crochet and knitting kits. They retail under their own brand while also offering private-label products for other organizations. StepAlong met Marijke&hellip;","mfb_rest_fields":["title","aioseo_notices","uagb_featured_image_src","uagb_author_info","uagb_comment_info","uagb_excerpt"],"_links":{"self":[{"href":"https:\/\/www.stepalong.com\/de\/wp-json\/wp\/v2\/pages\/6525","targetHints":{"allow":["GET"]}}],"collection":[{"href":"https:\/\/www.stepalong.com\/de\/wp-json\/wp\/v2\/pages"}],"about":[{"href":"https:\/\/www.stepalong.com\/de\/wp-json\/wp\/v2\/types\/page"}],"author":[{"embeddable":true,"href":"https:\/\/www.stepalong.com\/de\/wp-json\/wp\/v2\/users\/1"}],"replies":[{"embeddable":true,"href":"https:\/\/www.stepalong.com\/de\/wp-json\/wp\/v2\/comments?post=6525"}],"version-history":[{"count":36,"href":"https:\/\/www.stepalong.com\/de\/wp-json\/wp\/v2\/pages\/6525\/revisions"}],"predecessor-version":[{"id":6890,"href":"https:\/\/www.stepalong.com\/de\/wp-json\/wp\/v2\/pages\/6525\/revisions\/6890"}],"wp:attachment":[{"href":"https:\/\/www.stepalong.com\/de\/wp-json\/wp\/v2\/media?parent=6525"}],"curies":[{"name":"wp","href":"https:\/\/api.w.org\/{rel}","templated":true}]}}