{"id":6415,"date":"2025-01-02T17:56:22","date_gmt":"2025-01-02T16:56:22","guid":{"rendered":"https:\/\/www.stepalong.com\/?page_id=6415"},"modified":"2025-01-16T19:11:45","modified_gmt":"2025-01-16T18:11:45","slug":"aktionsplan-zur-produktinstruktion","status":"publish","type":"page","link":"https:\/\/www.stepalong.com\/de\/aktionsplan-zur-produktinstruktion\/","title":{"rendered":"Aktionsplan f\u00fcr Produktinstruktionen"},"content":{"rendered":"<h2 class=\"wp-block-heading has-text-align-center\" style=\"font-size:2.4em\">Helfen oder schaden Ihre Produktanleitungen Ihrem Gesch\u00e4ft?<\/h2>\n\n\n\n<p class=\"has-text-align-center has-medium-font-size\">Warten Sie nicht, bis es zu sp\u00e4t ist - holen Sie sich noch heute Antworten mit dem StepAlong Product Instruction Action Plan.<\/p>\n\n\n\n<div style=\"height:2em\" aria-hidden=\"true\" class=\"wp-block-spacer\"><\/div>\n\n\n\n<div class=\"wp-block-cover alignwide\" style=\"border-style:none;border-width:0px;border-radius:8px;padding-right:3em;padding-left:3em\"><span aria-hidden=\"true\" class=\"wp-block-cover__background has-custom-purple-background-color has-background-dim-70 has-background-dim\"><\/span><img loading=\"lazy\" decoding=\"async\" width=\"2560\" height=\"1061\" class=\"wp-block-cover__image-background wp-image-6418\" alt=\"Wiege-Montage\" src=\"https:\/\/www.stepalong.com\/wp-content\/uploads\/2025\/01\/cradle-assembly-scaled.jpg\" data-object-fit=\"cover\" srcset=\"https:\/\/www.stepalong.com\/wp-content\/uploads\/2025\/01\/cradle-assembly-scaled.jpg 2560w, https:\/\/www.stepalong.com\/wp-content\/uploads\/2025\/01\/cradle-assembly-300x124.jpg 300w, https:\/\/www.stepalong.com\/wp-content\/uploads\/2025\/01\/cradle-assembly-1024x425.jpg 1024w, https:\/\/www.stepalong.com\/wp-content\/uploads\/2025\/01\/cradle-assembly-768x318.jpg 768w, https:\/\/www.stepalong.com\/wp-content\/uploads\/2025\/01\/cradle-assembly-1536x637.jpg 1536w, https:\/\/www.stepalong.com\/wp-content\/uploads\/2025\/01\/cradle-assembly-2048x849.jpg 2048w, https:\/\/www.stepalong.com\/wp-content\/uploads\/2025\/01\/cradle-assembly-18x7.jpg 18w\" sizes=\"auto, (max-width: 2560px) 100vw, 2560px\" \/><div class=\"wp-block-cover__inner-container is-layout-constrained wp-container-core-cover-is-layout-729e5ae5 wp-block-cover-is-layout-constrained\">\n<div class=\"wp-block-columns is-layout-flex wp-container-core-columns-is-layout-28f84493 wp-block-columns-is-layout-flex\">\n<div class=\"wp-block-column is-layout-flow wp-block-column-is-layout-flow\" style=\"flex-basis:60%\">\n<h2 class=\"wp-block-heading has-raft-fg-alt-color has-text-color has-link-color wp-elements-7156b044838bb0d8447186735dfb7a43\">Riskieren Sie die Einhaltung von Vorschriften oder die Kundenzufriedenheit?<\/h2>\n\n\n\n<ul class=\"wp-block-list\">\n<li>Erf\u00fcllen Sie alle <strong>EU-Verordnungen<\/strong> f\u00fcr die Produktdokumentation?<\/li>\n\n\n\n<li>Kann Ihre Anleitung gefunden werden <strong>schnell und einfach<\/strong> online?<\/li>\n\n\n\n<li>Haben Ihre Kunden die Wahl zwischen <strong>Online-Anleitung und PDF<\/strong>?<\/li>\n<\/ul>\n<\/div>\n\n\n\n<div class=\"wp-block-column is-layout-flow wp-block-column-is-layout-flow\" style=\"flex-basis:40%\"><\/div>\n<\/div>\n<\/div><\/div>\n\n\n\n<div style=\"height:2em\" aria-hidden=\"true\" class=\"wp-block-spacer\"><\/div>\n\n\n\n<p>Produktanweisungen Aktionsplan Beispiel:<\/p>\n\n\n\n<figure class=\"wp-block-image size-large\"><img loading=\"lazy\" decoding=\"async\" width=\"1024\" height=\"474\" src=\"https:\/\/www.stepalong.com\/wp-content\/uploads\/2025\/01\/product-intructions-action-plan-1024x474.webp\" alt=\"Aktionsplan f\u00fcr Produktinstruktionen\" class=\"wp-image-6514\" srcset=\"https:\/\/www.stepalong.com\/wp-content\/uploads\/2025\/01\/product-intructions-action-plan-1024x474.webp 1024w, https:\/\/www.stepalong.com\/wp-content\/uploads\/2025\/01\/product-intructions-action-plan-300x139.webp 300w, https:\/\/www.stepalong.com\/wp-content\/uploads\/2025\/01\/product-intructions-action-plan-768x355.webp 768w, https:\/\/www.stepalong.com\/wp-content\/uploads\/2025\/01\/product-intructions-action-plan-1536x710.webp 1536w, https:\/\/www.stepalong.com\/wp-content\/uploads\/2025\/01\/product-intructions-action-plan-2048x947.webp 2048w, https:\/\/www.stepalong.com\/wp-content\/uploads\/2025\/01\/product-intructions-action-plan-18x8.webp 18w\" sizes=\"auto, (max-width: 1024px) 100vw, 1024px\" \/><\/figure>\n\n\n\n<div style=\"height:2em\" aria-hidden=\"true\" class=\"wp-block-spacer\"><\/div>\n\n\n\n<div class=\"wp-block-group feature-white feature-shadow is-layout-constrained wp-block-group-is-layout-constrained\">\n<h2 class=\"wp-block-heading\"><strong>Holen Sie sich Ihren Produktinformations-Aktionsplan!<\/strong><\/h2>\n\n\n\n<p>F\u00fcllen Sie das nachstehende Formular aus, und wir werden Ihre Produktanleitungen auf Konformit\u00e4t, Benutzerfreundlichkeit und Kundenzufriedenheit pr\u00fcfen.<\/p>\n\n\n\n<p><strong>Sch\u00fctzen Sie Ihr Unternehmen und st\u00e4rken Sie das Vertrauen Ihrer Kunden noch heute<\/strong><\/p>\n\n\n\n<div class=\"wp-block-columns is-layout-flex wp-container-core-columns-is-layout-28f84493 wp-block-columns-is-layout-flex\">\n<div class=\"wp-block-column is-layout-flow wp-block-column-is-layout-flow\" style=\"flex-basis:20%\"><\/div>\n\n\n\n<div class=\"wp-block-column hsform is-layout-flow wp-block-column-is-layout-flow\" style=\"flex-basis:60%\">\n<script charset=\"utf-8\" type=\"text\/javascript\" src=\"\/\/js-eu1.hsforms.net\/forms\/embed\/v2.js\"><\/script>\n<script>\n  hbspt.forms.create({\n    portalId: \"26183334\",\n    formId: \"a97e51cd-9c47-46ee-9c46-cd99391556cc\"\n  });\n<\/script>\n<\/div>\n\n\n\n<div class=\"wp-block-column is-layout-flow wp-block-column-is-layout-flow\" style=\"flex-basis:20%\"><\/div>\n<\/div>\n<\/div>","protected":false},"excerpt":{"rendered":"<p>Helfen oder schaden Ihre Produktanleitungen Ihrem Unternehmen? Warten Sie nicht, bis es zu sp\u00e4t ist - holen Sie sich noch heute Antworten mit dem StepAlong Produktinformations-Aktionsplan. Beispiel f\u00fcr einen Produktanleitungs-Aktionsplan: Holen Sie sich Ihren Produktinformations-Aktionsplan! F\u00fcllen Sie das untenstehende Formular aus, und wir werden Ihre Produktanleitungen auf Konformit\u00e4t, Benutzerfreundlichkeit und Kundenzufriedenheit pr\u00fcfen. Sch\u00fctzen Sie Ihr Unternehmen [...]<\/p>","protected":false},"author":1,"featured_media":0,"parent":0,"menu_order":0,"comment_status":"closed","ping_status":"closed","template":"wp-custom-template-landing-page-b","meta":{"content-type":"","_uag_custom_page_level_css":"","footnotes":""},"class_list":["post-6415","page","type-page","status-publish","hentry"],"aioseo_notices":[],"mb":[],"uagb_featured_image_src":{"full":false,"thumbnail":false,"medium":false,"medium_large":false,"large":false,"1536x1536":false,"2048x2048":false,"trp-custom-language-flag":false},"uagb_author_info":{"display_name":"Sergi S\u00e1nchez Mancha","author_link":"https:\/\/www.stepalong.com\/de\/author\/sergiostepalong-com\/"},"uagb_comment_info":0,"uagb_excerpt":"Do your product instructions help or hurt your business? Don\u2019t wait until it\u2019s too late\u2014get answers today with the StepAlong Product Instruction Action Plan. Product Instructions Action Plan Example: Get your Product Instruction Action Plan! Fill out the form below, and we\u2019ll evaluate your product instructions for compliance, usability and customer satisfaction. Protect your business&hellip;","mfb_rest_fields":["title","aioseo_notices","uagb_featured_image_src","uagb_author_info","uagb_comment_info","uagb_excerpt"],"_links":{"self":[{"href":"https:\/\/www.stepalong.com\/de\/wp-json\/wp\/v2\/pages\/6415","targetHints":{"allow":["GET"]}}],"collection":[{"href":"https:\/\/www.stepalong.com\/de\/wp-json\/wp\/v2\/pages"}],"about":[{"href":"https:\/\/www.stepalong.com\/de\/wp-json\/wp\/v2\/types\/page"}],"author":[{"embeddable":true,"href":"https:\/\/www.stepalong.com\/de\/wp-json\/wp\/v2\/users\/1"}],"replies":[{"embeddable":true,"href":"https:\/\/www.stepalong.com\/de\/wp-json\/wp\/v2\/comments?post=6415"}],"version-history":[{"count":20,"href":"https:\/\/www.stepalong.com\/de\/wp-json\/wp\/v2\/pages\/6415\/revisions"}],"predecessor-version":[{"id":6516,"href":"https:\/\/www.stepalong.com\/de\/wp-json\/wp\/v2\/pages\/6415\/revisions\/6516"}],"wp:attachment":[{"href":"https:\/\/www.stepalong.com\/de\/wp-json\/wp\/v2\/media?parent=6415"}],"curies":[{"name":"wp","href":"https:\/\/api.w.org\/{rel}","templated":true}]}}