{"id":6099,"date":"2024-12-05T19:04:32","date_gmt":"2024-12-05T18:04:32","guid":{"rendered":"https:\/\/www.stepalong.com\/?page_id=6099"},"modified":"2025-08-27T20:49:31","modified_gmt":"2025-08-27T18:49:31","slug":"stepalong-fur-bausatzanleitungen","status":"publish","type":"page","link":"https:\/\/www.stepalong.com\/de\/stepalong-fur-bausatzanleitungen\/","title":{"rendered":"StepAlong f\u00fcr Kit-Anleitungen"},"content":{"rendered":"<h2 class=\"wp-block-heading has-text-align-center\" style=\"font-size:2.4em\">Verbessern Sie Ihre Kit-Anleitungen und die Erfahrung Ihrer Kunden<\/h2>\n\n\n\n<p class=\"has-text-align-center has-medium-font-size\">StepAlong spart Ihnen Zeit und Stress mit Ihren Bauanleitungen,<br>damit Sie sich auf das konzentrieren k\u00f6nnen, was Sie am liebsten tun: kreativ sein!<\/p>\n\n\n\n<p class=\"has-text-align-center\">StepAlong vereinfacht die Erstellung, \u00dcbersetzung und Verwaltung von Kit-Anleitungen.<\/p>\n\n\n\n<div class=\"wp-block-buttons is-content-justification-center is-layout-flex wp-container-core-buttons-is-layout-a89b3969 wp-block-buttons-is-layout-flex\">\n<div class=\"wp-block-button is-style-outline is-style-outline--1\"><a class=\"wp-block-button__link has-custom-purple-color has-raft-fg-alt-background-color has-text-color has-background has-link-color has-text-align-center wp-element-button\" href=\"https:\/\/www.stepalong.com\/de\/eine-demo-buchen\/\">Demo buchen<\/a><\/div>\n<\/div>\n\n\n\n<div style=\"height:4rem\" aria-hidden=\"true\" class=\"wp-block-spacer\"><\/div>\n\n\n\n<div class=\"wp-block-cover alignwide\" style=\"border-style:none;border-width:0px;border-radius:8px;padding-top:3em;padding-right:3em;padding-bottom:3em;padding-left:3em\"><img loading=\"lazy\" decoding=\"async\" width=\"2560\" height=\"1061\" class=\"wp-block-cover__image-background wp-image-5535\" alt=\"H\u00e4kelset\" src=\"https:\/\/www.stepalong.com\/wp-content\/uploads\/2024\/09\/crochet-background-scaled.jpg\" style=\"object-position:65% 3%\" data-object-fit=\"cover\" data-object-position=\"65% 3%\" srcset=\"https:\/\/www.stepalong.com\/wp-content\/uploads\/2024\/09\/crochet-background-scaled.jpg 2560w, https:\/\/www.stepalong.com\/wp-content\/uploads\/2024\/09\/crochet-background-300x124.jpg 300w, https:\/\/www.stepalong.com\/wp-content\/uploads\/2024\/09\/crochet-background-1024x425.jpg 1024w, https:\/\/www.stepalong.com\/wp-content\/uploads\/2024\/09\/crochet-background-768x318.jpg 768w, https:\/\/www.stepalong.com\/wp-content\/uploads\/2024\/09\/crochet-background-1536x637.jpg 1536w, https:\/\/www.stepalong.com\/wp-content\/uploads\/2024\/09\/crochet-background-2048x849.jpg 2048w, https:\/\/www.stepalong.com\/wp-content\/uploads\/2024\/09\/crochet-background-18x7.jpg 18w\" sizes=\"auto, (max-width: 2560px) 100vw, 2560px\" \/><span aria-hidden=\"true\" class=\"wp-block-cover__background has-background-dim-60 has-background-dim wp-block-cover__gradient-background has-background-gradient\" style=\"background:linear-gradient(106deg,rgb(171,35,109) 36%,rgba(0,0,0,0) 60%)\"><\/span><div class=\"wp-block-cover__inner-container is-layout-constrained wp-container-core-cover-is-layout-6179930d wp-block-cover-is-layout-constrained\">\n<div class=\"wp-block-columns is-layout-flex wp-container-core-columns-is-layout-28f84493 wp-block-columns-is-layout-flex\">\n<div class=\"wp-block-column is-layout-flow wp-block-column-is-layout-flow\" style=\"flex-basis:65%\">\n<h2 class=\"wp-block-heading has-raft-fg-alt-color has-text-color has-link-color wp-elements-c5fef766d5ef4854cb61e84d768b5ebf\">Bauanleitungen sind wichtig - sehr wichtig!<\/h2>\n\n\n\n<p class=\"has-raft-fg-alt-color has-text-color has-link-color wp-elements-f99976124984e2e8f3dbd65ed1b380e6\">Wenn es um Baus\u00e4tze geht, ist die <strong>Anweisungen k\u00f6nnen das Erlebnis verbessern oder verschlechtern<\/strong>. Hier sind einige interessante Fakten*:<\/p>\n\n\n\n<ol class=\"wp-block-list has-raft-bg-alt-color has-text-color has-link-color wp-elements-d7a6a8c9c6e2435ec9cfe0998ab7f5f4\">\n<li><strong>1 von 4 Kunden<\/strong> k\u00e4mpfen mit den Anleitungen der Baus\u00e4tze und f\u00fchlen sich oft frustriert und verloren.<\/li>\n\n\n\n<li><strong>80% von schlechten Bewertungen<\/strong> weisen auf verwirrende, schwer verst\u00e4ndliche Anleitungen oder Tutorials hin, die den Benutzer mitten im Projekt stecken lassen.<\/li>\n\n\n\n<li>Dies ist besonders schwierig f\u00fcr <strong>Anf\u00e4nger<\/strong>, die die <strong>14.3%<\/strong> der Kunden. Sie verlassen sich auf klare, schrittweise Anleitungen, um zu lernen und ihre ersten Projekte abzuschlie\u00dfen.<\/li>\n\n\n\n<li>Schlechte Anleitungen verwirren nicht nur, sie senken auch die Produktbewertung. Baus\u00e4tze mit <strong>un\u00fcbersichtliche Tutorials<\/strong> neigen dazu zu bekommen <strong>unter 3-Sterne-Bewertungen<\/strong>.<\/li>\n\n\n\n<li>Video-Tutorials k\u00f6nnen zwar helfen, <strong>36.1% der Benutzer<\/strong> dass sie sich zu schnell bewegen. Ohne eine <strong>physische Kopie<\/strong> zu beziehen, wird es f\u00fcr viele zu einer frustrierenden Erfahrung.<\/li>\n<\/ol>\n\n\n\n<p class=\"has-raft-bg-alt-color has-text-color has-link-color has-small-font-size wp-elements-976354f7d88a73573bb40dd8c09878a1\">* Der Verk\u00e4ufer Sprite <a href=\"https:\/\/www.sellersprite.com\/en\/blog\/crochet-kits-report\">Crochet Kits Marktbericht f\u00fcr 2023<\/a>.<\/p>\n<\/div>\n\n\n\n<div class=\"wp-block-column is-layout-flow wp-block-column-is-layout-flow\" style=\"flex-basis:35%\"><\/div>\n<\/div>\n<\/div><\/div>\n\n\n\n<div style=\"height:4em\" aria-hidden=\"true\" class=\"wp-block-spacer\"><\/div>\n\n\n\n<h2 class=\"wp-block-heading\">Verbessern Sie Ihre Bauanleitungen mit StepAlong<\/h2>\n\n\n\n<p>Die <a href=\"https:\/\/www.stepalong.com\/de\/merkmale\/\" title=\"StepAlong Produkteigenschaften\">StepAlong-Unterrichtsplattform<\/a> hilft Ihnen dabei, Ihre Kit-Anleitungen zu verbessern und die Erfahrung f\u00fcr Ihre Kunden zu vereinfachen:<\/p>\n\n\n\n<div class=\"wp-block-columns is-layout-flex wp-container-core-columns-is-layout-14cf5ab5 wp-block-columns-is-layout-flex\">\n<div class=\"wp-block-column is-layout-flow wp-block-column-is-layout-flow\" style=\"flex-basis:60%\">\n<ul class=\"wp-block-list\">\n<li><strong>Erreichen Sie ein globales Publikum<\/strong>: Bieten Sie die Anleitungen f\u00fcr Ihre Baus\u00e4tze in mehreren Sprachen (10 und mehr) an, mit Hilfe von <a href=\"https:\/\/www.stepalong.com\/de\/ai-product-instructions-ubersetzung\/\" title=\"\u00dcbersetzung von AI-Produktanleitungen\">KI-unterst\u00fctzte \u00dcbersetzungen<\/a> die die Fachbegriffe des H\u00e4kelns genau behandeln.<\/li>\n\n\n\n<li><strong>Sicherer und einfacher Zugang<\/strong>: Bei Bedarf k\u00f6nnen Sie Ihre Anleitungen mit eindeutigen Zugangs- und QR-Codes sch\u00fctzen, damit nur Ihre Kunden sie sehen k\u00f6nnen. Ausgew\u00e4hlte Anleitungen k\u00f6nnen auch \u00f6ffentlich zug\u00e4nglich gemacht werden, um neue Nutzer anzulocken.<\/li>\n\n\n\n<li><strong>Automatische PDF-Erzeugung<\/strong>: Erstellen Sie m\u00fchelos herunterladbare PDFs f\u00fcr alle Sprachen, ohne komplizierte PDF-Erstellungssoftware verwenden zu m\u00fcssen.<\/li>\n\n\n\n<li><strong>Erstellen Sie Ihr <a href=\"https:\/\/www.stepalong.com\/de\/schlusselfertiges-schulungszentrum\/\" title=\"Schl\u00fcsselfertiges Schulungszentrum\">Unterrichtszentrum<\/a><\/strong>: Erstellen Sie eine zentrale Referenz f\u00fcr alle Ihre Kit-Anleitungen und bieten Sie Ihren Kunden eine optimierte, benutzerfreundliche Erfahrung mit Ihrer Marke.<\/li>\n<\/ul>\n<\/div>\n\n\n\n<div class=\"wp-block-column is-layout-flow wp-block-column-is-layout-flow\" style=\"flex-basis:40%\">\n<figure class=\"wp-block-image size-large\"><img loading=\"lazy\" decoding=\"async\" width=\"805\" height=\"1024\" src=\"https:\/\/www.stepalong.com\/wp-content\/uploads\/2024\/09\/StepAlong-crochet-kit-instructions-1-805x1024.png\" alt=\"PDF-H\u00e4kelset-Anleitung\" class=\"wp-image-5585\" srcset=\"https:\/\/www.stepalong.com\/wp-content\/uploads\/2024\/09\/StepAlong-crochet-kit-instructions-1-805x1024.png 805w, https:\/\/www.stepalong.com\/wp-content\/uploads\/2024\/09\/StepAlong-crochet-kit-instructions-1-236x300.png 236w, https:\/\/www.stepalong.com\/wp-content\/uploads\/2024\/09\/StepAlong-crochet-kit-instructions-1-768x977.png 768w, https:\/\/www.stepalong.com\/wp-content\/uploads\/2024\/09\/StepAlong-crochet-kit-instructions-1-9x12.png 9w, https:\/\/www.stepalong.com\/wp-content\/uploads\/2024\/09\/StepAlong-crochet-kit-instructions-1.png 811w\" sizes=\"auto, (max-width: 805px) 100vw, 805px\" \/><\/figure>\n<\/div>\n<\/div>\n\n\n\n<div style=\"height:4em\" aria-hidden=\"true\" class=\"wp-block-spacer\"><\/div>\n\n\n\n<div class=\"wp-block-cover\" style=\"border-radius:16px;min-height:360px;aspect-ratio:unset;\"><span aria-hidden=\"true\" class=\"wp-block-cover__background has-raft-fg-background-color has-background-dim-60 has-background-dim\"><\/span><img loading=\"lazy\" decoding=\"async\" width=\"2080\" height=\"1560\" class=\"wp-block-cover__image-background wp-image-6542\" alt=\"hardicraft-kits-bakcground\" src=\"https:\/\/www.stepalong.com\/wp-content\/uploads\/2025\/01\/hardicraft-kits-bakcground.jpg\" data-object-fit=\"cover\" srcset=\"https:\/\/www.stepalong.com\/wp-content\/uploads\/2025\/01\/hardicraft-kits-bakcground.jpg 2080w, https:\/\/www.stepalong.com\/wp-content\/uploads\/2025\/01\/hardicraft-kits-bakcground-300x225.jpg 300w, https:\/\/www.stepalong.com\/wp-content\/uploads\/2025\/01\/hardicraft-kits-bakcground-1024x768.jpg 1024w, https:\/\/www.stepalong.com\/wp-content\/uploads\/2025\/01\/hardicraft-kits-bakcground-768x576.jpg 768w, https:\/\/www.stepalong.com\/wp-content\/uploads\/2025\/01\/hardicraft-kits-bakcground-1536x1152.jpg 1536w, https:\/\/www.stepalong.com\/wp-content\/uploads\/2025\/01\/hardicraft-kits-bakcground-2048x1536.jpg 2048w, https:\/\/www.stepalong.com\/wp-content\/uploads\/2025\/01\/hardicraft-kits-bakcground-16x12.jpg 16w\" sizes=\"auto, (max-width: 2080px) 100vw, 2080px\" \/><div class=\"wp-block-cover__inner-container is-layout-constrained wp-block-cover-is-layout-constrained\">\n<div class=\"wp-block-columns is-layout-flex wp-container-core-columns-is-layout-4f8469d8 wp-block-columns-is-layout-flex\" style=\"padding-top:var(--wp--preset--spacing--60);padding-right:var(--wp--preset--spacing--60);padding-bottom:var(--wp--preset--spacing--60);padding-left:var(--wp--preset--spacing--60)\">\n<div class=\"wp-block-column is-vertically-aligned-center is-layout-flow wp-block-column-is-layout-flow\" style=\"flex-basis:33.33%\">\n<figure class=\"wp-block-image size-full\"><img loading=\"lazy\" decoding=\"async\" width=\"2000\" height=\"1257\" src=\"https:\/\/www.stepalong.com\/wp-content\/uploads\/2025\/01\/hardicraft-logo-white-2.png\" alt=\"hardicraft-logo-wei\u00df\" class=\"wp-image-6586\" srcset=\"https:\/\/www.stepalong.com\/wp-content\/uploads\/2025\/01\/hardicraft-logo-white-2.png 2000w, https:\/\/www.stepalong.com\/wp-content\/uploads\/2025\/01\/hardicraft-logo-white-2-300x189.png 300w, https:\/\/www.stepalong.com\/wp-content\/uploads\/2025\/01\/hardicraft-logo-white-2-1024x644.png 1024w, https:\/\/www.stepalong.com\/wp-content\/uploads\/2025\/01\/hardicraft-logo-white-2-768x483.png 768w, https:\/\/www.stepalong.com\/wp-content\/uploads\/2025\/01\/hardicraft-logo-white-2-1536x965.png 1536w, https:\/\/www.stepalong.com\/wp-content\/uploads\/2025\/01\/hardicraft-logo-white-2-18x12.png 18w\" sizes=\"auto, (max-width: 2000px) 100vw, 2000px\" \/><\/figure>\n<\/div>\n\n\n\n<div class=\"wp-block-column is-layout-flow wp-block-column-is-layout-flow\" style=\"flex-basis:66.66%\">\n<p class=\"has-raft-bg-alt-color has-text-color has-link-color wp-elements-23e074b08aad3be13d604a11b83892d0\"><a href=\"https:\/\/www.stepalong.com\/de\/kunden-hardicraft\/\" data-type=\"page\" data-id=\"6525\">Hardicraft &amp; StepAlong<\/a><\/p>\n\n\n\n<p class=\"has-medium-font-size\"><strong>Mit StepAlong hat Hardicraft eine sichere, mehrsprachige Online-Schulungsplattform geschaffen, die Kosten senkt und eine Marktexpansion erm\u00f6glicht.<\/strong><\/p>\n\n\n\n<div class=\"wp-block-buttons is-layout-flex wp-block-buttons-is-layout-flex\">\n<div class=\"wp-block-button is-style-outline is-style-outline--2\"><a class=\"wp-block-button__link wp-element-button\" href=\"https:\/\/www.stepalong.com\/de\/kunden-hardicraft\/\">Fallstudie lesen<\/a><\/div>\n<\/div>\n<\/div>\n<\/div>\n<\/div><\/div>\n\n\n\n<div style=\"height:4em\" aria-hidden=\"true\" class=\"wp-block-spacer\"><\/div>\n\n\n\n<div class=\"wp-block-columns is-layout-flex wp-container-core-columns-is-layout-14cf5ab5 wp-block-columns-is-layout-flex\">\n<div class=\"wp-block-column is-layout-flow wp-block-column-is-layout-flow\">\n<div class=\"wp-block-group feature is-layout-constrained wp-block-group-is-layout-constrained\">\n<div class=\"wp-block-columns is-layout-flex wp-container-core-columns-is-layout-cbe57604 wp-block-columns-is-layout-flex\">\n<div class=\"wp-block-column is-layout-flow wp-block-column-is-layout-flow\">\n<figure class=\"wp-block-image size-large rounded\"><img loading=\"lazy\" decoding=\"async\" width=\"1024\" height=\"1024\" src=\"https:\/\/www.stepalong.com\/wp-content\/uploads\/2025\/08\/stepalong-roi-calculator-1024x1024.webp\" alt=\"StepAlong ROI-Rechner\" class=\"wp-image-8026\" srcset=\"https:\/\/www.stepalong.com\/wp-content\/uploads\/2025\/08\/stepalong-roi-calculator-1024x1024.webp 1024w, https:\/\/www.stepalong.com\/wp-content\/uploads\/2025\/08\/stepalong-roi-calculator-300x300.webp 300w, https:\/\/www.stepalong.com\/wp-content\/uploads\/2025\/08\/stepalong-roi-calculator-150x150.webp 150w, https:\/\/www.stepalong.com\/wp-content\/uploads\/2025\/08\/stepalong-roi-calculator-768x768.webp 768w, https:\/\/www.stepalong.com\/wp-content\/uploads\/2025\/08\/stepalong-roi-calculator-12x12.webp 12w, https:\/\/www.stepalong.com\/wp-content\/uploads\/2025\/08\/stepalong-roi-calculator.webp 1420w\" sizes=\"auto, (max-width: 1024px) 100vw, 1024px\" \/><\/figure>\n<\/div>\n\n\n\n<div class=\"wp-block-column is-layout-flow wp-block-column-is-layout-flow\">\n<h3 class=\"wp-block-heading\">Berechnen Sie Ihr Einsparungspotenzial<\/h3>\n\n\n\n<p>Entdecken Sie, wie viel Ihr Unternehmen durch den Umstieg auf die KI-gest\u00fctzte digitale Unterrichtsplattform von StepAlong sparen kann.<\/p>\n\n\n\n<div style=\"height:0px\" aria-hidden=\"true\" class=\"wp-block-spacer\"><\/div>\n<\/div>\n<\/div>\n\n\n\n<div style=\"height:1em\" aria-hidden=\"true\" class=\"wp-block-spacer\"><\/div>\n\n\n\n<div class=\"wp-block-buttons is-content-justification-center is-layout-flex wp-container-core-buttons-is-layout-a89b3969 wp-block-buttons-is-layout-flex\">\n<div class=\"wp-block-button is-style-outline is-style-outline--3\"><a class=\"wp-block-button__link has-custom-purple-color has-text-color has-link-color has-border-color has-custom-purple-border-color wp-element-button\" href=\"https:\/\/www.stepalong.com\/de\/rendite-rechner\/\">Berechnen Sie Ihre Ersparnisse<\/a><\/div>\n<\/div>\n<\/div>\n<\/div>\n\n\n\n<div class=\"wp-block-column is-vertically-aligned-center is-layout-flow wp-block-column-is-layout-flow\">\n<p>Bei StepAlong haben wir uns darauf konzentriert, was Kunden f\u00fcr eine gute Produktanleitung brauchen:<\/p>\n\n\n\n<ul class=\"wp-block-list\">\n<li><strong>Mobile-first<\/strong><br>Keine App-Downloads erforderlich, einfach \u00f6ffnen und folgen<\/li>\n\n\n\n<li><strong>Gef\u00fchrte Schritte<\/strong><br>Eine logische, schrittweise Struktur f\u00fcr mehr Klarheit<\/li>\n\n\n\n<li><strong>Flexible Formate<\/strong><br>PDFs zum Herunterladen f\u00fcr diejenigen, die sie bevorzugen<\/li>\n\n\n\n<li><strong>Einfache Entdeckung<\/strong><br>Erreichbar \u00fcber Google, ChatGPT und andere Suchmaschinen<\/li>\n\n\n\n<li><strong>Lokalisierte Inhalte<\/strong><br>Anweisungen in der Sprache Ihrer Kunden<\/li>\n<\/ul>\n\n\n\n<div style=\"height:1em\" aria-hidden=\"true\" class=\"wp-block-spacer\"><\/div>\n\n\n\n<div class=\"wp-block-buttons is-content-justification-center is-layout-flex wp-container-core-buttons-is-layout-a89b3969 wp-block-buttons-is-layout-flex\">\n<div class=\"wp-block-button is-style-fill\"><a class=\"wp-block-button__link has-raft-fg-alt-color has-custom-purple-background-color has-text-color has-background has-link-color has-text-align-center wp-element-button\" href=\"https:\/\/www.stepalong.com\/de\/eine-demo-buchen\/\">Demo buchen<\/a><\/div>\n<\/div>\n<\/div>\n<\/div>","protected":false},"excerpt":{"rendered":"<p>Verbessern Sie Ihre Bausatzanleitungen und die Erfahrung Ihrer Kunden StepAlong spart Ihnen Zeit und Stress mit Ihren Bausatzanleitungen, damit Sie sich auf das konzentrieren k\u00f6nnen, was Sie am meisten lieben: das Erstellen! StepAlong vereinfacht die Erstellung, \u00dcbersetzung und Verwaltung von Bauanleitungen. Verbessern Sie Ihre Bausatzanleitungen mit StepAlong Die StepAlong Anleitungsplattform hilft Ihnen, Ihre Bausatzanleitungen zu verbessern und das Erlebnis [...]<\/p>","protected":false},"author":1,"featured_media":0,"parent":0,"menu_order":0,"comment_status":"closed","ping_status":"closed","template":"wp-custom-template-landing-page-b","meta":{"content-type":"","_uag_custom_page_level_css":"","footnotes":""},"class_list":["post-6099","page","type-page","status-publish","hentry"],"aioseo_notices":[],"mb":[],"uagb_featured_image_src":{"full":false,"thumbnail":false,"medium":false,"medium_large":false,"large":false,"1536x1536":false,"2048x2048":false,"trp-custom-language-flag":false},"uagb_author_info":{"display_name":"Sergi S\u00e1nchez Mancha","author_link":"https:\/\/www.stepalong.com\/de\/author\/sergiostepalong-com\/"},"uagb_comment_info":0,"uagb_excerpt":"Enhance your kit instructions and your customers experience StepAlong saves you time and stress with your kit instructions,letting you focus on what you love about: creating! StepAlong simplifies the creation, translation, and management of kit instructions. Improve Your Kit Instructions with StepAlong The StepAlong Instructional Platform helps you enhance your kit instructions, making the experience&hellip;","mfb_rest_fields":["title","aioseo_notices","uagb_featured_image_src","uagb_author_info","uagb_comment_info","uagb_excerpt"],"_links":{"self":[{"href":"https:\/\/www.stepalong.com\/de\/wp-json\/wp\/v2\/pages\/6099","targetHints":{"allow":["GET"]}}],"collection":[{"href":"https:\/\/www.stepalong.com\/de\/wp-json\/wp\/v2\/pages"}],"about":[{"href":"https:\/\/www.stepalong.com\/de\/wp-json\/wp\/v2\/types\/page"}],"author":[{"embeddable":true,"href":"https:\/\/www.stepalong.com\/de\/wp-json\/wp\/v2\/users\/1"}],"replies":[{"embeddable":true,"href":"https:\/\/www.stepalong.com\/de\/wp-json\/wp\/v2\/comments?post=6099"}],"version-history":[{"count":12,"href":"https:\/\/www.stepalong.com\/de\/wp-json\/wp\/v2\/pages\/6099\/revisions"}],"predecessor-version":[{"id":8014,"href":"https:\/\/www.stepalong.com\/de\/wp-json\/wp\/v2\/pages\/6099\/revisions\/8014"}],"wp:attachment":[{"href":"https:\/\/www.stepalong.com\/de\/wp-json\/wp\/v2\/media?parent=6099"}],"curies":[{"name":"wp","href":"https:\/\/api.w.org\/{rel}","templated":true}]}}