{"id":5843,"date":"2024-11-05T19:41:35","date_gmt":"2024-11-05T18:41:35","guid":{"rendered":"https:\/\/www.stepalong.com\/?page_id=5843"},"modified":"2025-08-27T20:40:04","modified_gmt":"2025-08-27T18:40:04","slug":"schlusselfertiges-schulungszentrum","status":"publish","type":"page","link":"https:\/\/www.stepalong.com\/de\/schlusselfertiges-schulungszentrum\/","title":{"rendered":"Schl\u00fcsselfertiges Schulungszentrum"},"content":{"rendered":"<h2 class=\"wp-block-heading has-text-align-center\" style=\"font-size:2.4em\">Geben Sie Ihren Anweisungen ein Zuhause<\/h2>\n\n\n\n<p class=\"has-text-align-center has-medium-font-size\">Das schl\u00fcsselfertige StepAlong-Anleitungszentrum zentralisiert alle Ihre Anleitungen in jeder Sprache auf einer SEO-optimierten, durchsuchbaren und mobilfreundlichen Website.<\/p>\n\n\n\n<div class=\"wp-block-buttons is-content-justification-center is-layout-flex wp-container-core-buttons-is-layout-a89b3969 wp-block-buttons-is-layout-flex\">\n<div class=\"wp-block-button is-style-outline is-style-outline--1\"><a class=\"wp-block-button__link has-custom-purple-color has-raft-fg-alt-background-color has-text-color has-background has-link-color has-text-align-center wp-element-button\" href=\"https:\/\/www.stepalong.com\/de\/eine-demo-buchen\/\">Demo buchen<\/a><\/div>\n<\/div>\n\n\n\n<div style=\"height:2em\" aria-hidden=\"true\" class=\"wp-block-spacer\"><\/div>\n\n\n\n<div id=\"videocontainer\" class=\"rounded\">\n  <video preload=\"true\" autoplay loop muted style=\"width: 100%; height: auto;\" title=\"StepAlong Produktanleitungen \u00dcbersetzungen mit AI\" poster=\"https:\/\/ik.imagekit.io\/ex3zncdov\/instruction-center-cover.png?updatedAt=1730895834767\">\n    <source src=\"https:\/\/ik.imagekit.io\/ex3zncdov\/instruction-center-video.mp4?updatedAt=1730895431623\" type=\"video\/mp4\">\n  <\/video>\n<\/div>\n\n\n\n<h2 class=\"wp-block-heading\">100% Ihr Schulungszentrum<\/h2>\n\n\n\n<p>Gehostet auf einer benutzerdefinierten Subdomain Ihrer Website, z. B. <em>anleitung.yoursite.com<\/em> Mit dem Look and Feel Ihrer Marke wird Ihr Instruction Center zu einem Mitglied der Familie.<\/p>\n\n\n\n<div style=\"height:var(--wp--preset--spacing--80)\" aria-hidden=\"true\" class=\"wp-block-spacer\"><\/div>\n\n\n\n<div class=\"wp-block-columns is-layout-flex wp-container-core-columns-is-layout-14cf5ab5 wp-block-columns-is-layout-flex\">\n<div class=\"wp-block-column is-layout-flow wp-block-column-is-layout-flow\">\n<figure class=\"wp-block-image size-large rounded\"><img loading=\"lazy\" decoding=\"async\" width=\"1024\" height=\"611\" src=\"https:\/\/www.stepalong.com\/wp-content\/uploads\/2024\/04\/specific-terminology-1024x611.png\" alt=\"Spezifische Terminologie in mehreren Sprachen\" class=\"wp-image-4417\" srcset=\"https:\/\/www.stepalong.com\/wp-content\/uploads\/2024\/04\/specific-terminology-1024x611.png 1024w, https:\/\/www.stepalong.com\/wp-content\/uploads\/2024\/04\/specific-terminology-300x179.png 300w, https:\/\/www.stepalong.com\/wp-content\/uploads\/2024\/04\/specific-terminology-768x458.png 768w, https:\/\/www.stepalong.com\/wp-content\/uploads\/2024\/04\/specific-terminology-18x12.png 18w, https:\/\/www.stepalong.com\/wp-content\/uploads\/2024\/04\/specific-terminology-150x89.png 150w, https:\/\/www.stepalong.com\/wp-content\/uploads\/2024\/04\/specific-terminology.png 1536w\" sizes=\"auto, (max-width: 1024px) 100vw, 1024px\" \/><\/figure>\n<\/div>\n\n\n\n<div class=\"wp-block-column is-layout-flow wp-block-column-is-layout-flow\">\n<h2 class=\"wp-block-heading\">Unterst\u00fctzung Ihrer internationalen M\u00e4rkte<\/h2>\n\n\n\n<p>Mit unseren hochwertigen KI-\u00dcbersetzungen und dem Instruction Center k\u00f6nnen Sie Ihre internationalen Partner und Vertriebspartner genauso behandeln wie die in Ihrem Heimatmarkt - indem Sie ihnen die offiziellen Anleitungen f\u00fcr alle Ihre Produkte zur Verf\u00fcgung stellen.<\/p>\n\n\n\n<p>Erfahren Sie mehr dar\u00fcber, wie StepAlong &amp; Instructions <a href=\"https:\/\/www.stepalong.com\/de\/wie-produktanleitungen-dazu-beitragen-konnen-ihre-reichweite-auf-globalen-markten-zu-vergrosern\/\" title=\"Wie Produktanleitungen dazu beitragen k\u00f6nnen, Ihre Reichweite auf globalen M\u00e4rkten zu vergr\u00f6\u00dfern\">kann Ihnen helfen, Ihre Reichweite auf internationalen M\u00e4rkten zu vergr\u00f6\u00dfern.<\/a><\/p>\n<\/div>\n<\/div>\n\n\n\n<div style=\"height:var(--wp--preset--spacing--80)\" aria-hidden=\"true\" class=\"wp-block-spacer\"><\/div>\n\n\n\n<div class=\"wp-block-columns is-layout-flex wp-container-core-columns-is-layout-14cf5ab5 wp-block-columns-is-layout-flex\">\n<div class=\"wp-block-column is-layout-flow wp-block-column-is-layout-flow\">\n<h2 class=\"wp-block-heading\">Reduzieren Sie Supportanfragen, erh\u00f6hen Sie die Kundenzufriedenheit<\/h2>\n\n\n\n<p>Ihr Anleitungscenter hilft Ihren Kunden, die ben\u00f6tigten Anleitungen zu finden, ohne sich an den Kundensupport wenden zu m\u00fcssen (oder eine fragw\u00fcrdige Download-Seite zu besuchen). Das StepAlong Anleitungscenter verf\u00fcgt \u00fcber eine leistungsstarke Suche, mit der Sie alles in Ihren Produktanleitungen finden k\u00f6nnen.<\/p>\n<\/div>\n\n\n\n<div class=\"wp-block-column is-layout-flow wp-block-column-is-layout-flow\">\n<figure class=\"wp-block-image size-large rounded\"><img loading=\"lazy\" decoding=\"async\" width=\"1024\" height=\"683\" src=\"https:\/\/www.stepalong.com\/wp-content\/uploads\/2024\/11\/search-content-instruction-1024x683.png\" alt=\"Instruction Center Suchergebnisse\" class=\"wp-image-5859\" srcset=\"https:\/\/www.stepalong.com\/wp-content\/uploads\/2024\/11\/search-content-instruction-1024x683.png 1024w, https:\/\/www.stepalong.com\/wp-content\/uploads\/2024\/11\/search-content-instruction-300x200.png 300w, https:\/\/www.stepalong.com\/wp-content\/uploads\/2024\/11\/search-content-instruction-768x512.png 768w, https:\/\/www.stepalong.com\/wp-content\/uploads\/2024\/11\/search-content-instruction-1536x1024.png 1536w, https:\/\/www.stepalong.com\/wp-content\/uploads\/2024\/11\/search-content-instruction-2048x1366.png 2048w, https:\/\/www.stepalong.com\/wp-content\/uploads\/2024\/11\/search-content-instruction-18x12.png 18w\" sizes=\"auto, (max-width: 1024px) 100vw, 1024px\" \/><\/figure>\n<\/div>\n<\/div>\n\n\n\n<div style=\"height:var(--wp--preset--spacing--80)\" aria-hidden=\"true\" class=\"wp-block-spacer\"><\/div>\n\n\n\n<div class=\"wp-block-columns is-layout-flex wp-container-core-columns-is-layout-14cf5ab5 wp-block-columns-is-layout-flex\">\n<div class=\"wp-block-column is-layout-flow wp-block-column-is-layout-flow\">\n<figure class=\"wp-block-image size-large rounded\"><img loading=\"lazy\" decoding=\"async\" width=\"1024\" height=\"683\" src=\"https:\/\/www.stepalong.com\/wp-content\/uploads\/2024\/11\/password-protected-instruction-1024x683.png\" alt=\"Passwortgesch\u00fctzte Produktanleitungen\" class=\"wp-image-5860\" srcset=\"https:\/\/www.stepalong.com\/wp-content\/uploads\/2024\/11\/password-protected-instruction-1024x683.png 1024w, https:\/\/www.stepalong.com\/wp-content\/uploads\/2024\/11\/password-protected-instruction-300x200.png 300w, https:\/\/www.stepalong.com\/wp-content\/uploads\/2024\/11\/password-protected-instruction-768x512.png 768w, https:\/\/www.stepalong.com\/wp-content\/uploads\/2024\/11\/password-protected-instruction-1536x1024.png 1536w, https:\/\/www.stepalong.com\/wp-content\/uploads\/2024\/11\/password-protected-instruction-2048x1366.png 2048w, https:\/\/www.stepalong.com\/wp-content\/uploads\/2024\/11\/password-protected-instruction-18x12.png 18w\" sizes=\"auto, (max-width: 1024px) 100vw, 1024px\" \/><\/figure>\n<\/div>\n\n\n\n<div class=\"wp-block-column is-layout-flow wp-block-column-is-layout-flow\">\n<h2 class=\"wp-block-heading\">Offen f\u00fcr alle oder f\u00fcr wenige Auserw\u00e4hlte<\/h2>\n\n\n\n<p>W\u00e4hrend die meisten ihr StepAlong Instruction Center f\u00fcr die \u00d6ffentlichkeit zug\u00e4nglich machen, k\u00f6nnen Sie es mit einem Passwort sch\u00fctzen, damit es von internen Teams genutzt werden kann, egal wo sie sich befinden.<\/p>\n<\/div>\n<\/div>\n\n\n\n<div style=\"height:var(--wp--preset--spacing--80)\" aria-hidden=\"true\" class=\"wp-block-spacer\"><\/div>\n\n\n\n<h2 class=\"wp-block-heading\">Autonomie f\u00fcr das Instruktionsteam!<\/h2>\n\n\n\n<p>StepAlong kann in jede Website oder App Ihrer Wahl integriert werden. Wir wissen jedoch, dass Anleitungen nicht immer f\u00fcr alle h\u00f6chste Priorit\u00e4t haben. Mit dem StepAlong Instruction Center kann Ihr Anleitungsteam seine Arbeit auch dann fortsetzen, wenn andere Teams nicht bereit sind.<\/p>\n\n\n\n<div style=\"height:var(--wp--preset--spacing--80)\" aria-hidden=\"true\" class=\"wp-block-spacer\"><\/div>\n\n\n\n<div class=\"wp-block-columns is-layout-flex wp-container-core-columns-is-layout-14cf5ab5 wp-block-columns-is-layout-flex\">\n<div class=\"wp-block-column is-layout-flow wp-block-column-is-layout-flow\">\n<div class=\"wp-block-group feature is-layout-constrained wp-block-group-is-layout-constrained\">\n<div class=\"wp-block-columns is-layout-flex wp-container-core-columns-is-layout-cbe57604 wp-block-columns-is-layout-flex\">\n<div class=\"wp-block-column is-layout-flow wp-block-column-is-layout-flow\">\n<figure class=\"wp-block-image size-large rounded\"><img loading=\"lazy\" decoding=\"async\" width=\"1024\" height=\"1024\" src=\"https:\/\/www.stepalong.com\/wp-content\/uploads\/2025\/08\/stepalong-roi-calculator-1024x1024.webp\" alt=\"StepAlong ROI-Rechner\" class=\"wp-image-8026\" srcset=\"https:\/\/www.stepalong.com\/wp-content\/uploads\/2025\/08\/stepalong-roi-calculator-1024x1024.webp 1024w, https:\/\/www.stepalong.com\/wp-content\/uploads\/2025\/08\/stepalong-roi-calculator-300x300.webp 300w, https:\/\/www.stepalong.com\/wp-content\/uploads\/2025\/08\/stepalong-roi-calculator-150x150.webp 150w, https:\/\/www.stepalong.com\/wp-content\/uploads\/2025\/08\/stepalong-roi-calculator-768x768.webp 768w, https:\/\/www.stepalong.com\/wp-content\/uploads\/2025\/08\/stepalong-roi-calculator-12x12.webp 12w, https:\/\/www.stepalong.com\/wp-content\/uploads\/2025\/08\/stepalong-roi-calculator.webp 1420w\" sizes=\"auto, (max-width: 1024px) 100vw, 1024px\" \/><\/figure>\n<\/div>\n\n\n\n<div class=\"wp-block-column is-layout-flow wp-block-column-is-layout-flow\">\n<h3 class=\"wp-block-heading\">Berechnen Sie Ihr Einsparungspotenzial<\/h3>\n\n\n\n<p>Entdecken Sie, wie viel Ihr Unternehmen durch den Umstieg auf die KI-gest\u00fctzte digitale Unterrichtsplattform von StepAlong sparen kann.<\/p>\n\n\n\n<div style=\"height:0px\" aria-hidden=\"true\" class=\"wp-block-spacer\"><\/div>\n<\/div>\n<\/div>\n\n\n\n<div style=\"height:1em\" aria-hidden=\"true\" class=\"wp-block-spacer\"><\/div>\n\n\n\n<div class=\"wp-block-buttons is-content-justification-center is-layout-flex wp-container-core-buttons-is-layout-a89b3969 wp-block-buttons-is-layout-flex\">\n<div class=\"wp-block-button is-style-outline is-style-outline--2\"><a class=\"wp-block-button__link has-custom-purple-color has-text-color has-link-color has-border-color has-custom-purple-border-color wp-element-button\" href=\"https:\/\/www.stepalong.com\/de\/rendite-rechner\/\">Berechnen Sie Ihre Ersparnisse<\/a><\/div>\n<\/div>\n<\/div>\n<\/div>\n\n\n\n<div class=\"wp-block-column is-vertically-aligned-center is-layout-flow wp-block-column-is-layout-flow\">\n<p>Bei StepAlong haben wir uns darauf konzentriert, was Kunden f\u00fcr eine gute Produktanleitung brauchen:<\/p>\n\n\n\n<ul class=\"wp-block-list\">\n<li><strong>Mobile-first<\/strong><br>Keine App-Downloads erforderlich, einfach \u00f6ffnen und folgen<\/li>\n\n\n\n<li><strong>Gef\u00fchrte Schritte<\/strong><br>Eine logische, schrittweise Struktur f\u00fcr mehr Klarheit<\/li>\n\n\n\n<li><strong>Flexible Formate<\/strong><br>PDFs zum Herunterladen f\u00fcr diejenigen, die sie bevorzugen<\/li>\n\n\n\n<li><strong>Einfache Entdeckung<\/strong><br>Erreichbar \u00fcber Google, ChatGPT und andere Suchmaschinen<\/li>\n\n\n\n<li><strong>Lokalisierte Inhalte<\/strong><br>Anweisungen in der Sprache Ihrer Kunden<\/li>\n<\/ul>\n\n\n\n<div style=\"height:1em\" aria-hidden=\"true\" class=\"wp-block-spacer\"><\/div>\n\n\n\n<div class=\"wp-block-buttons is-content-justification-center is-layout-flex wp-container-core-buttons-is-layout-a89b3969 wp-block-buttons-is-layout-flex\">\n<div class=\"wp-block-button is-style-fill\"><a class=\"wp-block-button__link has-raft-fg-alt-color has-custom-purple-background-color has-text-color has-background has-link-color has-text-align-center wp-element-button\" href=\"https:\/\/www.stepalong.com\/de\/eine-demo-buchen\/\">Demo buchen<\/a><\/div>\n<\/div>\n<\/div>\n<\/div>","protected":false},"excerpt":{"rendered":"<p>Geben Sie Ihren Anleitungen ein Zuhause Das schl\u00fcsselfertige StepAlong Anleitungszentrum zentralisiert alle Ihre Anleitungen in jeder Sprache auf einer SEO-optimierten, durchsuchbaren und mobilfreundlichen Website. 100% Ihr Anleitungszentrum Gehostet auf einer benutzerdefinierten Subdomain Ihrer Website, z.B. instructions.yoursite.com mit Ihrem Marken-Look und -Gef\u00fchl, wird Ihr Anleitungszentrum ein Mitglied der Familie sein. Unterst\u00fctzen Sie Ihr [...]<\/p>","protected":false},"author":1,"featured_media":0,"parent":0,"menu_order":0,"comment_status":"closed","ping_status":"closed","template":"wp-custom-template-landing-page-b","meta":{"content-type":"","_uag_custom_page_level_css":"","footnotes":""},"class_list":["post-5843","page","type-page","status-publish","hentry"],"aioseo_notices":[],"mb":[],"uagb_featured_image_src":{"full":false,"thumbnail":false,"medium":false,"medium_large":false,"large":false,"1536x1536":false,"2048x2048":false,"trp-custom-language-flag":false},"uagb_author_info":{"display_name":"Sergi S\u00e1nchez Mancha","author_link":"https:\/\/www.stepalong.com\/de\/author\/sergiostepalong-com\/"},"uagb_comment_info":0,"uagb_excerpt":"Give Your Instructions a Home The StepAlong turnkey instruction center centralizes all your instructions, in every language, into an SEO-optimized, searchable, mobile-friendly site. 100% Your Instruction Center Hosted on a custom subdomain of your website, e.g instructions.yoursite.com with your brand look and feel, your Instruction Center will be a member of the family. Support your&hellip;","mfb_rest_fields":["title","aioseo_notices","uagb_featured_image_src","uagb_author_info","uagb_comment_info","uagb_excerpt"],"_links":{"self":[{"href":"https:\/\/www.stepalong.com\/de\/wp-json\/wp\/v2\/pages\/5843","targetHints":{"allow":["GET"]}}],"collection":[{"href":"https:\/\/www.stepalong.com\/de\/wp-json\/wp\/v2\/pages"}],"about":[{"href":"https:\/\/www.stepalong.com\/de\/wp-json\/wp\/v2\/types\/page"}],"author":[{"embeddable":true,"href":"https:\/\/www.stepalong.com\/de\/wp-json\/wp\/v2\/users\/1"}],"replies":[{"embeddable":true,"href":"https:\/\/www.stepalong.com\/de\/wp-json\/wp\/v2\/comments?post=5843"}],"version-history":[{"count":19,"href":"https:\/\/www.stepalong.com\/de\/wp-json\/wp\/v2\/pages\/5843\/revisions"}],"predecessor-version":[{"id":8008,"href":"https:\/\/www.stepalong.com\/de\/wp-json\/wp\/v2\/pages\/5843\/revisions\/8008"}],"wp:attachment":[{"href":"https:\/\/www.stepalong.com\/de\/wp-json\/wp\/v2\/media?parent=5843"}],"curies":[{"name":"wp","href":"https:\/\/api.w.org\/{rel}","templated":true}]}}