{"id":5677,"date":"2024-10-28T10:00:45","date_gmt":"2024-10-28T09:00:45","guid":{"rendered":"https:\/\/www.stepalong.com\/?page_id=5677"},"modified":"2025-08-27T20:45:35","modified_gmt":"2025-08-27T18:45:35","slug":"stepalong-fur-privaten-white-label-e-commerce","status":"publish","type":"page","link":"https:\/\/www.stepalong.com\/de\/stepalong-fur-privaten-white-label-e-commerce\/","title":{"rendered":"StepAlong f\u00fcr D2C Private \/ White Label eCommerce"},"content":{"rendered":"<h2 class=\"wp-block-heading has-text-align-center\" style=\"font-size:2.4em\">Erf\u00fcllen Sie Ihr Markenversprechen mit besseren Anweisungen<\/h2>\n\n\n\n<p class=\"has-text-align-center has-medium-font-size\">StepAlong hilft Ihnen, die Herausforderung zu meistern, die Produktanleitungen der Hersteller neu zu schreiben.<\/p>\n\n\n\n<p class=\"has-text-align-center\">StepAlong vereinfacht die Erstellung, \u00dcbersetzung und Verwaltung von Produktanleitungen.<\/p>\n\n\n\n<div class=\"wp-block-buttons is-content-justification-center is-layout-flex wp-container-core-buttons-is-layout-a89b3969 wp-block-buttons-is-layout-flex\">\n<div class=\"wp-block-button is-style-outline is-style-outline--1\"><a class=\"wp-block-button__link has-custom-purple-color has-raft-fg-alt-background-color has-text-color has-background has-link-color has-text-align-center wp-element-button\" href=\"https:\/\/www.stepalong.com\/de\/eine-demo-buchen\/\">Demo buchen<\/a><\/div>\n<\/div>\n\n\n\n<div style=\"height:var(--wp--preset--spacing--80)\" aria-hidden=\"true\" class=\"wp-block-spacer\"><\/div>\n\n\n\n<div class=\"wp-block-cover alignwide wp-duotone-dark-grayscale\" style=\"border-style:none;border-width:0px;border-radius:8px;padding-right:3em;padding-left:3em\"><img loading=\"lazy\" decoding=\"async\" width=\"2560\" height=\"1061\" class=\"wp-block-cover__image-background wp-image-5679\" alt=\"Anleitung von geringer Qualit\u00e4t\" src=\"https:\/\/www.stepalong.com\/wp-content\/uploads\/2024\/10\/low-quality-instructions-1-scaled.jpg\" data-object-fit=\"cover\" srcset=\"https:\/\/www.stepalong.com\/wp-content\/uploads\/2024\/10\/low-quality-instructions-1-scaled.jpg 2560w, https:\/\/www.stepalong.com\/wp-content\/uploads\/2024\/10\/low-quality-instructions-1-300x124.jpg 300w, https:\/\/www.stepalong.com\/wp-content\/uploads\/2024\/10\/low-quality-instructions-1-1024x425.jpg 1024w, https:\/\/www.stepalong.com\/wp-content\/uploads\/2024\/10\/low-quality-instructions-1-768x318.jpg 768w, https:\/\/www.stepalong.com\/wp-content\/uploads\/2024\/10\/low-quality-instructions-1-1536x637.jpg 1536w, https:\/\/www.stepalong.com\/wp-content\/uploads\/2024\/10\/low-quality-instructions-1-2048x849.jpg 2048w, https:\/\/www.stepalong.com\/wp-content\/uploads\/2024\/10\/low-quality-instructions-1-18x7.jpg 18w\" sizes=\"auto, (max-width: 2560px) 100vw, 2560px\" \/><span aria-hidden=\"true\" class=\"wp-block-cover__background has-custom-purple-background-color has-background-dim-70 has-background-dim\"><\/span><div class=\"wp-block-cover__inner-container is-layout-constrained wp-container-core-cover-is-layout-729e5ae5 wp-block-cover-is-layout-constrained\">\n<div class=\"wp-block-columns is-layout-flex wp-container-core-columns-is-layout-28f84493 wp-block-columns-is-layout-flex\">\n<div class=\"wp-block-column is-layout-flow wp-block-column-is-layout-flow\" style=\"flex-basis:100%\">\n<h2 class=\"wp-block-heading has-raft-fg-alt-color has-text-color has-link-color wp-elements-fd240ba4e0f89cc5522e460d09c5be2e\">Keine uneinheitlichen und minderwertigen Produktanleitungen mehr<\/h2>\n\n\n\n<p class=\"has-raft-fg-alt-color has-text-color has-link-color wp-elements-bf65c2f9692de1a14cbcdc1254ee43f2\">Mit StepAlong k\u00f6nnen Sie die Anleitungen verschiedener Hersteller in einer einheitlichen Struktur zusammenf\u00fchren, um ein koh\u00e4renteres Kundenerlebnis zu schaffen und Ihr Markenversprechen zu st\u00e4rken.<\/p>\n<\/div>\n<\/div>\n<\/div><\/div>\n\n\n\n<div style=\"height:var(--wp--preset--spacing--80)\" aria-hidden=\"true\" class=\"wp-block-spacer\"><\/div>\n\n\n\n<div class=\"wp-block-media-text has-media-on-the-right is-stacked-on-mobile shadow\"><div class=\"wp-block-media-text__content\">\n<h2 class=\"wp-block-heading\">Ihre Anweisungen, Ihre Marke, Ihre Dom\u00e4ne<\/h2>\n\n\n\n<p>Stellen Sie alle Ihre Produktanleitungen in einem markengesch\u00fctzten Anleitungscenter bereit, das auf Ihrer benutzerdefinierten Subdomain gehostet wird.<\/p>\n\n\n\n<p>Jede Anweisung kann mit einem Zugangscode gesichert werden, so dass Ihre Kunden exklusiven Zugang erhalten.<\/p>\n<\/div><figure class=\"wp-block-media-text__media\"><img loading=\"lazy\" decoding=\"async\" width=\"1024\" height=\"865\" src=\"https:\/\/www.stepalong.com\/wp-content\/uploads\/2024\/10\/instruction-center-design-1024x865.jpg\" alt=\"Ihre Produkthinweise mit Ihrer Unternehmensmarke.\" class=\"wp-image-5680 size-full\" srcset=\"https:\/\/www.stepalong.com\/wp-content\/uploads\/2024\/10\/instruction-center-design-1024x865.jpg 1024w, https:\/\/www.stepalong.com\/wp-content\/uploads\/2024\/10\/instruction-center-design-300x253.jpg 300w, https:\/\/www.stepalong.com\/wp-content\/uploads\/2024\/10\/instruction-center-design-768x649.jpg 768w, https:\/\/www.stepalong.com\/wp-content\/uploads\/2024\/10\/instruction-center-design-1536x1298.jpg 1536w, https:\/\/www.stepalong.com\/wp-content\/uploads\/2024\/10\/instruction-center-design-14x12.jpg 14w, https:\/\/www.stepalong.com\/wp-content\/uploads\/2024\/10\/instruction-center-design.jpg 2048w\" sizes=\"auto, (max-width: 1024px) 100vw, 1024px\" \/><\/figure><\/div>\n\n\n\n<div style=\"height:36px\" aria-hidden=\"true\" class=\"wp-block-spacer\"><\/div>\n\n\n\n<div style=\"height:var(--wp--preset--spacing--80)\" aria-hidden=\"true\" class=\"wp-block-spacer\"><\/div>\n\n\n\n<div class=\"wp-block-media-text is-stacked-on-mobile shadow\"><figure class=\"wp-block-media-text__media\"><img loading=\"lazy\" decoding=\"async\" width=\"1024\" height=\"682\" src=\"https:\/\/www.stepalong.com\/wp-content\/uploads\/2024\/10\/qr-code-1-1024x682.jpg\" alt=\"F\u00fcgen Sie einen QR-Code in die Box ein, um Ihre Produktanleitung zu verlinken\" class=\"wp-image-5692 size-full\" srcset=\"https:\/\/www.stepalong.com\/wp-content\/uploads\/2024\/10\/qr-code-1-1024x682.jpg 1024w, https:\/\/www.stepalong.com\/wp-content\/uploads\/2024\/10\/qr-code-1-300x200.jpg 300w, https:\/\/www.stepalong.com\/wp-content\/uploads\/2024\/10\/qr-code-1-768x511.jpg 768w, https:\/\/www.stepalong.com\/wp-content\/uploads\/2024\/10\/qr-code-1-1536x1022.jpg 1536w, https:\/\/www.stepalong.com\/wp-content\/uploads\/2024\/10\/qr-code-1-18x12.jpg 18w, https:\/\/www.stepalong.com\/wp-content\/uploads\/2024\/10\/qr-code-1.jpg 2048w\" sizes=\"auto, (max-width: 1024px) 100vw, 1024px\" \/><\/figure><div class=\"wp-block-media-text__content\">\n<h2 class=\"wp-block-heading\">Anleitung im Karton, mit weniger Stress<\/h2>\n\n\n\n<p>Mit StepAlong m\u00fcssen Sie nur den QR-Code in die Produktverpackung aufnehmen. So haben Sie mehr Zeit, um die Anleitungen zu verfeinern, zu korrigieren und zu \u00fcbersetzen.<\/p>\n\n\n\n<p>StepAlong QR-Codes verwenden immer Ihre Domain, so dass Sie jederzeit die Kontrolle behalten.<\/p>\n<\/div><\/div>\n\n\n\n<div style=\"height:var(--wp--preset--spacing--80)\" aria-hidden=\"true\" class=\"wp-block-spacer\"><\/div>\n\n\n\n<div class=\"wp-block-columns is-layout-flex wp-container-core-columns-is-layout-14cf5ab5 wp-block-columns-is-layout-flex\">\n<div class=\"wp-block-column is-layout-flow wp-block-column-is-layout-flow\">\n<h2 class=\"wp-block-heading\">Schnellere und einfachere \u00dcbersetzungen<\/h2>\n\n\n\n<p>Verabschieden Sie sich von teuren und fehleranf\u00e4lligen manuellen \u00dcbersetzungsprozessen. Mit den hochwertigen, KI-gest\u00fctzten \u00dcbersetzungen von StepAlong sparen Sie Zeit und Geld und gew\u00e4hrleisten gleichzeitig Genauigkeit.<\/p>\n\n\n\n<p>Unsere Kollaborationstools rationalisieren den Revisionsprozess und erm\u00f6glichen es Ihnen, \u00dcbersetzer einzuladen, Ihre Anweisungen zu verfeinern, ohne dass Sie Dokumente per E-Mail hin- und herschicken m\u00fcssen.<\/p>\n<\/div>\n\n\n\n<div class=\"wp-block-column is-layout-flow wp-block-column-is-layout-flow\">\n<div id=\"videocontainer\" class=\"shadow full-width-mobile\">\n  <video preload=\"true\" autoplay loop muted style=\"width: 100%; height: auto;\" title=\"StepAlong Produktanleitungen \u00dcbersetzungen mit AI\" poster=\"https:\/\/ik.imagekit.io\/ex3zncdov\/translations-cover.png?updatedAt=1713523064235\">\n    <source src=\"https:\/\/ik.imagekit.io\/ex3zncdov\/Translations.mp4?updatedAt=1713521826135\" type=\"video\/mp4\">\n  <\/video>\n<\/div>\n<\/div>\n<\/div>\n\n\n\n<div style=\"height:var(--wp--preset--spacing--80)\" aria-hidden=\"true\" class=\"wp-block-spacer\"><\/div>\n\n\n\n<div class=\"wp-block-media-text is-stacked-on-mobile shadow\"><figure class=\"wp-block-media-text__media\"><img loading=\"lazy\" decoding=\"async\" width=\"1024\" height=\"847\" src=\"https:\/\/www.stepalong.com\/wp-content\/uploads\/2024\/10\/update-product-instructions-1024x847.jpg\" alt=\"Korrigieren und verbessern Sie Ihre Produkthinweise.\" class=\"wp-image-5687 size-full\" srcset=\"https:\/\/www.stepalong.com\/wp-content\/uploads\/2024\/10\/update-product-instructions-1024x847.jpg 1024w, https:\/\/www.stepalong.com\/wp-content\/uploads\/2024\/10\/update-product-instructions-300x248.jpg 300w, https:\/\/www.stepalong.com\/wp-content\/uploads\/2024\/10\/update-product-instructions-768x635.jpg 768w, https:\/\/www.stepalong.com\/wp-content\/uploads\/2024\/10\/update-product-instructions-1536x1271.jpg 1536w, https:\/\/www.stepalong.com\/wp-content\/uploads\/2024\/10\/update-product-instructions-15x12.jpg 15w, https:\/\/www.stepalong.com\/wp-content\/uploads\/2024\/10\/update-product-instructions.jpg 2048w\" sizes=\"auto, (max-width: 1024px) 100vw, 1024px\" \/><\/figure><div class=\"wp-block-media-text__content\">\n<h2 class=\"wp-block-heading\">Korrigieren, verbessern und erg\u00e4nzen Sie nach Herzenslust<\/h2>\n\n\n\n<p>Egal, ob Sie einen Fehler in Schritt 5 der italienischen Anleitung korrigieren, den Link zu einem neuen Produkt setzen oder eine neue Sprache hinzuf\u00fcgen, um einen neuen Markt zu erschlie\u00dfen - StepAlong hilft Ihnen dabei. In dem Moment, in dem Sie Ihre \u00c4nderungen speichern, werden sowohl Ihre Online-Anleitung als auch die herunterladbare PDF-Datei sofort aktualisiert.<\/p>\n<\/div><\/div>\n\n\n\n<div style=\"height:var(--wp--preset--spacing--80)\" aria-hidden=\"true\" class=\"wp-block-spacer\"><\/div>\n\n\n\n<div class=\"wp-block-cover\" style=\"border-radius:16px;min-height:360px;aspect-ratio:unset;\"><span aria-hidden=\"true\" class=\"wp-block-cover__background has-raft-fg-background-color has-background-dim-60 has-background-dim\"><\/span><img loading=\"lazy\" decoding=\"async\" width=\"1250\" height=\"768\" class=\"wp-block-cover__image-background wp-image-6744\" alt=\"monster-group-warehouse\" src=\"https:\/\/www.stepalong.com\/wp-content\/uploads\/2025\/02\/monster-group-warehouse.webp\" style=\"object-position:52% 68%\" data-object-fit=\"cover\" data-object-position=\"52% 68%\" srcset=\"https:\/\/www.stepalong.com\/wp-content\/uploads\/2025\/02\/monster-group-warehouse.webp 1250w, https:\/\/www.stepalong.com\/wp-content\/uploads\/2025\/02\/monster-group-warehouse-300x184.webp 300w, https:\/\/www.stepalong.com\/wp-content\/uploads\/2025\/02\/monster-group-warehouse-1024x629.webp 1024w, https:\/\/www.stepalong.com\/wp-content\/uploads\/2025\/02\/monster-group-warehouse-768x472.webp 768w, https:\/\/www.stepalong.com\/wp-content\/uploads\/2025\/02\/monster-group-warehouse-18x12.webp 18w\" sizes=\"auto, (max-width: 1250px) 100vw, 1250px\" \/><div class=\"wp-block-cover__inner-container is-layout-constrained wp-block-cover-is-layout-constrained\">\n<div class=\"wp-block-columns is-layout-flex wp-container-core-columns-is-layout-4f8469d8 wp-block-columns-is-layout-flex\" style=\"padding-top:var(--wp--preset--spacing--60);padding-right:var(--wp--preset--spacing--60);padding-bottom:var(--wp--preset--spacing--60);padding-left:var(--wp--preset--spacing--60)\">\n<div class=\"wp-block-column is-vertically-aligned-center is-layout-flow wp-block-column-is-layout-flow\" style=\"flex-basis:33.33%\">\n<figure class=\"wp-block-image size-full\"><img loading=\"lazy\" decoding=\"async\" width=\"1191\" height=\"1191\" src=\"https:\/\/www.stepalong.com\/wp-content\/uploads\/2025\/02\/monster-group-logo.png\" alt=\"Logo der Monster-Gruppe\" class=\"wp-image-6743\" srcset=\"https:\/\/www.stepalong.com\/wp-content\/uploads\/2025\/02\/monster-group-logo.png 1191w, https:\/\/www.stepalong.com\/wp-content\/uploads\/2025\/02\/monster-group-logo-300x300.png 300w, https:\/\/www.stepalong.com\/wp-content\/uploads\/2025\/02\/monster-group-logo-1024x1024.png 1024w, https:\/\/www.stepalong.com\/wp-content\/uploads\/2025\/02\/monster-group-logo-150x150.png 150w, https:\/\/www.stepalong.com\/wp-content\/uploads\/2025\/02\/monster-group-logo-768x768.png 768w, https:\/\/www.stepalong.com\/wp-content\/uploads\/2025\/02\/monster-group-logo-12x12.png 12w\" sizes=\"auto, (max-width: 1191px) 100vw, 1191px\" \/><\/figure>\n<\/div>\n\n\n\n<div class=\"wp-block-column is-layout-flow wp-block-column-is-layout-flow\" style=\"flex-basis:66.66%\">\n<p class=\"has-raft-bg-alt-color has-text-color has-link-color wp-elements-8ee8c625d6ef67cb76692b68e5d1a888\"><a href=\"https:\/\/www.stepalong.com\/de\/kunden-monstergruppe\/\" data-type=\"page\" data-id=\"6634\">Monster-Gruppe &amp; StepAlong<\/a><\/p>\n\n\n\n<p class=\"has-medium-font-size\"><strong>Mit StepAlong straffte die Monster Group das Instruktionsmanagement, senkte die Kosten und erweiterte ihre M\u00e4rkte, w\u00e4hrend sie gleichzeitig eine klare, aktuelle Kundenf\u00fchrung sicherstellte.<\/strong><\/p>\n\n\n\n<div class=\"wp-block-buttons is-layout-flex wp-block-buttons-is-layout-flex\">\n<div class=\"wp-block-button is-style-outline is-style-outline--2\"><a class=\"wp-block-button__link wp-element-button\" href=\"https:\/\/www.stepalong.com\/de\/kunden-monstergruppe\/\">Fallstudie lesen<\/a><\/div>\n<\/div>\n<\/div>\n<\/div>\n<\/div><\/div>\n\n\n\n<div style=\"height:var(--wp--preset--spacing--80)\" aria-hidden=\"true\" class=\"wp-block-spacer\"><\/div>\n\n\n\n<div class=\"wp-block-columns is-layout-flex wp-container-core-columns-is-layout-14cf5ab5 wp-block-columns-is-layout-flex\">\n<div class=\"wp-block-column is-layout-flow wp-block-column-is-layout-flow\">\n<div class=\"wp-block-group feature is-layout-constrained wp-block-group-is-layout-constrained\">\n<div class=\"wp-block-columns is-layout-flex wp-container-core-columns-is-layout-cbe57604 wp-block-columns-is-layout-flex\">\n<div class=\"wp-block-column is-layout-flow wp-block-column-is-layout-flow\">\n<figure class=\"wp-block-image size-large rounded\"><img loading=\"lazy\" decoding=\"async\" width=\"1024\" height=\"1024\" src=\"https:\/\/www.stepalong.com\/wp-content\/uploads\/2025\/08\/stepalong-roi-calculator-1024x1024.webp\" alt=\"StepAlong ROI-Rechner\" class=\"wp-image-8026\" srcset=\"https:\/\/www.stepalong.com\/wp-content\/uploads\/2025\/08\/stepalong-roi-calculator-1024x1024.webp 1024w, https:\/\/www.stepalong.com\/wp-content\/uploads\/2025\/08\/stepalong-roi-calculator-300x300.webp 300w, https:\/\/www.stepalong.com\/wp-content\/uploads\/2025\/08\/stepalong-roi-calculator-150x150.webp 150w, https:\/\/www.stepalong.com\/wp-content\/uploads\/2025\/08\/stepalong-roi-calculator-768x768.webp 768w, https:\/\/www.stepalong.com\/wp-content\/uploads\/2025\/08\/stepalong-roi-calculator-12x12.webp 12w, https:\/\/www.stepalong.com\/wp-content\/uploads\/2025\/08\/stepalong-roi-calculator.webp 1420w\" sizes=\"auto, (max-width: 1024px) 100vw, 1024px\" \/><\/figure>\n<\/div>\n\n\n\n<div class=\"wp-block-column is-layout-flow wp-block-column-is-layout-flow\">\n<h3 class=\"wp-block-heading\">Berechnen Sie Ihr Einsparungspotenzial<\/h3>\n\n\n\n<p>Entdecken Sie, wie viel Ihr Unternehmen durch den Umstieg auf die KI-gest\u00fctzte digitale Unterrichtsplattform von StepAlong sparen kann.<\/p>\n\n\n\n<div style=\"height:0px\" aria-hidden=\"true\" class=\"wp-block-spacer\"><\/div>\n<\/div>\n<\/div>\n\n\n\n<div style=\"height:1em\" aria-hidden=\"true\" class=\"wp-block-spacer\"><\/div>\n\n\n\n<div class=\"wp-block-buttons is-content-justification-center is-layout-flex wp-container-core-buttons-is-layout-a89b3969 wp-block-buttons-is-layout-flex\">\n<div class=\"wp-block-button is-style-outline is-style-outline--3\"><a class=\"wp-block-button__link has-custom-purple-color has-text-color has-link-color has-border-color has-custom-purple-border-color wp-element-button\" href=\"https:\/\/www.stepalong.com\/de\/rendite-rechner\/\">Berechnen Sie Ihre Ersparnisse<\/a><\/div>\n<\/div>\n<\/div>\n<\/div>\n\n\n\n<div class=\"wp-block-column is-vertically-aligned-center is-layout-flow wp-block-column-is-layout-flow\">\n<p>Bei StepAlong haben wir uns darauf konzentriert, was Kunden f\u00fcr eine gute Produktanleitung brauchen:<\/p>\n\n\n\n<ul class=\"wp-block-list\">\n<li><strong>Mobile-first<\/strong><br>Keine App-Downloads erforderlich, einfach \u00f6ffnen und folgen<\/li>\n\n\n\n<li><strong>Gef\u00fchrte Schritte<\/strong><br>Eine logische, schrittweise Struktur f\u00fcr mehr Klarheit<\/li>\n\n\n\n<li><strong>Flexible Formate<\/strong><br>PDFs zum Herunterladen f\u00fcr diejenigen, die sie bevorzugen<\/li>\n\n\n\n<li><strong>Einfache Entdeckung<\/strong><br>Erreichbar \u00fcber Google, ChatGPT und andere Suchmaschinen<\/li>\n\n\n\n<li><strong>Lokalisierte Inhalte<\/strong><br>Anweisungen in der Sprache Ihrer Kunden<\/li>\n<\/ul>\n\n\n\n<div style=\"height:1em\" aria-hidden=\"true\" class=\"wp-block-spacer\"><\/div>\n\n\n\n<div class=\"wp-block-buttons is-content-justification-center is-layout-flex wp-container-core-buttons-is-layout-a89b3969 wp-block-buttons-is-layout-flex\">\n<div class=\"wp-block-button is-style-fill\"><a class=\"wp-block-button__link has-raft-fg-alt-color has-custom-purple-background-color has-text-color has-background has-link-color has-text-align-center wp-element-button\" href=\"https:\/\/www.stepalong.com\/de\/eine-demo-buchen\/\">Demo buchen<\/a><\/div>\n<\/div>\n<\/div>\n<\/div>","protected":false},"excerpt":{"rendered":"<p>Erf\u00fcllen Sie Ihr Markenversprechen mit besseren Anleitungen StepAlong hilft Ihnen, die Herausforderung zu meistern, die Produktanleitungen der Hersteller neu zu schreiben. StepAlong vereinfacht die Erstellung, \u00dcbersetzung und Verwaltung von Produktanleitungen. Ihre Anleitungen, Ihre Marke, Ihre Domain Stellen Sie alle Ihre Produktanleitungen in einem gebrandeten Anleitungscenter bereit, das auf Ihrer eigenen Subdomain gehostet wird. Jede Anleitung kann mit [...] gesichert werden.<\/p>","protected":false},"author":1,"featured_media":0,"parent":0,"menu_order":0,"comment_status":"closed","ping_status":"closed","template":"wp-custom-template-landing-page-b","meta":{"content-type":"","_uag_custom_page_level_css":"","footnotes":""},"class_list":["post-5677","page","type-page","status-publish","hentry"],"aioseo_notices":[],"mb":[],"uagb_featured_image_src":{"full":false,"thumbnail":false,"medium":false,"medium_large":false,"large":false,"1536x1536":false,"2048x2048":false,"trp-custom-language-flag":false},"uagb_author_info":{"display_name":"Sergi S\u00e1nchez Mancha","author_link":"https:\/\/www.stepalong.com\/de\/author\/sergiostepalong-com\/"},"uagb_comment_info":0,"uagb_excerpt":"Deliver your brand promise with better instructions StepAlong helps you meet the challenge of rewriting manufacturers&#8217; product instructions. StepAlong simplifies the creation, translation, and management of product instructions. Your instructions, your brand, your domain Provide all your product instructions in a branded Instruction Center, hosted on your custom subdomain. Each instruction can be secured with&hellip;","mfb_rest_fields":["title","aioseo_notices","uagb_featured_image_src","uagb_author_info","uagb_comment_info","uagb_excerpt"],"_links":{"self":[{"href":"https:\/\/www.stepalong.com\/de\/wp-json\/wp\/v2\/pages\/5677","targetHints":{"allow":["GET"]}}],"collection":[{"href":"https:\/\/www.stepalong.com\/de\/wp-json\/wp\/v2\/pages"}],"about":[{"href":"https:\/\/www.stepalong.com\/de\/wp-json\/wp\/v2\/types\/page"}],"author":[{"embeddable":true,"href":"https:\/\/www.stepalong.com\/de\/wp-json\/wp\/v2\/users\/1"}],"replies":[{"embeddable":true,"href":"https:\/\/www.stepalong.com\/de\/wp-json\/wp\/v2\/comments?post=5677"}],"version-history":[{"count":14,"href":"https:\/\/www.stepalong.com\/de\/wp-json\/wp\/v2\/pages\/5677\/revisions"}],"predecessor-version":[{"id":8012,"href":"https:\/\/www.stepalong.com\/de\/wp-json\/wp\/v2\/pages\/5677\/revisions\/8012"}],"wp:attachment":[{"href":"https:\/\/www.stepalong.com\/de\/wp-json\/wp\/v2\/media?parent=5677"}],"curies":[{"name":"wp","href":"https:\/\/api.w.org\/{rel}","templated":true}]}}