{"id":5013,"date":"2024-07-17T17:02:49","date_gmt":"2024-07-17T15:02:49","guid":{"rendered":"https:\/\/www.stepalong.com\/?page_id=5013"},"modified":"2024-07-24T11:02:53","modified_gmt":"2024-07-24T09:02:53","slug":"branchen","status":"publish","type":"page","link":"https:\/\/www.stepalong.com\/de\/branchen\/","title":{"rendered":"Branchen"},"content":{"rendered":"<p>Mit StepAlong bieten Unternehmen detaillierte und benutzerfreundliche Produktanleitungen, die <strong>die Kundenzufriedenheit zu verbessern, die Supportkosten zu senken und eine st\u00e4rkere Markentreue aufzubauen<\/strong>.<\/p>\n\n\n\n<p>Nachfolgend einige Beispiele daf\u00fcr, wie StepAlong funktioniert bei <a href=\"#arts-craft\" title=\"Kunst &amp; Handwerk\">Kunst &amp; Handwerk<\/a>, <a href=\"#sewing-knitting-crochet\" title=\"\">N\u00e4hen, stricken und h\u00e4keln<\/a>, <a href=\"#gardening\" title=\"Gartenarbeit\">Gartenarbeit<\/a>, <a href=\"#cosmetics\" title=\"\">Kosmetika<\/a> und <a href=\"#pharma\" title=\"\">Pharma<\/a> Branchen.<\/p>\n\n\n\n<div style=\"height:4em\" aria-hidden=\"true\" class=\"wp-block-spacer\"><\/div>\n\n\n\n<div id=\"arts-craft\" class=\"wp-block-group feature is-layout-constrained wp-block-group-is-layout-constrained\">\n<h2 class=\"wp-block-heading\"><strong>Kunst &amp; Handwerk<\/strong><\/h2>\n\n\n\n<ul class=\"wp-block-list\">\n<li><strong>Bef\u00e4higen Sie Ihre Kunden<\/strong> ihre Kreativit\u00e4t mit klaren Schritt-f\u00fcr-Schritt-Anleitungen und kreativen Projektideen zu entfesseln und sie zu motivieren, neue Projekte mit Zuversicht anzugehen.<\/li>\n\n\n\n<li><strong>Internationale M\u00e4rkte besser bedienen<\/strong> mit unseren KI-gest\u00fctzten \u00dcbersetzungen, wodurch sich die Zahl der Kundenfragen und -probleme verringert.<\/li>\n\n\n\n<li><strong>Beleben Sie Ihre How-to-Inhalte durch c<\/strong>onvertieren Sie YouTube-Videos und PDFs in das StepAlong-Format, das einfach im Internet ver\u00f6ffentlicht, in Minutenschnelle \u00fcbersetzt und in ein PDF umgewandelt werden kann.<\/li>\n<\/ul>\n\n\n\n<div style=\"height:2em\" aria-hidden=\"true\" class=\"wp-block-spacer\"><\/div>\n\n\n\n<div style=\"overflow:hidden; padding:0; position:relative; display:flex; justify-content:center; border-radius:8px; border:1px solid #00000015; width:100%; box-sizing:border-box; max-width:100%;\"><iframe style=\"min-height:400px; width:100%; aspect-ratio:16\/9;\" src=\"https:\/\/player.stepalong.com\/player\/en\/6659cca2d57e74a703a605e0?view=swipe\" title=\"Wie man eine strukturierte Landschaft mit \u00d6l malt\" frameborder=\"0\" allow=\"accelerometer; autoplay; encrypted-media; gyroscope; picture-in-picture\" loading=\"eager\" allowfullscreen=\"\"><\/iframe><\/div>\n\n\n\n<div style=\"height:2em\" aria-hidden=\"true\" class=\"wp-block-spacer\"><\/div>\n\n\n\n<div class=\"wp-block-buttons is-content-justification-right is-layout-flex wp-container-core-buttons-is-layout-d445cf74 wp-block-buttons-is-layout-flex\">\n<div class=\"wp-block-button is-style-outline is-style-outline--1\"><a class=\"wp-block-button__link has-custom-purple-color has-text-color has-link-color wp-element-button\" href=\"https:\/\/crafts.stepalong.com\/\" target=\"_blank\" rel=\"noreferrer noopener\">Weitere Beispiele f\u00fcr Kunsthandwerk<\/a><\/div>\n\n\n\n<div class=\"wp-block-button is-style-fill\"><a class=\"wp-block-button__link wp-element-button\" href=\"#demo\">Demo buchen<\/a><\/div>\n<\/div>\n<\/div>\n\n\n\n<div style=\"height:4em\" aria-hidden=\"true\" class=\"wp-block-spacer\"><\/div>\n\n\n\n<div id=\"sewing-knitting-crochet\" class=\"wp-block-group feature-white is-layout-constrained wp-block-group-is-layout-constrained\">\n<h2 class=\"wp-block-heading\"><strong>N\u00e4hen, stricken und h\u00e4keln<\/strong><\/h2>\n\n\n\n<ul class=\"wp-block-list\">\n<li class=\"translation-block\">Schaffen Sie ein <strong>besseres Kundenerlebnis<\/strong> mit klaren und pr\u00e4zisen, interaktiven, f\u00fcr Mobilger\u00e4te optimierten Anleitungen, die Ihren Kunden helfen, ihre Projekte zu meistern.<\/li>\n\n\n\n<li><strong>Internationale M\u00e4rkte besser bedienen<\/strong> mit unseren KI-gesteuerten \u00dcbersetzungen und einfacher Ver\u00f6ffentlichung. So k\u00f6nnen Sie sicherstellen, dass Ihre Kunden Ihre Anleitungen vollst\u00e4ndig verstehen und gleichzeitig ein breiteres Publikum erreichen.<\/li>\n\n\n\n<li><strong>Verringerung der Abh\u00e4ngigkeit von PDFs<\/strong> mit Hilfe unseres integrierten QR-Managements, wobei der Endnutzer die M\u00f6glichkeit hat, ein \u00fcbersichtliches, lesbares PDF herunterzuladen, wenn er dies w\u00fcnscht.<\/li>\n<\/ul>\n\n\n\n<div style=\"height:2em\" aria-hidden=\"true\" class=\"wp-block-spacer\"><\/div>\n\n\n\n<div style=\"overflow:hidden; padding:0; position:relative; display:flex; justify-content:center; border-radius:8px; border:1px solid #00000015; width:100%; box-sizing:border-box; max-width:100%;\"><iframe style=\"min-height:450px; width:100%; aspect-ratio:16\/9;\" src=\"https:\/\/player.stepalong.com\/player\/en\/6644c86ee2e036fbfd80acbc?view=swipe\" title=\"H\u00e4kelmuster: Anton die Weihnachtsgans\" frameborder=\"0\" allow=\"accelerometer; autoplay; encrypted-media; gyroscope; picture-in-picture\" loading=\"eager\" allowfullscreen=\"\"><\/iframe><\/div>\n\n\n\n<div style=\"height:2em\" aria-hidden=\"true\" class=\"wp-block-spacer\"><\/div>\n\n\n\n<div class=\"wp-block-buttons is-content-justification-right is-layout-flex wp-container-core-buttons-is-layout-d445cf74 wp-block-buttons-is-layout-flex\">\n<div class=\"wp-block-button is-style-outline is-style-outline--2\"><a class=\"wp-block-button__link has-custom-purple-color has-text-color has-link-color wp-element-button\" href=\"https:\/\/sew-knit-crochet.stepalong.com\/\">Weitere Beispiele zum N\u00e4hen, Stricken und H\u00e4keln<\/a><\/div>\n\n\n\n<div class=\"wp-block-button is-style-fill\"><a class=\"wp-block-button__link wp-element-button\" href=\"#demo\">Demo buchen<\/a><\/div>\n<\/div>\n<\/div>\n\n\n\n<div style=\"height:4em\" aria-hidden=\"true\" class=\"wp-block-spacer\"><\/div>\n\n\n\n<div id=\"gardening\" class=\"wp-block-group feature is-layout-constrained wp-block-group-is-layout-constrained\">\n<h2 class=\"wp-block-heading\"><strong>Gartenarbeit<\/strong><\/h2>\n\n\n\n<ul class=\"wp-block-list\">\n<li class=\"translation-block\">Schaffen Sie eine <strong>bessere<\/strong> <strong>Kundenerfahrung<\/strong> mit unseren interaktiven, f\u00fcr Mobilger\u00e4te optimierten Anleitungen, die Endbenutzer buchst\u00e4blich auf dem Feld (oder im Garten oder im Schuppen....) verwenden k\u00f6nnen.<\/li>\n\n\n\n<li><strong>Browser in K\u00e4ufer verwandeln<\/strong> indem Sie Ihre vollst\u00e4ndigen Produktanleitungen auf Ihren Produktseiten hinzuf\u00fcgen, um potenzielle Kunden zu informieren und ihnen Vertrauen zu geben.<\/li>\n\n\n\n<li><strong>Verringerung der Abh\u00e4ngigkeit von PDFs<\/strong> kaufen Sie mit unserem integrierten QR-Management (oder verwenden Sie Ihre vorhandenen QR-Codes) und geben Sie den Endbenutzern dennoch die M\u00f6glichkeit, ein klares, lesbares PDF herunterzuladen, wenn sie es w\u00fcnschen.<\/li>\n\n\n\n<li><strong>Kosten reduzieren<\/strong> durch die Vereinheitlichung der Erstellung, Ver\u00f6ffentlichung und Verwaltung von Lerninhalten in einem einzigen Tool, in dem Ersteller, H\u00e4ndler und Partner zusammenarbeiten k\u00f6nnen, um die Erstellung von Lerninhalten effizienter zu gestalten.<\/li>\n<\/ul>\n\n\n\n<div style=\"height:2em\" aria-hidden=\"true\" class=\"wp-block-spacer\"><\/div>\n\n\n\n<div style=\"overflow:hidden; padding:0; position:relative; display:flex; justify-content:center; border-radius:8px; border:1px solid #00000015; width:100%; box-sizing:border-box; max-width:100%;\"><iframe style=\"min-height:400px; width:100%; aspect-ratio:16\/9;\" src=\"https:\/\/player.stepalong.com\/player\/en\/6638cf6081406337d80b7221?view=swipe\" title=\"Dekor und Garten: Haya\" frameborder=\"0\" allow=\"accelerometer; autoplay; encrypted-media; gyroscope; picture-in-picture\" loading=\"eager\" allowfullscreen=\"\"><\/iframe><\/div>\n\n\n\n<div style=\"height:2em\" aria-hidden=\"true\" class=\"wp-block-spacer\"><\/div>\n\n\n\n<div class=\"wp-block-buttons is-content-justification-right is-layout-flex wp-container-core-buttons-is-layout-d445cf74 wp-block-buttons-is-layout-flex\">\n<div class=\"wp-block-button is-style-outline is-style-outline--3\"><a class=\"wp-block-button__link has-custom-purple-color has-text-color has-link-color wp-element-button\" href=\"https:\/\/gardening.stepalong.com\/\" target=\"_blank\" rel=\"noreferrer noopener\">Weitere Beispiele f\u00fcr Gartenarbeit<\/a><\/div>\n\n\n\n<div class=\"wp-block-button is-style-fill\"><a class=\"wp-block-button__link wp-element-button\" href=\"#demo\">Demo buchen<\/a><\/div>\n<\/div>\n<\/div>\n\n\n\n<div style=\"height:4em\" aria-hidden=\"true\" class=\"wp-block-spacer\"><\/div>\n\n\n\n<div id=\"cosmetics\" class=\"wp-block-group feature-white is-layout-constrained wp-block-group-is-layout-constrained\">\n<h2 class=\"wp-block-heading\"><strong>Kosmetika<\/strong><\/h2>\n\n\n\n<ul class=\"wp-block-list\">\n<li><strong>Reduzieren Sie Produktr\u00fcckgaben<\/strong> indem Sie Ihren Kunden mit detaillierten Anwendungs- und Pflegeanleitungen zeigen, wie sie die besten Ergebnisse mit Ihren Sch\u00f6nheitsprodukten erzielen k\u00f6nnen<\/li>\n\n\n\n<li>Erstellen einer <strong>bessere Kundenerfahrung<\/strong> mit interaktiven, f\u00fcr Mobilger\u00e4te optimierten Anleitungen, die Ihre bestehenden Videoanleitungen verbessern und erg\u00e4nzen.<\/li>\n\n\n\n<li class=\"translation-block\">Mit unseren KI-gest\u00fctzten \u00dcbersetzungen k\u00f6nnen Sie internationale M\u00e4rkte effizienter bedienen und Ihre Leitf\u00e4den einem globalen Publikum zug\u00e4nglich machen.<\/li>\n<\/ul>\n\n\n\n<div style=\"height:2em\" aria-hidden=\"true\" class=\"wp-block-spacer\"><\/div>\n\n\n\n<div style=\"overflow:hidden; padding:0; position:relative; display:flex; justify-content:center; border-radius:8px; border:1px solid #00000015; width:100%; box-sizing:border-box; max-width:100%;\"><iframe style=\"min-height:400px; width:100%; aspect-ratio:16\/9;\" src=\"https:\/\/player.stepalong.com\/player\/en\/64a7d6eee3f41c6dffea135f?view=swipe\" title=\"Glowy &amp; Nat\u00fcrliches Makeup\" frameborder=\"0\" allow=\"accelerometer; autoplay; encrypted-media; gyroscope; picture-in-picture\" loading=\"eager\" allowfullscreen=\"\"><\/iframe><\/div>\n\n\n\n<div style=\"height:2em\" aria-hidden=\"true\" class=\"wp-block-spacer\"><\/div>\n\n\n\n<div class=\"wp-block-buttons is-content-justification-right is-layout-flex wp-container-core-buttons-is-layout-d445cf74 wp-block-buttons-is-layout-flex\">\n<div class=\"wp-block-button is-style-outline is-style-outline--4\"><a class=\"wp-block-button__link has-custom-purple-color has-text-color has-link-color wp-element-button\" href=\"https:\/\/cosmetics.stepalong.com\/\" target=\"_blank\" rel=\"noreferrer noopener\">Weitere Beispiele f\u00fcr Kosmetika<\/a><\/div>\n\n\n\n<div class=\"wp-block-button is-style-fill\"><a class=\"wp-block-button__link wp-element-button\" href=\"#demo\">Demo buchen<\/a><\/div>\n<\/div>\n<\/div>\n\n\n\n<div style=\"height:4em\" aria-hidden=\"true\" class=\"wp-block-spacer\"><\/div>\n\n\n\n<div id=\"pharma\" class=\"wp-block-group feature is-layout-constrained wp-block-group-is-layout-constrained\">\n<h2 class=\"wp-block-heading\"><strong>Pharma<\/strong><\/h2>\n\n\n\n<ul class=\"wp-block-list\">\n<li><strong>Erg\u00e4nzen Sie Ihre bestehenden Video-Tutorials<\/strong> f\u00fcr ein gr\u00f6\u00dferes Kundenvertrauen, indem Sie Schritt-f\u00fcr-Schritt-Anleitungen mit interaktiven, f\u00fcr Mobilger\u00e4te optimierten Anleitungen anbieten, die die Compliance der Patienten und das Vertrauen in Ihre Marke st\u00e4rken.<\/li>\n\n\n\n<li>Gew\u00e4hrleisten Sie die sichere Anwendung Ihrer Produkte und verbessern Sie die Therapietreue Ihrer Patienten, indem Sie detaillierte Anweisungen und Schritte f\u00fcr den Umgang mit unerw\u00fcnschten Reaktionen bereitstellen. <strong>Verringerung der Abh\u00e4ngigkeit von PDFs mit integriertem QR-Management<\/strong>.<\/li>\n\n\n\n<li><strong>Kosten reduzieren<\/strong> durch die Vereinheitlichung der Erstellung, Ver\u00f6ffentlichung und Verwaltung von Unterrichtsabl\u00e4ufen in einem einzigen effizienten Tool.<\/li>\n\n\n\n<li><strong>Besseres Management des internationalen Marktes<\/strong> durch die effiziente Verwaltung von \u00dcbersetzungen und Aktualisierungen auf einer einheitlichen Plattform, auf der Autoren, Vertreiber und Partner nahtlos zusammenarbeiten k\u00f6nnen.<\/li>\n<\/ul>\n\n\n\n<div style=\"height:2em\" aria-hidden=\"true\" class=\"wp-block-spacer\"><\/div>\n\n\n\n<div style=\"overflow:hidden; padding:0; position:relative; display:flex; justify-content:center; border-radius:8px; border:1px solid #00000015; width:100%; box-sizing:border-box; max-width:100%;\"><iframe style=\"min-height:400px; width:100%; aspect-ratio:16\/9;\" src=\"https:\/\/player.stepalong.com\/player\/en\/664c8a00fc058d0f55467bd0?view=swipe\" title=\"VEET HOW TO | Waxing Arme, Beine und schwierige Stellen\" frameborder=\"0\" allow=\"accelerometer; autoplay; encrypted-media; gyroscope; picture-in-picture\" loading=\"eager\" allowfullscreen=\"\"><\/iframe><\/div>\n\n\n\n<div style=\"height:2em\" aria-hidden=\"true\" class=\"wp-block-spacer\"><\/div>\n\n\n\n<div class=\"wp-block-buttons is-content-justification-right is-layout-flex wp-container-core-buttons-is-layout-d445cf74 wp-block-buttons-is-layout-flex\">\n<div class=\"wp-block-button is-style-outline is-style-outline--5\"><a class=\"wp-block-button__link has-custom-purple-color has-text-color has-link-color wp-element-button\" href=\"https:\/\/pharma.stepalong.com\/\" target=\"_blank\" rel=\"noreferrer noopener\">Weitere Beispiele aus der Pharmaindustrie<\/a><\/div>\n\n\n\n<div class=\"wp-block-button is-style-fill\"><a class=\"wp-block-button__link wp-element-button\" href=\"#demo\">Demo buchen<\/a><\/div>\n<\/div>\n<\/div>\n\n\n\n<div style=\"height:4em\" aria-hidden=\"true\" class=\"wp-block-spacer\"><\/div>\n\n\n\n<h2 class=\"wp-block-heading\" id=\"demo\">Demo buchen<\/h2>\n\n\n\n<p>Kontaktieren Sie das StepAlong-Team und erhalten Sie Antworten auf alle Ihre Fragen.<\/p>\n\n\n\n<div style=\"height:36px\" aria-hidden=\"true\" class=\"wp-block-spacer\"><\/div>\n\n\n\n<div class=\"wp-block-columns is-layout-flex wp-container-core-columns-is-layout-28f84493 wp-block-columns-is-layout-flex\">\n<div class=\"wp-block-column is-layout-flow wp-block-column-is-layout-flow\" style=\"flex-basis:25%\"><\/div>\n\n\n\n<div class=\"wp-block-column is-layout-flow wp-block-column-is-layout-flow\" style=\"flex-basis:50%\">\n<script>\n    (function(d, s, id) {\n      var js, hjs = d.getElementsByTagName(s)[0];\n      if (d.getElementById(id)) return;\n      js = d.createElement(s);\n      js.id = id;\n      js.src = \"\/\/js-eu1.hsforms.net\/forms\/embed\/v2.js\";\n      hjs.parentNode.insertBefore(js, hjs);\n    }(document, \"script\", \"hubspot-js\"));\n\n    \/\/ Despu\u00e9s de cargar el script, inicializar el formulario\n    function initializeHubSpotForm() {\n      hbspt.forms.create({\n        region: \"eu1\",\n        portalId: \"26183334\",\n        formId: \"d413d723-76b6-4401-8593-7b000dd5d187\"\n      });\n    }\n    \/\/ Llamar a la funci\u00f3n de inicializaci\u00f3n despu\u00e9s de cargar el DOM\n    document.addEventListener(\"DOMContentLoaded\", initializeHubSpotForm);\n  <\/script>\n<\/div>\n\n\n\n<div class=\"wp-block-column is-layout-flow wp-block-column-is-layout-flow\" style=\"flex-basis:25%\"><\/div>\n<\/div>\n\n\n\n<div style=\"height:4em\" aria-hidden=\"true\" class=\"wp-block-spacer\"><\/div>","protected":false},"excerpt":{"rendered":"<p>Mit StepAlong k\u00f6nnen Unternehmen detaillierte und benutzerfreundliche Produktanleitungen bereitstellen, die die Kundenzufriedenheit erh\u00f6hen, die Supportkosten senken und eine st\u00e4rkere Markentreue aufbauen. Nachfolgend einige Beispiele, wie StepAlong in den Branchen Kunsthandwerk, N\u00e4hen, Stricken und H\u00e4keln, Gartenarbeit, Kosmetik und Pharma funktioniert. Kunst &amp; Handwerk N\u00e4hen, Stricken und H\u00e4keln Gartenarbeit Kosmetik Pharma Eine Demo buchen [...]<\/p>","protected":false},"author":1,"featured_media":0,"parent":0,"menu_order":0,"comment_status":"closed","ping_status":"closed","template":"wp-custom-template-landing-page","meta":{"content-type":"","_uag_custom_page_level_css":"","footnotes":""},"class_list":["post-5013","page","type-page","status-publish","hentry"],"aioseo_notices":[],"mb":[],"uagb_featured_image_src":{"full":false,"thumbnail":false,"medium":false,"medium_large":false,"large":false,"1536x1536":false,"2048x2048":false,"trp-custom-language-flag":false},"uagb_author_info":{"display_name":"Sergi S\u00e1nchez Mancha","author_link":"https:\/\/www.stepalong.com\/de\/author\/sergiostepalong-com\/"},"uagb_comment_info":0,"uagb_excerpt":"With StepAlong, companies provide detailed and user-friendly product instructions that improve customer satisfaction, reduce support costs and build a stronger brand loyalty. Below some examples of how StepAlong works at Arts &amp; Crafts, Sewing, Knitting and Crochet, Gardening, Cosmetics and Pharma industries. Arts &amp; Crafts Sewing, Knitting, and Crochet Gardening Cosmetics Pharma Book a demo&hellip;","mfb_rest_fields":["title","aioseo_notices","uagb_featured_image_src","uagb_author_info","uagb_comment_info","uagb_excerpt"],"_links":{"self":[{"href":"https:\/\/www.stepalong.com\/de\/wp-json\/wp\/v2\/pages\/5013","targetHints":{"allow":["GET"]}}],"collection":[{"href":"https:\/\/www.stepalong.com\/de\/wp-json\/wp\/v2\/pages"}],"about":[{"href":"https:\/\/www.stepalong.com\/de\/wp-json\/wp\/v2\/types\/page"}],"author":[{"embeddable":true,"href":"https:\/\/www.stepalong.com\/de\/wp-json\/wp\/v2\/users\/1"}],"replies":[{"embeddable":true,"href":"https:\/\/www.stepalong.com\/de\/wp-json\/wp\/v2\/comments?post=5013"}],"version-history":[{"count":49,"href":"https:\/\/www.stepalong.com\/de\/wp-json\/wp\/v2\/pages\/5013\/revisions"}],"predecessor-version":[{"id":5090,"href":"https:\/\/www.stepalong.com\/de\/wp-json\/wp\/v2\/pages\/5013\/revisions\/5090"}],"wp:attachment":[{"href":"https:\/\/www.stepalong.com\/de\/wp-json\/wp\/v2\/media?parent=5013"}],"curies":[{"name":"wp","href":"https:\/\/api.w.org\/{rel}","templated":true}]}}