{"id":5,"date":"2018-09-12T06:15:32","date_gmt":"2018-09-12T06:15:32","guid":{"rendered":"https:\/\/sgwpdemo.com\/default\/?page_id=5"},"modified":"2024-08-22T19:23:28","modified_gmt":"2024-08-22T17:23:28","slug":"kontaktieren-sie-uns","status":"publish","type":"page","link":"https:\/\/www.stepalong.com\/de\/kontaktieren-sie-uns\/","title":{"rendered":"Kontakt"},"content":{"rendered":"<div class=\"wp-block-columns is-layout-flex wp-container-core-columns-is-layout-14cf5ab5 wp-block-columns-is-layout-flex\">\n<div class=\"wp-block-column is-layout-flow wp-block-column-is-layout-flow\" style=\"flex-basis:33.33%\">\n<p>Wir arbeiten daran, StepAlong zu einem einzigartigen Werkzeug f\u00fcr die Ersteller und Nutzer von Produkttutorials zu machen.<\/p>\n\n\n\n<p>M\u00f6chten Sie mehr \u00fcber das Projekt erfahren? Z\u00f6gern Sie nicht, uns zu schreiben!<\/p>\n<\/div>\n\n\n\n<div class=\"wp-block-column hsform feature is-layout-flow wp-block-column-is-layout-flow\" style=\"flex-basis:66.66%\">\n<script charset=\"utf-8\" type=\"text\/javascript\" src=\"\/\/js-eu1.hsforms.net\/forms\/embed\/v2.js\"><\/script>\n<script>\n  hbspt.forms.create({\n    region: \"eu1\",\n    portalId: \"26183334\",\n    formId: \"d413d723-76b6-4401-8593-7b000dd5d187\"\n  });\n<\/script>\n<\/div>\n<\/div>\n\n\n\n<div style=\"height:4em\" aria-hidden=\"true\" class=\"wp-block-spacer\"><\/div>","protected":false},"excerpt":{"rendered":"<p>Wir arbeiten daran, StepAlong zu einem einzigartigen Werkzeug f\u00fcr die Ersteller und Nutzer von Produkttutorials zu machen. M\u00f6chten Sie etwas mehr \u00fcber das Projekt erfahren? Z\u00f6gern Sie nicht, uns zu schreiben!<\/p>","protected":false},"author":1,"featured_media":0,"parent":0,"menu_order":0,"comment_status":"closed","ping_status":"closed","template":"wp-custom-template-landing-page","meta":{"content-type":"","_uag_custom_page_level_css":"","footnotes":""},"class_list":["post-5","page","type-page","status-publish","hentry"],"aioseo_notices":[],"mb":[],"uagb_featured_image_src":{"full":false,"thumbnail":false,"medium":false,"medium_large":false,"large":false,"1536x1536":false,"2048x2048":false,"trp-custom-language-flag":false},"uagb_author_info":{"display_name":"Sergi S\u00e1nchez Mancha","author_link":"https:\/\/www.stepalong.com\/de\/author\/sergiostepalong-com\/"},"uagb_comment_info":0,"uagb_excerpt":"We are working on making StepAlong a unique tool for product tutorials creators and users. Interested in knowing a little more about the project? Don&#8217;t hesitate to write to us!","mfb_rest_fields":["title","aioseo_notices","uagb_featured_image_src","uagb_author_info","uagb_comment_info","uagb_excerpt"],"_links":{"self":[{"href":"https:\/\/www.stepalong.com\/de\/wp-json\/wp\/v2\/pages\/5","targetHints":{"allow":["GET"]}}],"collection":[{"href":"https:\/\/www.stepalong.com\/de\/wp-json\/wp\/v2\/pages"}],"about":[{"href":"https:\/\/www.stepalong.com\/de\/wp-json\/wp\/v2\/types\/page"}],"author":[{"embeddable":true,"href":"https:\/\/www.stepalong.com\/de\/wp-json\/wp\/v2\/users\/1"}],"replies":[{"embeddable":true,"href":"https:\/\/www.stepalong.com\/de\/wp-json\/wp\/v2\/comments?post=5"}],"version-history":[{"count":10,"href":"https:\/\/www.stepalong.com\/de\/wp-json\/wp\/v2\/pages\/5\/revisions"}],"predecessor-version":[{"id":5424,"href":"https:\/\/www.stepalong.com\/de\/wp-json\/wp\/v2\/pages\/5\/revisions\/5424"}],"wp:attachment":[{"href":"https:\/\/www.stepalong.com\/de\/wp-json\/wp\/v2\/media?parent=5"}],"curies":[{"name":"wp","href":"https:\/\/api.w.org\/{rel}","templated":true}]}}