{"id":4388,"date":"2024-04-16T16:17:09","date_gmt":"2024-04-16T14:17:09","guid":{"rendered":"https:\/\/www.stepalong.com\/?page_id=4388"},"modified":"2025-08-27T20:35:56","modified_gmt":"2025-08-27T18:35:56","slug":"ai-product-instructions-ubersetzung","status":"publish","type":"page","link":"https:\/\/www.stepalong.com\/de\/ai-product-instructions-ubersetzung\/","title":{"rendered":"\u00dcbersetzung von AI-Produktanleitungen"},"content":{"rendered":"<h2 class=\"wp-block-heading has-text-align-center\">\u00dcbersetzen Sie Ihre Produktanleitungen mit unserem kontextsensitiven KI-\u00dcbersetzungstool<\/h2>\n\n\n\n<p class=\"has-text-align-center has-medium-font-size\">W\u00e4hlen Sie einfach die gew\u00fcnschte Sprache aus und dr\u00fccken Sie auf \"Los\".<\/p>\n\n\n\n<div class=\"wp-block-buttons is-content-justification-center is-layout-flex wp-container-core-buttons-is-layout-a89b3969 wp-block-buttons-is-layout-flex\">\n<div class=\"wp-block-button is-style-outline is-style-outline--1\"><a class=\"wp-block-button__link has-custom-purple-color has-raft-fg-alt-background-color has-text-color has-background has-link-color has-text-align-center wp-element-button\" href=\"https:\/\/www.stepalong.com\/de\/eine-demo-buchen\/\">Demo buchen<\/a><\/div>\n<\/div>\n\n\n\n<div style=\"height:var(--wp--preset--spacing--80)\" aria-hidden=\"true\" class=\"wp-block-spacer\"><\/div>\n\n\n\n<div class=\"wp-block-cover alignwide has-custom-content-position is-position-top-left has-raft-fg-alt-color has-text-color has-link-color wp-elements-24416d0558b4cfbbc29724e6d9011dd3 wp-duotone-dark-grayscale\" style=\"border-style:none;border-width:0px;border-radius:8px;padding-top:3em;padding-right:3em;padding-left:3em\"><img loading=\"lazy\" decoding=\"async\" width=\"1260\" height=\"709\" class=\"wp-block-cover__image-background wp-image-4398\" alt=\"ai-translations\" src=\"https:\/\/www.stepalong.com\/wp-content\/uploads\/2024\/04\/ai-translations.webp\" style=\"object-position:0% 0%\" data-object-fit=\"cover\" data-object-position=\"0% 0%\" srcset=\"https:\/\/www.stepalong.com\/wp-content\/uploads\/2024\/04\/ai-translations.webp 1260w, https:\/\/www.stepalong.com\/wp-content\/uploads\/2024\/04\/ai-translations-300x169.webp 300w, https:\/\/www.stepalong.com\/wp-content\/uploads\/2024\/04\/ai-translations-1024x576.webp 1024w, https:\/\/www.stepalong.com\/wp-content\/uploads\/2024\/04\/ai-translations-768x432.webp 768w, https:\/\/www.stepalong.com\/wp-content\/uploads\/2024\/04\/ai-translations-18x10.webp 18w, https:\/\/www.stepalong.com\/wp-content\/uploads\/2024\/04\/ai-translations-150x84.webp 150w\" sizes=\"auto, (max-width: 1260px) 100vw, 1260px\" \/><span aria-hidden=\"true\" class=\"wp-block-cover__background has-custom-purple-background-color has-background-dim-80 has-background-dim\"><\/span><div class=\"wp-block-cover__inner-container is-layout-constrained wp-container-core-cover-is-layout-2b0e8a23 wp-block-cover-is-layout-constrained\">\n<h2 class=\"wp-block-heading has-text-align-left\">Bessere \u00dcbersetzungen durch KI<\/h2>\n\n\n\n<div class=\"wp-block-columns is-layout-flex wp-container-core-columns-is-layout-28f84493 wp-block-columns-is-layout-flex\">\n<div class=\"wp-block-column is-layout-flow wp-block-column-is-layout-flow\" style=\"flex-basis:50%\">\n<p class=\"translation-block\"><strong>KI-\u00dcbersetzungen k\u00f6nnen den Kontext des zu \u00fcbersetzenden Textes verstehen, um ein nat\u00fcrlicheres und genaueres Ergebnis zu erzielen<\/strong>, so dass die \u00dcbersetzer weniger Zeit f\u00fcr Korrekturen und Korrekturlesen ben\u00f6tigen.<\/p>\n<\/div>\n\n\n\n<div class=\"wp-block-column is-layout-flow wp-block-column-is-layout-flow\" style=\"flex-basis:33.33%\"><\/div>\n<\/div>\n<\/div><\/div>\n\n\n\n<div style=\"height:var(--wp--preset--spacing--80)\" aria-hidden=\"true\" class=\"wp-block-spacer\"><\/div>\n\n\n\n<div class=\"wp-block-media-text is-stacked-on-mobile shadow\" style=\"grid-template-columns:60% auto\"><figure class=\"wp-block-media-text__media\"><img loading=\"lazy\" decoding=\"async\" width=\"1024\" height=\"611\" src=\"https:\/\/www.stepalong.com\/wp-content\/uploads\/2024\/04\/specific-terminology-1024x611.png\" alt=\"Fachterminologie\" class=\"wp-image-4417 size-full\" srcset=\"https:\/\/www.stepalong.com\/wp-content\/uploads\/2024\/04\/specific-terminology-1024x611.png 1024w, https:\/\/www.stepalong.com\/wp-content\/uploads\/2024\/04\/specific-terminology-300x179.png 300w, https:\/\/www.stepalong.com\/wp-content\/uploads\/2024\/04\/specific-terminology-768x458.png 768w, https:\/\/www.stepalong.com\/wp-content\/uploads\/2024\/04\/specific-terminology-18x12.png 18w, https:\/\/www.stepalong.com\/wp-content\/uploads\/2024\/04\/specific-terminology-150x89.png 150w, https:\/\/www.stepalong.com\/wp-content\/uploads\/2024\/04\/specific-terminology.png 1536w\" sizes=\"auto, (max-width: 1024px) 100vw, 1024px\" \/><\/figure><div class=\"wp-block-media-text__content\">\n<h2 class=\"wp-block-heading\">Eingestellt f\u00fcr Produktanleitungen und Tutorials<\/h2>\n\n\n\n<p>Die \u00dcbersetzung-Eingabeaufforderungen sind auf Anleitungen und Produkte-Tutorials abgestimmt, um die Sprache und Terminologie so spezifisch wie m\u00f6glich zu machen.<\/p>\n<\/div><\/div>\n\n\n\n<div style=\"height:var(--wp--preset--spacing--80)\" aria-hidden=\"true\" class=\"wp-block-spacer\"><\/div>\n\n\n\n<div class=\"wp-block-media-text has-media-on-the-right is-stacked-on-mobile shadow\" style=\"grid-template-columns:auto 60%\"><div class=\"wp-block-media-text__content\">\n<h2 class=\"wp-block-heading\">Schnelles und einfaches Interface zum \u00dcbersetzen von allem<\/h2>\n\n\n\n<p>Ihr \u00dcbersetzungsprozess auf einer Seite: \u00dcbersetzen &gt; Korrekturlesen &amp; Bearbeiten &gt; Ver\u00f6ffentlichen, in wenigen Minuten.<\/p>\n\n\n\n<p>Einf\u00fchrungstexte, Werkzeuge, Materialien und Schritte sind alle in der One-Click-\u00dcbersetzung enthalten, w\u00e4hrend das urspr\u00fcngliche Format beibehalten wird.<\/p>\n<\/div><figure class=\"wp-block-media-text__media\"><img loading=\"lazy\" decoding=\"async\" width=\"1024\" height=\"774\" src=\"https:\/\/www.stepalong.com\/wp-content\/uploads\/2024\/04\/translations-interface-1024x774.webp\" alt=\"\u00fcbersetzungen-schnittstelle\" class=\"wp-image-4420 size-full\" srcset=\"https:\/\/www.stepalong.com\/wp-content\/uploads\/2024\/04\/translations-interface-1024x774.webp 1024w, https:\/\/www.stepalong.com\/wp-content\/uploads\/2024\/04\/translations-interface-300x227.webp 300w, https:\/\/www.stepalong.com\/wp-content\/uploads\/2024\/04\/translations-interface-768x580.webp 768w, https:\/\/www.stepalong.com\/wp-content\/uploads\/2024\/04\/translations-interface-16x12.webp 16w, https:\/\/www.stepalong.com\/wp-content\/uploads\/2024\/04\/translations-interface-150x113.webp 150w, https:\/\/www.stepalong.com\/wp-content\/uploads\/2024\/04\/translations-interface.webp 1350w\" sizes=\"auto, (max-width: 1024px) 100vw, 1024px\" \/><\/figure><\/div>\n\n\n\n<div style=\"height:var(--wp--preset--spacing--80)\" aria-hidden=\"true\" class=\"wp-block-spacer\"><\/div>\n\n\n\n<div class=\"wp-block-media-text is-stacked-on-mobile shadow\" style=\"grid-template-columns:60% auto\"><figure class=\"wp-block-media-text__media\"><img loading=\"lazy\" decoding=\"async\" width=\"1024\" height=\"709\" src=\"https:\/\/www.stepalong.com\/wp-content\/uploads\/2024\/04\/url-slugs-translations-1024x709.webp\" alt=\"URL Slugs \u00dcbersetzungen\" class=\"wp-image-4414 size-full\" srcset=\"https:\/\/www.stepalong.com\/wp-content\/uploads\/2024\/04\/url-slugs-translations-1024x709.webp 1024w, https:\/\/www.stepalong.com\/wp-content\/uploads\/2024\/04\/url-slugs-translations-300x208.webp 300w, https:\/\/www.stepalong.com\/wp-content\/uploads\/2024\/04\/url-slugs-translations-768x532.webp 768w, https:\/\/www.stepalong.com\/wp-content\/uploads\/2024\/04\/url-slugs-translations-18x12.webp 18w, https:\/\/www.stepalong.com\/wp-content\/uploads\/2024\/04\/url-slugs-translations-150x104.webp 150w, https:\/\/www.stepalong.com\/wp-content\/uploads\/2024\/04\/url-slugs-translations.webp 1178w\" sizes=\"auto, (max-width: 1024px) 100vw, 1024px\" \/><\/figure><div class=\"wp-block-media-text__content\">\n<h2 class=\"wp-block-heading\">Benutzerdefinierte URL-Slugs pro Sprache<\/h2>\n\n\n\n<p>Ihr SEO wird durch URL-Slugs abgedeckt, die f\u00fcr jede Sprache \u00fcbersetzt werden und nach Bedarf angepasst werden k\u00f6nnen.<\/p>\n<\/div><\/div>\n\n\n\n<div style=\"height:var(--wp--preset--spacing--80)\" aria-hidden=\"true\" class=\"wp-block-spacer\"><\/div>\n\n\n\n<div class=\"wp-block-cover alignwide has-custom-content-position is-position-top-left has-raft-fg-alt-color has-text-color has-link-color wp-elements-6560fc23e7066e17144be6fab55e7c17 wp-duotone-dark-grayscale\" style=\"border-style:none;border-width:0px;border-radius:8px;padding-top:3em;padding-right:3em;padding-left:3em\"><img loading=\"lazy\" decoding=\"async\" width=\"1260\" height=\"709\" class=\"wp-block-cover__image-background wp-image-4406\" alt=\"Wachsende Sprachen\" src=\"https:\/\/www.stepalong.com\/wp-content\/uploads\/2024\/04\/growing-languages.webp\" style=\"object-position:50% 50%\" data-object-fit=\"cover\" data-object-position=\"50% 50%\" srcset=\"https:\/\/www.stepalong.com\/wp-content\/uploads\/2024\/04\/growing-languages.webp 1260w, https:\/\/www.stepalong.com\/wp-content\/uploads\/2024\/04\/growing-languages-300x169.webp 300w, https:\/\/www.stepalong.com\/wp-content\/uploads\/2024\/04\/growing-languages-1024x576.webp 1024w, https:\/\/www.stepalong.com\/wp-content\/uploads\/2024\/04\/growing-languages-768x432.webp 768w, https:\/\/www.stepalong.com\/wp-content\/uploads\/2024\/04\/growing-languages-18x10.webp 18w, https:\/\/www.stepalong.com\/wp-content\/uploads\/2024\/04\/growing-languages-150x84.webp 150w\" sizes=\"auto, (max-width: 1260px) 100vw, 1260px\" \/><span aria-hidden=\"true\" class=\"wp-block-cover__background has-custom-purple-background-color has-background-dim-80 has-background-dim\"><\/span><div class=\"wp-block-cover__inner-container is-layout-constrained wp-container-core-cover-is-layout-2b0e8a23 wp-block-cover-is-layout-constrained\">\n<h2 class=\"wp-block-heading has-text-align-left\">30 Sprachen und mehr<\/h2>\n\n\n\n<div class=\"wp-block-columns is-layout-flex wp-container-core-columns-is-layout-28f84493 wp-block-columns-is-layout-flex\">\n<div class=\"wp-block-column is-layout-flow wp-block-column-is-layout-flow\" style=\"flex-basis:66.66%\">\n<p>Mit StepAlong k\u00f6nnen Sie Ihre Produktanleitungen und Tutorials in 30 Sprachen erstellen und in alle anderen Sprachen \u00fcbersetzen, und wir werden weitere Sprachen hinzuf\u00fcgen. Ben\u00f6tigen Sie eine Sprache, die nicht auf unserer Liste steht? Lassen Sie es uns wissen und wir f\u00fcgen sie gerne hinzu.<\/p>\n\n\n\n<p>Erstellen und \u00fcbersetzen in:<\/p>\n\n\n\n<p><strong>Englisch, Spanisch, Franz\u00f6sisch, Deutsch, Portugiesisch, Griechisch, Italienisch, Niederl\u00e4ndisch, Polnisch, Schwedisch, D\u00e4nisch, Finnisch, Ungarisch, Slowenisch, Bulgarisch, Kroatisch, Tschechisch, Estnisch, Lettisch, Litauisch, Rum\u00e4nisch, Slowakisch, Norwegisch, Serbisch, Galizisch, Euskera, Katalanisch, Japanisch, Koreanisch und Arabisch.<\/strong><\/p>\n\n\n\n<p><\/p>\n<\/div>\n\n\n\n<div class=\"wp-block-column is-layout-flow wp-block-column-is-layout-flow\" style=\"flex-basis:33.33%\"><\/div>\n<\/div>\n<\/div><\/div>\n\n\n\n<div style=\"height:var(--wp--preset--spacing--80)\" aria-hidden=\"true\" class=\"wp-block-spacer\"><\/div>\n\n\n\n<div class=\"wp-block-columns is-layout-flex wp-container-core-columns-is-layout-14cf5ab5 wp-block-columns-is-layout-flex\">\n<div class=\"wp-block-column is-layout-flow wp-block-column-is-layout-flow\">\n<div class=\"wp-block-group feature is-layout-constrained wp-block-group-is-layout-constrained\">\n<div class=\"wp-block-columns is-layout-flex wp-container-core-columns-is-layout-cbe57604 wp-block-columns-is-layout-flex\">\n<div class=\"wp-block-column is-layout-flow wp-block-column-is-layout-flow\">\n<figure class=\"wp-block-image size-large rounded\"><img loading=\"lazy\" decoding=\"async\" width=\"1024\" height=\"1024\" src=\"https:\/\/www.stepalong.com\/wp-content\/uploads\/2025\/08\/stepalong-roi-calculator-1024x1024.webp\" alt=\"StepAlong ROI-Rechner\" class=\"wp-image-8026\" srcset=\"https:\/\/www.stepalong.com\/wp-content\/uploads\/2025\/08\/stepalong-roi-calculator-1024x1024.webp 1024w, https:\/\/www.stepalong.com\/wp-content\/uploads\/2025\/08\/stepalong-roi-calculator-300x300.webp 300w, https:\/\/www.stepalong.com\/wp-content\/uploads\/2025\/08\/stepalong-roi-calculator-150x150.webp 150w, https:\/\/www.stepalong.com\/wp-content\/uploads\/2025\/08\/stepalong-roi-calculator-768x768.webp 768w, https:\/\/www.stepalong.com\/wp-content\/uploads\/2025\/08\/stepalong-roi-calculator-12x12.webp 12w, https:\/\/www.stepalong.com\/wp-content\/uploads\/2025\/08\/stepalong-roi-calculator.webp 1420w\" sizes=\"auto, (max-width: 1024px) 100vw, 1024px\" \/><\/figure>\n<\/div>\n\n\n\n<div class=\"wp-block-column is-layout-flow wp-block-column-is-layout-flow\">\n<h3 class=\"wp-block-heading\">Berechnen Sie Ihr Einsparungspotenzial<\/h3>\n\n\n\n<p>Entdecken Sie, wie viel Ihr Unternehmen durch den Umstieg auf die KI-gest\u00fctzte digitale Unterrichtsplattform von StepAlong sparen kann.<\/p>\n\n\n\n<div style=\"height:0px\" aria-hidden=\"true\" class=\"wp-block-spacer\"><\/div>\n<\/div>\n<\/div>\n\n\n\n<div style=\"height:1em\" aria-hidden=\"true\" class=\"wp-block-spacer\"><\/div>\n\n\n\n<div class=\"wp-block-buttons is-content-justification-center is-layout-flex wp-container-core-buttons-is-layout-a89b3969 wp-block-buttons-is-layout-flex\">\n<div class=\"wp-block-button is-style-outline is-style-outline--2\"><a class=\"wp-block-button__link has-custom-purple-color has-text-color has-link-color has-border-color has-custom-purple-border-color wp-element-button\" href=\"https:\/\/www.stepalong.com\/de\/rendite-rechner\/\">Berechnen Sie Ihre Ersparnisse<\/a><\/div>\n<\/div>\n<\/div>\n<\/div>\n\n\n\n<div class=\"wp-block-column is-vertically-aligned-center is-layout-flow wp-block-column-is-layout-flow\">\n<p>Bei StepAlong haben wir uns darauf konzentriert, was Kunden f\u00fcr eine gute Produktanleitung brauchen:<\/p>\n\n\n\n<ul class=\"wp-block-list\">\n<li><strong>Mobile-first<\/strong><br>Keine App-Downloads erforderlich, einfach \u00f6ffnen und folgen<\/li>\n\n\n\n<li><strong>Gef\u00fchrte Schritte<\/strong><br>Eine logische, schrittweise Struktur f\u00fcr mehr Klarheit<\/li>\n\n\n\n<li><strong>Flexible Formate<\/strong><br>PDFs zum Herunterladen f\u00fcr diejenigen, die sie bevorzugen<\/li>\n\n\n\n<li><strong>Einfache Entdeckung<\/strong><br>Erreichbar \u00fcber Google, ChatGPT und andere Suchmaschinen<\/li>\n\n\n\n<li><strong>Lokalisierte Inhalte<\/strong><br>Anweisungen in der Sprache Ihrer Kunden<\/li>\n<\/ul>\n\n\n\n<div style=\"height:1em\" aria-hidden=\"true\" class=\"wp-block-spacer\"><\/div>\n\n\n\n<div class=\"wp-block-buttons is-content-justification-center is-layout-flex wp-container-core-buttons-is-layout-a89b3969 wp-block-buttons-is-layout-flex\">\n<div class=\"wp-block-button is-style-fill\"><a class=\"wp-block-button__link has-raft-fg-alt-color has-custom-purple-background-color has-text-color has-background has-link-color has-text-align-center wp-element-button\" href=\"https:\/\/www.stepalong.com\/de\/eine-demo-buchen\/\">Demo buchen<\/a><\/div>\n<\/div>\n<\/div>\n<\/div>","protected":false},"excerpt":{"rendered":"<p>\u00dcbersetzen Sie Ihre Produktanleitungen mit unserem kontextsensitiven KI-\u00dcbersetzungstool W\u00e4hlen Sie einfach die gew\u00fcnschte Sprache aus und dr\u00fccken Sie auf \"Los\". Abgestimmt auf Produktanleitungen und Tutorials Die \u00dcbersetzungsaufforderungen sind auf Anleitungen und Produkttutorials abgestimmt, um die Sprache und Terminologie so spezifisch wie m\u00f6glich zu gestalten. Schnelle &amp; einfache Schnittstelle, um alles zu \u00fcbersetzen Ihre \u00dcbersetzung [...]<\/p>","protected":false},"author":1,"featured_media":0,"parent":0,"menu_order":0,"comment_status":"closed","ping_status":"closed","template":"wp-custom-template-landing-page-b","meta":{"content-type":"","_uag_custom_page_level_css":"","footnotes":""},"class_list":["post-4388","page","type-page","status-publish","hentry"],"aioseo_notices":[],"mb":[],"uagb_featured_image_src":{"full":false,"thumbnail":false,"medium":false,"medium_large":false,"large":false,"1536x1536":false,"2048x2048":false,"trp-custom-language-flag":false},"uagb_author_info":{"display_name":"Sergi S\u00e1nchez Mancha","author_link":"https:\/\/www.stepalong.com\/de\/author\/sergiostepalong-com\/"},"uagb_comment_info":0,"uagb_excerpt":"Translate your product instructions with our context sensitive AI translation tool Just select the language you want and press go Tuned for product instructions and tutorials The translation prompts are tuned for instructions and product tutorials to make the language and terminology as specific as possible. Quick &amp; easy interface to translate everything Your translation&hellip;","mfb_rest_fields":["title","aioseo_notices","uagb_featured_image_src","uagb_author_info","uagb_comment_info","uagb_excerpt"],"_links":{"self":[{"href":"https:\/\/www.stepalong.com\/de\/wp-json\/wp\/v2\/pages\/4388","targetHints":{"allow":["GET"]}}],"collection":[{"href":"https:\/\/www.stepalong.com\/de\/wp-json\/wp\/v2\/pages"}],"about":[{"href":"https:\/\/www.stepalong.com\/de\/wp-json\/wp\/v2\/types\/page"}],"author":[{"embeddable":true,"href":"https:\/\/www.stepalong.com\/de\/wp-json\/wp\/v2\/users\/1"}],"replies":[{"embeddable":true,"href":"https:\/\/www.stepalong.com\/de\/wp-json\/wp\/v2\/comments?post=4388"}],"version-history":[{"count":23,"href":"https:\/\/www.stepalong.com\/de\/wp-json\/wp\/v2\/pages\/4388\/revisions"}],"predecessor-version":[{"id":8004,"href":"https:\/\/www.stepalong.com\/de\/wp-json\/wp\/v2\/pages\/4388\/revisions\/8004"}],"wp:attachment":[{"href":"https:\/\/www.stepalong.com\/de\/wp-json\/wp\/v2\/media?parent=4388"}],"curies":[{"name":"wp","href":"https:\/\/api.w.org\/{rel}","templated":true}]}}