{"id":4175,"date":"2024-02-21T19:10:18","date_gmt":"2024-02-21T18:10:18","guid":{"rendered":"https:\/\/www.stepalong.com\/?page_id=4175"},"modified":"2025-08-27T20:28:12","modified_gmt":"2025-08-27T18:28:12","slug":"ai-youtube-zu-produkt-tutorial-konverter","status":"publish","type":"page","link":"https:\/\/www.stepalong.com\/de\/ai-youtube-zu-produkt-tutorial-konverter\/","title":{"rendered":"AI YouTube zu Produkt-Tutorial Konverter"},"content":{"rendered":"<h2 class=\"wp-block-heading has-text-align-center\">Verwandeln Sie Ihre YouTube-Produktvideos in strukturierte Schritt-f\u00fcr-Schritt-Produktanleitungen mit AI &amp; StepAlong<\/h2>\n\n\n\n<p class=\"has-text-align-center has-medium-font-size\">F\u00fcgen Sie die URL Ihres YouTube-Videos hinzu und StepAlong erledigt den Rest<\/p>\n\n\n\n<div class=\"wp-block-buttons is-content-justification-center is-layout-flex wp-container-core-buttons-is-layout-a89b3969 wp-block-buttons-is-layout-flex\">\n<div class=\"wp-block-button is-style-outline is-style-outline--1\"><a class=\"wp-block-button__link has-custom-purple-color has-raft-fg-alt-background-color has-text-color has-background has-link-color has-text-align-center wp-element-button\" href=\"https:\/\/www.stepalong.com\/de\/eine-demo-buchen\/\">Demo buchen<\/a><\/div>\n<\/div>\n\n\n\n<div style=\"height:var(--wp--preset--spacing--80)\" aria-hidden=\"true\" class=\"wp-block-spacer\"><\/div>\n\n\n\n<div class=\"wp-block-media-text is-stacked-on-mobile shadow\"><figure class=\"wp-block-media-text__media\"><img loading=\"lazy\" decoding=\"async\" width=\"1022\" height=\"681\" src=\"https:\/\/www.stepalong.com\/wp-content\/uploads\/2024\/02\/arts-and-craft-YouTube-StepAlong.jpg\" alt=\"Kunst und Handwerk YouTube StepAlong\" class=\"wp-image-4191 size-full\" srcset=\"https:\/\/www.stepalong.com\/wp-content\/uploads\/2024\/02\/arts-and-craft-YouTube-StepAlong.jpg 1022w, https:\/\/www.stepalong.com\/wp-content\/uploads\/2024\/02\/arts-and-craft-YouTube-StepAlong-300x200.jpg 300w, https:\/\/www.stepalong.com\/wp-content\/uploads\/2024\/02\/arts-and-craft-YouTube-StepAlong-768x512.jpg 768w, https:\/\/www.stepalong.com\/wp-content\/uploads\/2024\/02\/arts-and-craft-YouTube-StepAlong-18x12.jpg 18w\" sizes=\"auto, (max-width: 1022px) 100vw, 1022px\" \/><\/figure><div class=\"wp-block-media-text__content\">\n<h2 class=\"wp-block-heading\">Schaffen Sie ein besseres Kundenerlebnis mit Ihren YouTube-Assets<\/h2>\n\n\n\n<p>YouTube ist gro\u00dfartig f\u00fcr das Marketing, aber es ist nicht die beste Plattform f\u00fcr Produktanleitungen und Tutorials. <\/p>\n\n\n\n<p class=\"translation-block\">Mit dem KI-gesteuerten YouTube zu StepAlong Konverter k\u00f6nnen Sie <strong>einfache Schritt-f\u00fcr-Schritt-Anleitungen aus Ihren YouTube-Videos erstellen<\/strong>.<\/p>\n<\/div><\/div>\n\n\n\n<div style=\"height:var(--wp--preset--spacing--80)\" aria-hidden=\"true\" class=\"wp-block-spacer\"><\/div>\n\n\n\n<div class=\"wp-block-group feature is-layout-constrained wp-block-group-is-layout-constrained\">\n<h2 class=\"wp-block-heading\">Kein Herumstochern mehr im Video, wie anhalten, neu starten oder zur\u00fcckzugehen<\/h2>\n\n\n\n<p class=\"translation-block\">Das KI-gest\u00fctzte YouTube-zu-StepAlong konvertiert Ihre Produkte-Tutorials, Anleitungen oder Produkt-Anweisungen in ein StepAlong, dem Ihr Kunde in seinem eigenen Tempo folgen kann und selbst w\u00e4hlt, wann er zum n\u00e4chsten Schritt \u00fcbergehen oder einfach nochmals zur\u00fcckgehen m\u00f6chte.<\/p>\n\n\n\n<div style=\"height:2em\" aria-hidden=\"true\" class=\"wp-block-spacer\"><\/div>\n\n\n\n<div style=\"overflow:hidden; padding:0; position:relative; display:flex; justify-content:center; border-radius:8px; border:1px solid #00000015; width:100%; box-sizing:border-box; max-width:100%;\"><iframe style=\"min-height:400px; width:100%; aspect-ratio:16\/9;\" src=\"https:\/\/player.stepalong.com\/player\/en\/65d470780070c72a1629f24b?view=swipe\" title=\"Zusammenbau von Brilliant Carmen Bicycle\" frameborder=\"0\" allow=\"accelerometer; autoplay; encrypted-media; gyroscope; picture-in-picture\" loading=\"eager\" allowfullscreen=\"\"><\/iframe><\/div>\n<\/div>\n\n\n\n<div style=\"height:var(--wp--preset--spacing--80)\" aria-hidden=\"true\" class=\"wp-block-spacer\"><\/div>\n\n\n\n<div class=\"wp-block-cover alignwide\" style=\"border-style:none;border-width:0px;border-radius:8px;padding-right:3em;padding-left:3em\"><img loading=\"lazy\" decoding=\"async\" width=\"2560\" height=\"1707\" class=\"wp-block-cover__image-background wp-image-4177\" alt=\"youtube-Hintergrund\" src=\"https:\/\/www.stepalong.com\/wp-content\/uploads\/2024\/02\/youtube-background-scaled.jpeg\" style=\"object-position:0% 0%\" data-object-fit=\"cover\" data-object-position=\"0% 0%\" srcset=\"https:\/\/www.stepalong.com\/wp-content\/uploads\/2024\/02\/youtube-background-scaled.jpeg 2560w, https:\/\/www.stepalong.com\/wp-content\/uploads\/2024\/02\/youtube-background-300x200.jpeg 300w, https:\/\/www.stepalong.com\/wp-content\/uploads\/2024\/02\/youtube-background-1024x683.jpeg 1024w, https:\/\/www.stepalong.com\/wp-content\/uploads\/2024\/02\/youtube-background-768x512.jpeg 768w, https:\/\/www.stepalong.com\/wp-content\/uploads\/2024\/02\/youtube-background-1536x1024.jpeg 1536w, https:\/\/www.stepalong.com\/wp-content\/uploads\/2024\/02\/youtube-background-2048x1365.jpeg 2048w, https:\/\/www.stepalong.com\/wp-content\/uploads\/2024\/02\/youtube-background-18x12.jpeg 18w\" sizes=\"auto, (max-width: 2560px) 100vw, 2560px\" \/><span aria-hidden=\"true\" class=\"wp-block-cover__background has-background-dim-60 has-background-dim\"><\/span><div class=\"wp-block-cover__inner-container is-layout-constrained wp-container-core-cover-is-layout-729e5ae5 wp-block-cover-is-layout-constrained\">\n<h2 class=\"wp-block-heading has-text-align-left\">Vorteile der Umwandlung Ihrer YouTube-Produkt-Tutorials in StepAlongs<\/h2>\n\n\n\n<div class=\"wp-block-columns is-layout-flex wp-container-core-columns-is-layout-28f84493 wp-block-columns-is-layout-flex\">\n<div class=\"wp-block-column is-layout-flow wp-block-column-is-layout-flow\" style=\"flex-basis:50%\">\n<ul class=\"wp-block-list\">\n<li>Besseres Format f\u00fcr Ihre Kunden zum Nachvollziehen und Ausf\u00fchren.<\/li>\n\n\n\n<li>Ver\u00f6ffentlichen Sie auf Ihrer Website und erhalten Sie besseres, gezielteres Feedback zu Ihren Anleitungen und Tutorials.<\/li>\n\n\n\n<li>Maximieren Sie Ihre YouTube-Investitionen und behalten Sie gleichzeitig die Kontrolle \u00fcber die Bildschirm-Umgebung (keine Anzeige von Videos von Konkurrenten oder unpassenden Inhalten).<\/li>\n<\/ul>\n<\/div>\n\n\n\n<div class=\"wp-block-column is-layout-flow wp-block-column-is-layout-flow\" style=\"flex-basis:50%\">\n<ul class=\"wp-block-list\">\n<li>Leichtere \u00dcbersetzung und Verwaltung von Anweisungen.<\/li>\n\n\n\n<li>F\u00fcgen Sie Links zu Ihren Produkten in der Liste der Materialien, Werkzeuge oder jedem Schritt hinzu (keine versteckten Links mehr in der YouTube-Beschreibung).<\/li>\n\n\n\n<li> YouTube wird f\u00fcr Videos, die auf anderen Websites eingebunden sind, besser bewertet.<\/li>\n<\/ul>\n<\/div>\n<\/div>\n<\/div><\/div>\n\n\n\n<div style=\"height:var(--wp--preset--spacing--80)\" aria-hidden=\"true\" class=\"wp-block-spacer\"><\/div>\n\n\n\n<div class=\"wp-block-media-text has-media-on-the-right is-stacked-on-mobile shadow\"><div class=\"wp-block-media-text__content\">\n<h2 class=\"wp-block-heading\">StepAlong respektiert Ihre Arbeit und Ihr Urheberrecht<\/h2>\n\n\n\n<p class=\"translation-block\">Nur <strong>Sie <\/strong>k\u00f6nnen StepAlongs von <strong>Ihren<\/strong> YouTube-Videos ver\u00f6ffentlichen. Um deine Marke zu sch\u00fctzen und sicherzustellen, dass andere nicht von deiner Arbeit profitieren k\u00f6nnen, musst du dich mit deinem YouTube-Konto authentifizieren, um die StepAlongs deiner YouTube-Videos zu ver\u00f6ffentlichen.<\/p>\n<\/div><figure class=\"wp-block-media-text__media\"><img loading=\"lazy\" decoding=\"async\" width=\"1022\" height=\"681\" src=\"https:\/\/www.stepalong.com\/wp-content\/uploads\/2024\/02\/Connect-YouTube-account.jpg\" alt=\"YouTube-Konto verbinden\" class=\"wp-image-4187 size-full\" srcset=\"https:\/\/www.stepalong.com\/wp-content\/uploads\/2024\/02\/Connect-YouTube-account.jpg 1022w, https:\/\/www.stepalong.com\/wp-content\/uploads\/2024\/02\/Connect-YouTube-account-300x200.jpg 300w, https:\/\/www.stepalong.com\/wp-content\/uploads\/2024\/02\/Connect-YouTube-account-768x512.jpg 768w, https:\/\/www.stepalong.com\/wp-content\/uploads\/2024\/02\/Connect-YouTube-account-18x12.jpg 18w\" sizes=\"auto, (max-width: 1022px) 100vw, 1022px\" \/><\/figure><\/div>\n\n\n\n<div style=\"height:var(--wp--preset--spacing--80)\" aria-hidden=\"true\" class=\"wp-block-spacer\"><\/div>\n\n\n\n<h3 class=\"wp-block-heading\">Anforderungen<\/h3>\n\n\n\n<p>Das YouTube-Video muss ein Transkript enthalten und weniger als 20 Minuten lang sein (l\u00e4ngere Videos werden demn\u00e4chst konvertiert!).<\/p>\n\n\n\n<p>Wenn Ihre YouTube-Videos diese Anforderungen nicht erf\u00fcllen, k\u00f6nnen Sie Ihren StepAlong immer noch manuell mit Ihrem YouTube-Video erstellen, mit unserem einfachen und schnellen StepAlong-Builder.<\/p>\n\n\n\n<div style=\"height:var(--wp--preset--spacing--80)\" aria-hidden=\"true\" class=\"wp-block-spacer\"><\/div>\n\n\n\n<div class=\"wp-block-columns is-layout-flex wp-container-core-columns-is-layout-14cf5ab5 wp-block-columns-is-layout-flex\">\n<div class=\"wp-block-column is-layout-flow wp-block-column-is-layout-flow\">\n<div class=\"wp-block-group feature is-layout-constrained wp-block-group-is-layout-constrained\">\n<div class=\"wp-block-columns is-layout-flex wp-container-core-columns-is-layout-cbe57604 wp-block-columns-is-layout-flex\">\n<div class=\"wp-block-column is-layout-flow wp-block-column-is-layout-flow\">\n<figure class=\"wp-block-image size-large rounded\"><img loading=\"lazy\" decoding=\"async\" width=\"1024\" height=\"1024\" src=\"https:\/\/www.stepalong.com\/wp-content\/uploads\/2025\/08\/stepalong-roi-calculator-1024x1024.webp\" alt=\"StepAlong ROI-Rechner\" class=\"wp-image-8026\" srcset=\"https:\/\/www.stepalong.com\/wp-content\/uploads\/2025\/08\/stepalong-roi-calculator-1024x1024.webp 1024w, https:\/\/www.stepalong.com\/wp-content\/uploads\/2025\/08\/stepalong-roi-calculator-300x300.webp 300w, https:\/\/www.stepalong.com\/wp-content\/uploads\/2025\/08\/stepalong-roi-calculator-150x150.webp 150w, https:\/\/www.stepalong.com\/wp-content\/uploads\/2025\/08\/stepalong-roi-calculator-768x768.webp 768w, https:\/\/www.stepalong.com\/wp-content\/uploads\/2025\/08\/stepalong-roi-calculator-12x12.webp 12w, https:\/\/www.stepalong.com\/wp-content\/uploads\/2025\/08\/stepalong-roi-calculator.webp 1420w\" sizes=\"auto, (max-width: 1024px) 100vw, 1024px\" \/><\/figure>\n<\/div>\n\n\n\n<div class=\"wp-block-column is-layout-flow wp-block-column-is-layout-flow\">\n<h3 class=\"wp-block-heading\">Berechnen Sie Ihr Einsparungspotenzial<\/h3>\n\n\n\n<p>Entdecken Sie, wie viel Ihr Unternehmen durch den Umstieg auf die KI-gest\u00fctzte digitale Unterrichtsplattform von StepAlong sparen kann.<\/p>\n\n\n\n<div style=\"height:0px\" aria-hidden=\"true\" class=\"wp-block-spacer\"><\/div>\n<\/div>\n<\/div>\n\n\n\n<div style=\"height:1em\" aria-hidden=\"true\" class=\"wp-block-spacer\"><\/div>\n\n\n\n<div class=\"wp-block-buttons is-content-justification-center is-layout-flex wp-container-core-buttons-is-layout-a89b3969 wp-block-buttons-is-layout-flex\">\n<div class=\"wp-block-button is-style-outline is-style-outline--2\"><a class=\"wp-block-button__link has-custom-purple-color has-text-color has-link-color has-border-color has-custom-purple-border-color wp-element-button\" href=\"https:\/\/www.stepalong.com\/de\/rendite-rechner\/\">Berechnen Sie Ihre Ersparnisse<\/a><\/div>\n<\/div>\n<\/div>\n<\/div>\n\n\n\n<div class=\"wp-block-column is-vertically-aligned-center is-layout-flow wp-block-column-is-layout-flow\">\n<p>Bei StepAlong haben wir uns darauf konzentriert, was Kunden f\u00fcr eine gute Produktanleitung brauchen:<\/p>\n\n\n\n<ul class=\"wp-block-list\">\n<li><strong>Mobile-first<\/strong><br>Keine App-Downloads erforderlich, einfach \u00f6ffnen und folgen<\/li>\n\n\n\n<li><strong>Gef\u00fchrte Schritte<\/strong><br>Eine logische, schrittweise Struktur f\u00fcr mehr Klarheit<\/li>\n\n\n\n<li><strong>Flexible Formate<\/strong><br>PDFs zum Herunterladen f\u00fcr diejenigen, die sie bevorzugen<\/li>\n\n\n\n<li><strong>Einfache Entdeckung<\/strong><br>Erreichbar \u00fcber Google, ChatGPT und andere Suchmaschinen<\/li>\n\n\n\n<li><strong>Lokalisierte Inhalte<\/strong><br>Anweisungen in der Sprache Ihrer Kunden<\/li>\n<\/ul>\n\n\n\n<div style=\"height:1em\" aria-hidden=\"true\" class=\"wp-block-spacer\"><\/div>\n\n\n\n<div class=\"wp-block-buttons is-content-justification-center is-layout-flex wp-container-core-buttons-is-layout-a89b3969 wp-block-buttons-is-layout-flex\">\n<div class=\"wp-block-button is-style-fill\"><a class=\"wp-block-button__link has-raft-fg-alt-color has-custom-purple-background-color has-text-color has-background has-link-color has-text-align-center wp-element-button\" href=\"https:\/\/www.stepalong.com\/de\/eine-demo-buchen\/\">Demo buchen<\/a><\/div>\n<\/div>\n<\/div>\n<\/div>","protected":false},"excerpt":{"rendered":"<p>Verwandeln Sie Ihre YouTube-Produktvideos in strukturierte Schritt-f\u00fcr-Schritt-Produktanleitungen mit AI &amp; StepAlong F\u00fcgen Sie Ihre YouTube-Video-URL hinzu und StepAlong erledigt den Rest Schaffen Sie eine bessere Kundenerfahrung mit Ihren YouTube-Assets YouTube ist gro\u00dfartig f\u00fcr das Marketing, aber es ist nicht die beste Erfahrung, um Produktanleitungen und Tutorials zu folgen. Die KI-gest\u00fctzte YouTube [...]<\/p>","protected":false},"author":1,"featured_media":4191,"parent":0,"menu_order":0,"comment_status":"closed","ping_status":"closed","template":"wp-custom-template-landing-page-b","meta":{"content-type":"","_uag_custom_page_level_css":"","footnotes":""},"class_list":["post-4175","page","type-page","status-publish","has-post-thumbnail","hentry"],"aioseo_notices":[],"mb":[],"uagb_featured_image_src":{"full":["https:\/\/www.stepalong.com\/wp-content\/uploads\/2024\/02\/arts-and-craft-YouTube-StepAlong.jpg",1022,681,false],"thumbnail":["https:\/\/www.stepalong.com\/wp-content\/uploads\/2024\/02\/arts-and-craft-YouTube-StepAlong-150x150.jpg",150,150,true],"medium":["https:\/\/www.stepalong.com\/wp-content\/uploads\/2024\/02\/arts-and-craft-YouTube-StepAlong-300x200.jpg",300,200,true],"medium_large":["https:\/\/www.stepalong.com\/wp-content\/uploads\/2024\/02\/arts-and-craft-YouTube-StepAlong-768x512.jpg",768,512,true],"large":["https:\/\/www.stepalong.com\/wp-content\/uploads\/2024\/02\/arts-and-craft-YouTube-StepAlong.jpg",1022,681,false],"1536x1536":["https:\/\/www.stepalong.com\/wp-content\/uploads\/2024\/02\/arts-and-craft-YouTube-StepAlong.jpg",1022,681,false],"2048x2048":["https:\/\/www.stepalong.com\/wp-content\/uploads\/2024\/02\/arts-and-craft-YouTube-StepAlong.jpg",1022,681,false],"trp-custom-language-flag":["https:\/\/www.stepalong.com\/wp-content\/uploads\/2024\/02\/arts-and-craft-YouTube-StepAlong-18x12.jpg",18,12,true]},"uagb_author_info":{"display_name":"Sergi S\u00e1nchez Mancha","author_link":"https:\/\/www.stepalong.com\/de\/author\/sergiostepalong-com\/"},"uagb_comment_info":0,"uagb_excerpt":"Repurpose your YouTube product videos into structured step-by-step product instructions with AI &amp; StepAlong Add your YouTube video URL and StepAlong will do the rest Create a better customer experience using your YouTube assets YouTube is great for marketing but it\u2019s not the best experience for following product instructions and tutorials. The AI powered YouTube&hellip;","mfb_rest_fields":["title","aioseo_notices","uagb_featured_image_src","uagb_author_info","uagb_comment_info","uagb_excerpt"],"_links":{"self":[{"href":"https:\/\/www.stepalong.com\/de\/wp-json\/wp\/v2\/pages\/4175","targetHints":{"allow":["GET"]}}],"collection":[{"href":"https:\/\/www.stepalong.com\/de\/wp-json\/wp\/v2\/pages"}],"about":[{"href":"https:\/\/www.stepalong.com\/de\/wp-json\/wp\/v2\/types\/page"}],"author":[{"embeddable":true,"href":"https:\/\/www.stepalong.com\/de\/wp-json\/wp\/v2\/users\/1"}],"replies":[{"embeddable":true,"href":"https:\/\/www.stepalong.com\/de\/wp-json\/wp\/v2\/comments?post=4175"}],"version-history":[{"count":26,"href":"https:\/\/www.stepalong.com\/de\/wp-json\/wp\/v2\/pages\/4175\/revisions"}],"predecessor-version":[{"id":8003,"href":"https:\/\/www.stepalong.com\/de\/wp-json\/wp\/v2\/pages\/4175\/revisions\/8003"}],"wp:featuredmedia":[{"embeddable":true,"href":"https:\/\/www.stepalong.com\/de\/wp-json\/wp\/v2\/media\/4191"}],"wp:attachment":[{"href":"https:\/\/www.stepalong.com\/de\/wp-json\/wp\/v2\/media?parent=4175"}],"curies":[{"name":"wp","href":"https:\/\/api.w.org\/{rel}","templated":true}]}}