{"id":3506,"date":"2023-11-23T17:58:54","date_gmt":"2023-11-23T16:58:54","guid":{"rendered":"https:\/\/www.stepalong.com\/?page_id=3506"},"modified":"2025-03-17T18:04:48","modified_gmt":"2025-03-17T17:04:48","slug":"stepalong-fur-macherinnen-und-macher","status":"publish","type":"page","link":"https:\/\/www.stepalong.com\/de\/stepalong-fur-macherinnen-und-macher\/","title":{"rendered":"StepAlong f\u00fcr Macher und Kreative"},"content":{"rendered":"<h2 class=\"wp-block-heading has-text-align-center\" style=\"font-size:2.4em\">Sie haben Ihre Follower mit Ihren Anleitungen inspiriert, aber k\u00f6nnen sie diese auch in die Tat umsetzen?<\/h2>\n\n\n\n<p class=\"has-text-align-center has-medium-font-size\">Ermutigen Sie Ihre Follower, die Herausforderung, die Sie ihnen gestellt haben, mit StepAlong zu meistern<\/p>\n\n\n\n<p>StepAlong ist die intelligente und einfache L\u00f6sung f\u00fcr die Erstellung umfassender Anleitungen.<\/p>\n\n\n\n<div class=\"wp-block-buttons is-content-justification-center is-layout-flex wp-container-core-buttons-is-layout-a89b3969 wp-block-buttons-is-layout-flex\">\n<div class=\"wp-block-button is-style-outline is-style-outline--1\"><a class=\"wp-block-button__link has-custom-purple-color has-raft-fg-alt-background-color has-text-color has-background has-link-color has-text-align-center wp-element-button\" href=\"https:\/\/www.stepalong.com\/de\/eine-demo-buchen\/\">Demo buchen<\/a><\/div>\n<\/div>\n\n\n\n<div style=\"height:var(--wp--preset--spacing--80)\" aria-hidden=\"true\" class=\"wp-block-spacer\"><\/div>\n\n\n\n<div class=\"wp-block-cover alignwide\" style=\"border-style:none;border-width:0px;border-radius:8px;padding-right:3em;padding-left:3em\"><span aria-hidden=\"true\" class=\"wp-block-cover__background has-custom-purple-background-color has-background-dim-70 has-background-dim\"><\/span><img loading=\"lazy\" decoding=\"async\" width=\"2560\" height=\"1061\" class=\"wp-block-cover__image-background wp-image-5675\" alt=\"Benutzer-Erfolg\" src=\"https:\/\/www.stepalong.com\/wp-content\/uploads\/2024\/10\/User-success-scaled.jpg\" style=\"object-position:26% 7%\" data-object-fit=\"cover\" data-object-position=\"26% 7%\" srcset=\"https:\/\/www.stepalong.com\/wp-content\/uploads\/2024\/10\/User-success-scaled.jpg 2560w, https:\/\/www.stepalong.com\/wp-content\/uploads\/2024\/10\/User-success-300x124.jpg 300w, https:\/\/www.stepalong.com\/wp-content\/uploads\/2024\/10\/User-success-1024x425.jpg 1024w, https:\/\/www.stepalong.com\/wp-content\/uploads\/2024\/10\/User-success-768x318.jpg 768w, https:\/\/www.stepalong.com\/wp-content\/uploads\/2024\/10\/User-success-1536x637.jpg 1536w, https:\/\/www.stepalong.com\/wp-content\/uploads\/2024\/10\/User-success-2048x849.jpg 2048w, https:\/\/www.stepalong.com\/wp-content\/uploads\/2024\/10\/User-success-18x7.jpg 18w\" sizes=\"auto, (max-width: 2560px) 100vw, 2560px\" \/><div class=\"wp-block-cover__inner-container is-layout-constrained wp-container-core-cover-is-layout-729e5ae5 wp-block-cover-is-layout-constrained\">\n<div class=\"wp-block-columns is-layout-flex wp-container-core-columns-is-layout-28f84493 wp-block-columns-is-layout-flex\">\n<div class=\"wp-block-column is-layout-flow wp-block-column-is-layout-flow\" style=\"flex-basis:40%\"><\/div>\n\n\n\n<div class=\"wp-block-column is-layout-flow wp-block-column-is-layout-flow\" style=\"flex-basis:60%\">\n<h2 class=\"wp-block-heading has-raft-fg-alt-color has-text-color has-link-color wp-elements-4fd9d3b40567fbc78cbcebf5d2a0697f\">Fokus auf den Erfolg der Nutzer<br>(nicht nur der Algorithmus)<\/h2>\n\n\n\n<p class=\"has-raft-fg-alt-color has-text-color has-link-color wp-elements-8b06488a6275d55a7ade54927638e3c2\">Wir verstehen, dass der Algorithmus der K\u00f6nig ist, dass man das Tier f\u00fcttern muss, aber man darf nicht vergessen, dass Instagram, TikTok und YouTube nicht die besten Plattformen sind, um tats\u00e4chlich etwas zu verfolgen und zu schaffen.<\/p>\n\n\n\n<p class=\"has-raft-fg-alt-color has-text-color has-link-color wp-elements-c644c1bad8d6792554c3b3e4cf94310f\">StepAlong l\u00f6st dieses Problem.<\/p>\n<\/div>\n<\/div>\n<\/div><\/div>\n\n\n\n<div style=\"height:var(--wp--preset--spacing--80)\" aria-hidden=\"true\" class=\"wp-block-spacer\"><\/div>\n\n\n\n<div class=\"wp-block-media-text has-media-on-the-right is-stacked-on-mobile shadow\"><div class=\"wp-block-media-text__content\">\n<h2 class=\"wp-block-heading\">Die vervollst\u00e4ndigbare Version Ihrer Arbeit<\/h2>\n\n\n\n<p>Verwenden Sie StepAlong, um verst\u00e4ndliche und umfassende Anleitungen aus bestehenden YouTube-, Instagram-, TikTok- und anderen Social-Media-Inhalten zu erstellen. Sie k\u00f6nnen von jedem StepAlong, den Sie erstellen, auf das Original zur\u00fcckverweisen.<\/p>\n<\/div><figure class=\"wp-block-media-text__media\"><img loading=\"lazy\" decoding=\"async\" width=\"1024\" height=\"682\" src=\"https:\/\/www.stepalong.com\/wp-content\/uploads\/2023\/11\/makers-2-1024x682.jpg\" alt=\"\" class=\"wp-image-3508 size-full\" srcset=\"https:\/\/www.stepalong.com\/wp-content\/uploads\/2023\/11\/makers-2-1024x682.jpg 1024w, https:\/\/www.stepalong.com\/wp-content\/uploads\/2023\/11\/makers-2-300x200.jpg 300w, https:\/\/www.stepalong.com\/wp-content\/uploads\/2023\/11\/makers-2-768x511.jpg 768w, https:\/\/www.stepalong.com\/wp-content\/uploads\/2023\/11\/makers-2-1536x1022.jpg 1536w, https:\/\/www.stepalong.com\/wp-content\/uploads\/2023\/11\/makers-2-18x12.jpg 18w, https:\/\/www.stepalong.com\/wp-content\/uploads\/2023\/11\/makers-2.jpg 2048w\" sizes=\"auto, (max-width: 1024px) 100vw, 1024px\" \/><\/figure><\/div>\n\n\n\n<div style=\"height:var(--wp--preset--spacing--80)\" aria-hidden=\"true\" class=\"wp-block-spacer\"><\/div>\n\n\n\n<div class=\"wp-block-media-text is-stacked-on-mobile shadow\"><figure class=\"wp-block-media-text__media\"><img loading=\"lazy\" decoding=\"async\" width=\"1020\" height=\"680\" src=\"https:\/\/www.stepalong.com\/wp-content\/uploads\/2023\/12\/makers-microsite.jpg\" alt=\"\" class=\"wp-image-3794 size-full\" srcset=\"https:\/\/www.stepalong.com\/wp-content\/uploads\/2023\/12\/makers-microsite.jpg 1020w, https:\/\/www.stepalong.com\/wp-content\/uploads\/2023\/12\/makers-microsite-300x200.jpg 300w, https:\/\/www.stepalong.com\/wp-content\/uploads\/2023\/12\/makers-microsite-768x512.jpg 768w, https:\/\/www.stepalong.com\/wp-content\/uploads\/2023\/12\/makers-microsite-18x12.jpg 18w\" sizes=\"auto, (max-width: 1020px) 100vw, 1020px\" \/><\/figure><div class=\"wp-block-media-text__content\">\n<h2 class=\"wp-block-heading\">Ver\u00f6ffentlichen Sie auf Ihrer eigenen Website oder erstellen Sie Ihre StepAlong-Microsite<\/h2>\n\n\n\n<p>Sie k\u00f6nnen Ihre Anleitungen auf Ihrer eigenen Website oder auf Ihrer StepAlong-Seite, Ihrer eigenen Anleitungs-Microsite, ver\u00f6ffentlichen.<\/p>\n<\/div><\/div>\n\n\n\n<div style=\"height:var(--wp--preset--spacing--80)\" aria-hidden=\"true\" class=\"wp-block-spacer\"><\/div>\n\n\n\n<div class=\"wp-block-media-text has-media-on-the-right is-stacked-on-mobile shadow\"><div class=\"wp-block-media-text__content\">\n<h2 class=\"wp-block-heading\">Besseres Feedback<\/h2>\n\n\n\n<p>Ein StepAlong erm\u00f6glicht es Ihnen, ein besseres und strukturiertes Feedback zu Ihren Anleitungen zu erhalten. Sie erfahren, wie viele Personen die Anleitung bis zum letzten Schritt benutzt haben und was sie davon halten. Der Anwender kann sogar bestimmte f\u00fcr ihn verwirrende Schritte markieren, damit Sie wissen, wo Sie nachbessern m\u00fcssen.<\/p>\n<\/div><figure class=\"wp-block-media-text__media\"><img loading=\"lazy\" decoding=\"async\" width=\"1020\" height=\"680\" src=\"https:\/\/www.stepalong.com\/wp-content\/uploads\/2023\/12\/makers-questions.jpg\" alt=\"Zwei Frauen folgen einer Anleitung auf einem Laptop und stellen im Gleichschritt eine Frage.\" class=\"wp-image-3793 size-full\" srcset=\"https:\/\/www.stepalong.com\/wp-content\/uploads\/2023\/12\/makers-questions.jpg 1020w, https:\/\/www.stepalong.com\/wp-content\/uploads\/2023\/12\/makers-questions-300x200.jpg 300w, https:\/\/www.stepalong.com\/wp-content\/uploads\/2023\/12\/makers-questions-768x512.jpg 768w, https:\/\/www.stepalong.com\/wp-content\/uploads\/2023\/12\/makers-questions-18x12.jpg 18w\" sizes=\"auto, (max-width: 1020px) 100vw, 1020px\" \/><\/figure><\/div>\n\n\n\n<div style=\"height:65px\" aria-hidden=\"true\" class=\"wp-block-spacer\"><\/div>\n\n\n\n<div class=\"wp-block-buttons is-content-justification-center is-layout-flex wp-container-core-buttons-is-layout-a89b3969 wp-block-buttons-is-layout-flex\">\n<div class=\"wp-block-button is-style-outline is-style-outline--2\"><a class=\"wp-block-button__link has-custom-purple-color has-raft-fg-alt-background-color has-text-color has-background has-link-color has-text-align-center wp-element-button\" href=\"https:\/\/www.stepalong.com\/de\/eine-demo-buchen\/\">Demo buchen<\/a><\/div>\n<\/div>\n\n\n\n<p><\/p>","protected":false},"excerpt":{"rendered":"<p>Sie haben Ihre Follower mit Ihren Anleitungen inspiriert, aber schaffen sie es auch, die Aufgabe zu erf\u00fcllen? Geben Sie Ihren Followern die M\u00f6glichkeit, die Herausforderung, die Sie ihnen gestellt haben, mit StepAlong zu bew\u00e4ltigen. StepAlong ist die intelligente und einfache L\u00f6sung f\u00fcr Creators, um die vervollst\u00e4ndigbare Version ihrer How-Tos zu erstellen. Die abschlie\u00dfbare Version Ihrer Arbeit Verwenden Sie StepAlong, um die [...]<\/p>","protected":false},"author":1,"featured_media":0,"parent":0,"menu_order":0,"comment_status":"closed","ping_status":"closed","template":"wp-custom-template-landing-page-b","meta":{"content-type":"","_uag_custom_page_level_css":"","footnotes":""},"class_list":["post-3506","page","type-page","status-publish","hentry"],"aioseo_notices":[],"mb":[],"uagb_featured_image_src":{"full":false,"thumbnail":false,"medium":false,"medium_large":false,"large":false,"1536x1536":false,"2048x2048":false,"trp-custom-language-flag":false},"uagb_author_info":{"display_name":"Sergi S\u00e1nchez Mancha","author_link":"https:\/\/www.stepalong.com\/de\/author\/sergiostepalong-com\/"},"uagb_comment_info":0,"uagb_excerpt":"You have inspired your followers with your how-tos, but can they get the job done? Empower your follower to complete the challenge you\u2019ve given them with StepAlong StepAlong is the smart and simple solution for creators to create the completable version of their how-tos. The completable version of your work Use StepAlong to create the&hellip;","mfb_rest_fields":["title","aioseo_notices","uagb_featured_image_src","uagb_author_info","uagb_comment_info","uagb_excerpt"],"_links":{"self":[{"href":"https:\/\/www.stepalong.com\/de\/wp-json\/wp\/v2\/pages\/3506","targetHints":{"allow":["GET"]}}],"collection":[{"href":"https:\/\/www.stepalong.com\/de\/wp-json\/wp\/v2\/pages"}],"about":[{"href":"https:\/\/www.stepalong.com\/de\/wp-json\/wp\/v2\/types\/page"}],"author":[{"embeddable":true,"href":"https:\/\/www.stepalong.com\/de\/wp-json\/wp\/v2\/users\/1"}],"replies":[{"embeddable":true,"href":"https:\/\/www.stepalong.com\/de\/wp-json\/wp\/v2\/comments?post=3506"}],"version-history":[{"count":9,"href":"https:\/\/www.stepalong.com\/de\/wp-json\/wp\/v2\/pages\/3506\/revisions"}],"predecessor-version":[{"id":6883,"href":"https:\/\/www.stepalong.com\/de\/wp-json\/wp\/v2\/pages\/3506\/revisions\/6883"}],"wp:attachment":[{"href":"https:\/\/www.stepalong.com\/de\/wp-json\/wp\/v2\/media?parent=3506"}],"curies":[{"name":"wp","href":"https:\/\/api.w.org\/{rel}","templated":true}]}}