{"id":3500,"date":"2023-11-23T17:51:44","date_gmt":"2023-11-23T16:51:44","guid":{"rendered":"https:\/\/www.stepalong.com\/?page_id=3500"},"modified":"2025-08-27T20:48:38","modified_gmt":"2025-08-27T18:48:38","slug":"stepalong-fur-den-elektronischen-geschaftsverkehr","status":"publish","type":"page","link":"https:\/\/www.stepalong.com\/de\/stepalong-fur-den-elektronischen-geschaftsverkehr\/","title":{"rendered":"StepAlong f\u00fcr den elektronischen Handel"},"content":{"rendered":"<h2 class=\"wp-block-heading has-text-align-center\" style=\"font-size:2.4em\">Browser in K\u00e4ufer verwandeln<\/h2>\n\n\n\n<p class=\"has-text-align-center has-medium-font-size\">Ein gutes Produkt-Tutorial st\u00e4rkt das Vertrauen der Kunden, die nicht bis zur Kasse kommen.<\/p>\n\n\n\n<p class=\"has-text-align-center\">StepAlong ist der intelligente Weg f\u00fcr E-Commerce-Unternehmen, Produkt-Tutorialszu erstellen, die ihren Kunden eine echte Entscheidungshilfe bieten.<\/p>\n\n\n\n<div class=\"wp-block-buttons is-content-justification-center is-layout-flex wp-container-core-buttons-is-layout-a89b3969 wp-block-buttons-is-layout-flex\">\n<div class=\"wp-block-button is-style-outline is-style-outline--1\"><a class=\"wp-block-button__link has-custom-purple-color has-raft-fg-alt-background-color has-text-color has-background has-link-color has-text-align-center wp-element-button\" href=\"https:\/\/www.stepalong.com\/de\/eine-demo-buchen\/\">Demo buchen<\/a><\/div>\n<\/div>\n\n\n\n<div style=\"height:var(--wp--preset--spacing--60)\" aria-hidden=\"true\" class=\"wp-block-spacer\"><\/div>\n\n\n\n<div class=\"wp-block-cover alignwide wp-duotone-dark-grayscale\" style=\"border-style:none;border-width:0px;border-radius:8px;padding-right:3em;padding-left:3em\"><img loading=\"lazy\" decoding=\"async\" width=\"2560\" height=\"1359\" class=\"wp-block-cover__image-background wp-image-3780\" alt=\"Mobiler elektronischer Gesch\u00e4ftsverkehr\" src=\"https:\/\/www.stepalong.com\/wp-content\/uploads\/2023\/12\/ecommerce-mobile-scaled.jpg\" data-object-fit=\"cover\" srcset=\"https:\/\/www.stepalong.com\/wp-content\/uploads\/2023\/12\/ecommerce-mobile-scaled.jpg 2560w, https:\/\/www.stepalong.com\/wp-content\/uploads\/2023\/12\/ecommerce-mobile-300x159.jpg 300w, https:\/\/www.stepalong.com\/wp-content\/uploads\/2023\/12\/ecommerce-mobile-1024x544.jpg 1024w, https:\/\/www.stepalong.com\/wp-content\/uploads\/2023\/12\/ecommerce-mobile-768x408.jpg 768w, https:\/\/www.stepalong.com\/wp-content\/uploads\/2023\/12\/ecommerce-mobile-1536x816.jpg 1536w, https:\/\/www.stepalong.com\/wp-content\/uploads\/2023\/12\/ecommerce-mobile-2048x1087.jpg 2048w, https:\/\/www.stepalong.com\/wp-content\/uploads\/2023\/12\/ecommerce-mobile-18x10.jpg 18w\" sizes=\"auto, (max-width: 2560px) 100vw, 2560px\" \/><span aria-hidden=\"true\" class=\"wp-block-cover__background has-custom-purple-background-color has-background-dim-70 has-background-dim\"><\/span><div class=\"wp-block-cover__inner-container is-layout-constrained wp-container-core-cover-is-layout-729e5ae5 wp-block-cover-is-layout-constrained\">\n<div class=\"wp-block-columns is-layout-flex wp-container-core-columns-is-layout-28f84493 wp-block-columns-is-layout-flex\">\n<div class=\"wp-block-column is-layout-flow wp-block-column-is-layout-flow\" style=\"flex-basis:100%\">\n<h2 class=\"wp-block-heading has-raft-fg-alt-color has-text-color has-link-color wp-elements-d15ff6acc5dae950c88bdb5de59706be\">Ein interaktives Erlebnis auf der Produktseite<\/h2>\n\n\n\n<p class=\"has-raft-fg-alt-color has-text-color has-link-color wp-elements-df575b9b53c22f68e6780b2208c5d310\">Kein PDF-Download, kein ablenkendes YouTube-Video mit Werbung Ihrer Konkurrenten.<\/p>\n\n\n\n<p class=\"has-raft-fg-alt-color has-text-color has-link-color wp-elements-8f87660381c5123a868a98f32dc4a9f9\">Ein StepAlong kann in Ihre Produktseite eingebettet werden, so dass die K\u00e4ufer einfach durchbl\u00e4ttern k\u00f6nnen, um eine klare Vorstellung davon zu bekommen, was sie mit dem Produkt tun m\u00fcssen, ohne Ihre Produktseite zu verlassen.<\/p>\n<\/div>\n<\/div>\n<\/div><\/div>\n\n\n\n<div style=\"height:var(--wp--preset--spacing--80)\" aria-hidden=\"true\" class=\"wp-block-spacer\"><\/div>\n\n\n\n<div class=\"wp-block-media-text has-media-on-the-right is-stacked-on-mobile shadow rounded\"><div class=\"wp-block-media-text__content\">\n<h2 class=\"wp-block-heading\">Weniger R\u00fccksendungen, da das Produkt-Setup so gut ist wie das Produkt selbst<\/h2>\n\n\n\n<p>In der Welt des Dropshipping, des E-Commerce und der globalen Produktion vergessen viele Unternehmen, dass der letzte Schritt auf dem Weg zum Kunden die Konfiguration des Produkts ist.<\/p>\n\n\n\n<p>StepAlong hilft Ihnen, der Produkteinrichtung die geb\u00fchrende Aufmerksamkeit zu schenken, Ihren Kunden Zeit zu sparen und ein gro\u00dfartiges Kundenerlebnis zu schaffen.<\/p>\n<\/div><figure class=\"wp-block-media-text__media\"><img loading=\"lazy\" decoding=\"async\" width=\"1024\" height=\"663\" src=\"https:\/\/www.stepalong.com\/wp-content\/uploads\/2023\/12\/Returns-ecommerce-1024x663.jpg\" alt=\"Eine Frau telefoniert mit einer ge\u00f6ffneten Produktverpackung.\" class=\"wp-image-3787 size-full\" srcset=\"https:\/\/www.stepalong.com\/wp-content\/uploads\/2023\/12\/Returns-ecommerce-1024x663.jpg 1024w, https:\/\/www.stepalong.com\/wp-content\/uploads\/2023\/12\/Returns-ecommerce-300x194.jpg 300w, https:\/\/www.stepalong.com\/wp-content\/uploads\/2023\/12\/Returns-ecommerce-768x497.jpg 768w, https:\/\/www.stepalong.com\/wp-content\/uploads\/2023\/12\/Returns-ecommerce-18x12.jpg 18w, https:\/\/www.stepalong.com\/wp-content\/uploads\/2023\/12\/Returns-ecommerce.jpg 1050w\" sizes=\"auto, (max-width: 1024px) 100vw, 1024px\" \/><\/figure><\/div>\n\n\n\n<div style=\"height:var(--wp--preset--spacing--80)\" aria-hidden=\"true\" class=\"wp-block-spacer\"><\/div>\n\n\n\n<div class=\"wp-block-media-text is-stacked-on-mobile shadow rounded\"><figure class=\"wp-block-media-text__media\"><img loading=\"lazy\" decoding=\"async\" width=\"1024\" height=\"663\" src=\"https:\/\/www.stepalong.com\/wp-content\/uploads\/2023\/12\/repurpose-youtube-1024x663.jpg\" alt=\"Erstellen Sie automatisch eine Anleitung aus einem YouTube-Video.\" class=\"wp-image-3789 size-full\" srcset=\"https:\/\/www.stepalong.com\/wp-content\/uploads\/2023\/12\/repurpose-youtube-1024x663.jpg 1024w, https:\/\/www.stepalong.com\/wp-content\/uploads\/2023\/12\/repurpose-youtube-300x194.jpg 300w, https:\/\/www.stepalong.com\/wp-content\/uploads\/2023\/12\/repurpose-youtube-768x497.jpg 768w, https:\/\/www.stepalong.com\/wp-content\/uploads\/2023\/12\/repurpose-youtube-18x12.jpg 18w, https:\/\/www.stepalong.com\/wp-content\/uploads\/2023\/12\/repurpose-youtube.jpg 1050w\" sizes=\"auto, (max-width: 1024px) 100vw, 1024px\" \/><\/figure><div class=\"wp-block-media-text__content\">\n<h2 class=\"wp-block-heading\">Bei Null anfangen oder Vorhandenes umgestalten<\/h2>\n\n\n\n<p>Erstellen Sie einen neuen StepAlong von Grund auf, oder verbessern Sie bestehende PDFs und YouTube-Videos, um die Produkt-Einrichtung und -Nutzung f\u00fcr Ihre Kunden zu vereinfachen.<\/p>\n<\/div><\/div>\n\n\n\n<div style=\"height:var(--wp--preset--spacing--80)\" aria-hidden=\"true\" class=\"wp-block-spacer\"><\/div>\n\n\n\n<div class=\"wp-block-media-text has-media-on-the-right is-stacked-on-mobile shadow rounded\"><div class=\"wp-block-media-text__content\">\n<h2 class=\"wp-block-heading\">Ein spezielles Tool zum Erstellen, Ver\u00f6ffentlichen und Verwalten von Produkt-Tutorials<\/h2>\n\n\n\n<p>StepAlong ist ein spezielles Tool zur Erstellung, Pflege und Verwaltung aller Aspekte von  Produkt-Tutorials, How-Tos und Anleitungen.<\/p>\n\n\n\n<p>Der strukturierte Ansatz hilft Ihnen, bessere und verst\u00e4ndliche Produkt-Tutorials effizienter zu erstellen.<\/p>\n<\/div><figure class=\"wp-block-media-text__media\"><img loading=\"lazy\" decoding=\"async\" width=\"1022\" height=\"681\" src=\"https:\/\/www.stepalong.com\/wp-content\/uploads\/2023\/12\/product-tutorial.jpg\" alt=\"Ein Mann beim Zusammenbau eines M\u00f6belst\u00fccks\" class=\"wp-image-3790 size-full\" srcset=\"https:\/\/www.stepalong.com\/wp-content\/uploads\/2023\/12\/product-tutorial.jpg 1022w, https:\/\/www.stepalong.com\/wp-content\/uploads\/2023\/12\/product-tutorial-300x200.jpg 300w, https:\/\/www.stepalong.com\/wp-content\/uploads\/2023\/12\/product-tutorial-768x512.jpg 768w, https:\/\/www.stepalong.com\/wp-content\/uploads\/2023\/12\/product-tutorial-18x12.jpg 18w\" sizes=\"auto, (max-width: 1022px) 100vw, 1022px\" \/><\/figure><\/div>\n\n\n\n<div style=\"height:var(--wp--preset--spacing--80)\" aria-hidden=\"true\" class=\"wp-block-spacer\"><\/div>\n\n\n\n<div class=\"wp-block-columns is-layout-flex wp-container-core-columns-is-layout-14cf5ab5 wp-block-columns-is-layout-flex\">\n<div class=\"wp-block-column is-layout-flow wp-block-column-is-layout-flow\">\n<div class=\"wp-block-group feature is-layout-constrained wp-block-group-is-layout-constrained\">\n<div class=\"wp-block-columns is-layout-flex wp-container-core-columns-is-layout-cbe57604 wp-block-columns-is-layout-flex\">\n<div class=\"wp-block-column is-layout-flow wp-block-column-is-layout-flow\">\n<figure class=\"wp-block-image size-large rounded\"><img loading=\"lazy\" decoding=\"async\" width=\"1024\" height=\"1024\" src=\"https:\/\/www.stepalong.com\/wp-content\/uploads\/2025\/08\/stepalong-roi-calculator-1024x1024.webp\" alt=\"StepAlong ROI-Rechner\" class=\"wp-image-8026\" srcset=\"https:\/\/www.stepalong.com\/wp-content\/uploads\/2025\/08\/stepalong-roi-calculator-1024x1024.webp 1024w, https:\/\/www.stepalong.com\/wp-content\/uploads\/2025\/08\/stepalong-roi-calculator-300x300.webp 300w, https:\/\/www.stepalong.com\/wp-content\/uploads\/2025\/08\/stepalong-roi-calculator-150x150.webp 150w, https:\/\/www.stepalong.com\/wp-content\/uploads\/2025\/08\/stepalong-roi-calculator-768x768.webp 768w, https:\/\/www.stepalong.com\/wp-content\/uploads\/2025\/08\/stepalong-roi-calculator-12x12.webp 12w, https:\/\/www.stepalong.com\/wp-content\/uploads\/2025\/08\/stepalong-roi-calculator.webp 1420w\" sizes=\"auto, (max-width: 1024px) 100vw, 1024px\" \/><\/figure>\n<\/div>\n\n\n\n<div class=\"wp-block-column is-layout-flow wp-block-column-is-layout-flow\">\n<h3 class=\"wp-block-heading\">Berechnen Sie Ihr Einsparungspotenzial<\/h3>\n\n\n\n<p>Entdecken Sie, wie viel Ihr Unternehmen durch den Umstieg auf die KI-gest\u00fctzte digitale Unterrichtsplattform von StepAlong sparen kann.<\/p>\n\n\n\n<div style=\"height:0px\" aria-hidden=\"true\" class=\"wp-block-spacer\"><\/div>\n<\/div>\n<\/div>\n\n\n\n<div style=\"height:1em\" aria-hidden=\"true\" class=\"wp-block-spacer\"><\/div>\n\n\n\n<div class=\"wp-block-buttons is-content-justification-center is-layout-flex wp-container-core-buttons-is-layout-a89b3969 wp-block-buttons-is-layout-flex\">\n<div class=\"wp-block-button is-style-outline is-style-outline--2\"><a class=\"wp-block-button__link has-custom-purple-color has-text-color has-link-color has-border-color has-custom-purple-border-color wp-element-button\" href=\"https:\/\/www.stepalong.com\/de\/rendite-rechner\/\">Berechnen Sie Ihre Ersparnisse<\/a><\/div>\n<\/div>\n<\/div>\n<\/div>\n\n\n\n<div class=\"wp-block-column is-vertically-aligned-center is-layout-flow wp-block-column-is-layout-flow\">\n<p>Bei StepAlong haben wir uns darauf konzentriert, was Kunden f\u00fcr eine gute Produktanleitung brauchen:<\/p>\n\n\n\n<ul class=\"wp-block-list\">\n<li><strong>Mobile-first<\/strong><br>Keine App-Downloads erforderlich, einfach \u00f6ffnen und folgen<\/li>\n\n\n\n<li><strong>Gef\u00fchrte Schritte<\/strong><br>Eine logische, schrittweise Struktur f\u00fcr mehr Klarheit<\/li>\n\n\n\n<li><strong>Flexible Formate<\/strong><br>PDFs zum Herunterladen f\u00fcr diejenigen, die sie bevorzugen<\/li>\n\n\n\n<li><strong>Einfache Entdeckung<\/strong><br>Erreichbar \u00fcber Google, ChatGPT und andere Suchmaschinen<\/li>\n\n\n\n<li><strong>Lokalisierte Inhalte<\/strong><br>Anweisungen in der Sprache Ihrer Kunden<\/li>\n<\/ul>\n\n\n\n<div style=\"height:1em\" aria-hidden=\"true\" class=\"wp-block-spacer\"><\/div>\n\n\n\n<div class=\"wp-block-buttons is-content-justification-center is-layout-flex wp-container-core-buttons-is-layout-a89b3969 wp-block-buttons-is-layout-flex\">\n<div class=\"wp-block-button is-style-fill\"><a class=\"wp-block-button__link has-raft-fg-alt-color has-custom-purple-background-color has-text-color has-background has-link-color has-text-align-center wp-element-button\" href=\"https:\/\/www.stepalong.com\/de\/eine-demo-buchen\/\">Demo buchen<\/a><\/div>\n<\/div>\n<\/div>\n<\/div>","protected":false},"excerpt":{"rendered":"<p>Aus Browsern werden K\u00e4ufer Ein gro\u00dfartiges Produkttutorial st\u00e4rkt das Vertrauen von K\u00e4ufern, die nicht bis zur Kaufabwicklung vordringen k\u00f6nnen. StepAlong ist der intelligente Weg f\u00fcr E-Commerce-Unternehmen, Produkttutorials zu erstellen, die ihren Kunden wirklich helfen, sich zu entscheiden. Weniger R\u00fccksendungen, da die Produkteinrichtung so gut ist wie das Produkt In der Welt der [...]<\/p>","protected":false},"author":1,"featured_media":0,"parent":0,"menu_order":0,"comment_status":"closed","ping_status":"closed","template":"wp-custom-template-landing-page-b","meta":{"content-type":"","_uag_custom_page_level_css":"","footnotes":""},"class_list":["post-3500","page","type-page","status-publish","hentry"],"aioseo_notices":[],"mb":[],"uagb_featured_image_src":{"full":false,"thumbnail":false,"medium":false,"medium_large":false,"large":false,"1536x1536":false,"2048x2048":false,"trp-custom-language-flag":false},"uagb_author_info":{"display_name":"Sergi S\u00e1nchez Mancha","author_link":"https:\/\/www.stepalong.com\/de\/author\/sergiostepalong-com\/"},"uagb_comment_info":0,"uagb_excerpt":"Turn browsers into buyers A great product tutorial increases the confidence of shoppers who can\u2019t quite get to the checkout page. StepAlong is the smart way for e-commerce companies to create product tutorials that really help their customers decide. Less returns by making the product setup as good as the product In the world of&hellip;","mfb_rest_fields":["title","aioseo_notices","uagb_featured_image_src","uagb_author_info","uagb_comment_info","uagb_excerpt"],"_links":{"self":[{"href":"https:\/\/www.stepalong.com\/de\/wp-json\/wp\/v2\/pages\/3500","targetHints":{"allow":["GET"]}}],"collection":[{"href":"https:\/\/www.stepalong.com\/de\/wp-json\/wp\/v2\/pages"}],"about":[{"href":"https:\/\/www.stepalong.com\/de\/wp-json\/wp\/v2\/types\/page"}],"author":[{"embeddable":true,"href":"https:\/\/www.stepalong.com\/de\/wp-json\/wp\/v2\/users\/1"}],"replies":[{"embeddable":true,"href":"https:\/\/www.stepalong.com\/de\/wp-json\/wp\/v2\/comments?post=3500"}],"version-history":[{"count":28,"href":"https:\/\/www.stepalong.com\/de\/wp-json\/wp\/v2\/pages\/3500\/revisions"}],"predecessor-version":[{"id":8013,"href":"https:\/\/www.stepalong.com\/de\/wp-json\/wp\/v2\/pages\/3500\/revisions\/8013"}],"wp:attachment":[{"href":"https:\/\/www.stepalong.com\/de\/wp-json\/wp\/v2\/media?parent=3500"}],"curies":[{"name":"wp","href":"https:\/\/api.w.org\/{rel}","templated":true}]}}