{"id":3494,"date":"2023-11-23T17:38:35","date_gmt":"2023-11-23T16:38:35","guid":{"rendered":"https:\/\/www.stepalong.com\/?page_id=3494"},"modified":"2025-08-27T20:41:54","modified_gmt":"2025-08-27T18:41:54","slug":"stepalong-fur-konsumguterunternehmen","status":"publish","type":"page","link":"https:\/\/www.stepalong.com\/de\/stepalong-fur-konsumguterunternehmen\/","title":{"rendered":"StepAlong f\u00fcr Konsumg\u00fcterhersteller"},"content":{"rendered":"<h2 class=\"wp-block-heading has-text-align-center\" style=\"font-size:2.4em\">Ihre PDF-Anleitung funktioniert nicht<\/h2>\n\n\n\n<p class=\"has-text-align-center has-medium-font-size translation-block\">Haben Sie Zeit und Geld in die Entwicklung einer effizienten Marke gesteckt und ihr dann mit mangelhaften Einrichtungs- und Gebrauchsanweisungen geschadet?<\/p>\n\n\n\n<p class=\"has-text-align-center\">Mit StepAlong k\u00f6nnen Unternehmen, die Konsumg\u00fcter herstellen, Produktanleitungen erstellen, die ihren Kunden wirklich helfen (und nicht fluchend auf die miserable PDF-Datei verweisen).<\/p>\n\n\n\n<div class=\"wp-block-buttons is-content-justification-center is-layout-flex wp-container-core-buttons-is-layout-a89b3969 wp-block-buttons-is-layout-flex\">\n<div class=\"wp-block-button is-style-outline is-style-outline--1\"><a class=\"wp-block-button__link has-custom-purple-color has-raft-fg-alt-background-color has-text-color has-background has-link-color has-text-align-center wp-element-button\" href=\"https:\/\/www.stepalong.com\/de\/eine-demo-buchen\/\">Demo buchen<\/a><\/div>\n<\/div>\n\n\n\n<div style=\"height:var(--wp--preset--spacing--80)\" aria-hidden=\"true\" class=\"wp-block-spacer\"><\/div>\n\n\n\n<div class=\"wp-block-cover alignwide\" style=\"border-style:none;border-width:0px;border-radius:8px;padding-right:3em;padding-left:3em\"><img loading=\"lazy\" decoding=\"async\" width=\"2800\" height=\"1161\" class=\"wp-block-cover__image-background wp-image-3633\" alt=\"Google-Suche nach einem Produkt\" src=\"https:\/\/www.stepalong.com\/wp-content\/uploads\/2023\/11\/Google-Search-2.png\" style=\"object-position:0% 0%\" data-object-fit=\"cover\" data-object-position=\"0% 0%\" srcset=\"https:\/\/www.stepalong.com\/wp-content\/uploads\/2023\/11\/Google-Search-2.png 2800w, https:\/\/www.stepalong.com\/wp-content\/uploads\/2023\/11\/Google-Search-2-300x124.png 300w, https:\/\/www.stepalong.com\/wp-content\/uploads\/2023\/11\/Google-Search-2-1024x425.png 1024w, https:\/\/www.stepalong.com\/wp-content\/uploads\/2023\/11\/Google-Search-2-768x318.png 768w, https:\/\/www.stepalong.com\/wp-content\/uploads\/2023\/11\/Google-Search-2-1536x637.png 1536w, https:\/\/www.stepalong.com\/wp-content\/uploads\/2023\/11\/Google-Search-2-2048x849.png 2048w, https:\/\/www.stepalong.com\/wp-content\/uploads\/2023\/11\/Google-Search-2-18x7.png 18w\" sizes=\"auto, (max-width: 2800px) 100vw, 2800px\" \/><span aria-hidden=\"true\" class=\"wp-block-cover__background has-custom-purple-background-color has-background-dim-70 has-background-dim\"><\/span><div class=\"wp-block-cover__inner-container is-layout-constrained wp-container-core-cover-is-layout-729e5ae5 wp-block-cover-is-layout-constrained\">\n<div class=\"wp-block-columns is-layout-flex wp-container-core-columns-is-layout-28f84493 wp-block-columns-is-layout-flex\">\n<div class=\"wp-block-column is-layout-flow wp-block-column-is-layout-flow\" style=\"flex-basis:50%\">\n<h2 class=\"wp-block-heading has-raft-fg-alt-color has-text-color has-link-color wp-elements-d1cca5e5136959aea617cbc403dd27bc\">\u00dcberlassen Sie Ihre hart erk\u00e4mpften Kunden nicht l\u00e4nger dem Internet<\/h2>\n\n\n\n<p class=\"has-raft-fg-alt-color has-text-color has-link-color wp-elements-63f510e1b0b2c664af37424a71d49b8f\">Wenn Sie Ihren Kunden nicht gen\u00fcgend Hilfestellung bei der Einrichtung und Nutzung Ihres Produkts geben, \nWerden diese bei der Suche in Google\nan Konkurrenten, unternehmensfremde Ersteller, oder andere YouTube- und Content-Plattformen verloren gehen.<\/p>\n<\/div>\n\n\n\n<div class=\"wp-block-column is-layout-flow wp-block-column-is-layout-flow\" style=\"flex-basis:66.66%\"><\/div>\n<\/div>\n<\/div><\/div>\n\n\n\n<div style=\"height:var(--wp--preset--spacing--80)\" aria-hidden=\"true\" class=\"wp-block-spacer\"><\/div>\n\n\n\n<div class=\"wp-block-media-text has-media-on-the-right is-stacked-on-mobile shadow rounded\"><div class=\"wp-block-media-text__content\">\n<h2 class=\"wp-block-heading\">Ihr Produkt-Tutorial, wo es sein sollte<\/h2>\n\n\n\n<p>F\u00fcgen Sie den StepAlong-QR-Code auf Ihrer Produktverpackung ein, ver\u00f6ffentlichen Sie ihn auf Ihrer Website, damit Ihre Kunden jederzeit Hilfe erhalten, wenn Sie diese ben\u00f6tigen.<\/p>\n\n\n\n<p>Oder erstellen Sie mit StepAlong eine Microsite, damit sich Ihre gesamten Produktanleitungen an einem einzigen Ort befinden.<\/p>\n<\/div><figure class=\"wp-block-media-text__media\"><img loading=\"lazy\" decoding=\"async\" width=\"1024\" height=\"680\" src=\"https:\/\/www.stepalong.com\/wp-content\/uploads\/2023\/12\/qr-code-packaging.jpg\" alt=\"QR-Code auf der Verpackung\" class=\"wp-image-3778 size-full\" srcset=\"https:\/\/www.stepalong.com\/wp-content\/uploads\/2023\/12\/qr-code-packaging.jpg 1024w, https:\/\/www.stepalong.com\/wp-content\/uploads\/2023\/12\/qr-code-packaging-300x199.jpg 300w, https:\/\/www.stepalong.com\/wp-content\/uploads\/2023\/12\/qr-code-packaging-768x510.jpg 768w, https:\/\/www.stepalong.com\/wp-content\/uploads\/2023\/12\/qr-code-packaging-18x12.jpg 18w\" sizes=\"auto, (max-width: 1024px) 100vw, 1024px\" \/><\/figure><\/div>\n\n\n\n<div style=\"height:var(--wp--preset--spacing--80)\" aria-hidden=\"true\" class=\"wp-block-spacer\"><\/div>\n\n\n\n<div class=\"wp-block-media-text is-stacked-on-mobile shadow rounded\"><figure class=\"wp-block-media-text__media\"><img loading=\"lazy\" decoding=\"async\" width=\"1024\" height=\"682\" src=\"https:\/\/www.stepalong.com\/wp-content\/uploads\/2023\/11\/ecommerce-2-1024x682.jpg\" alt=\"StepAlong vs. PDF-Anleitungen\" class=\"wp-image-3503 size-full\" srcset=\"https:\/\/www.stepalong.com\/wp-content\/uploads\/2023\/11\/ecommerce-2-1024x682.jpg 1024w, https:\/\/www.stepalong.com\/wp-content\/uploads\/2023\/11\/ecommerce-2-300x200.jpg 300w, https:\/\/www.stepalong.com\/wp-content\/uploads\/2023\/11\/ecommerce-2-768x511.jpg 768w, https:\/\/www.stepalong.com\/wp-content\/uploads\/2023\/11\/ecommerce-2-1536x1022.jpg 1536w, https:\/\/www.stepalong.com\/wp-content\/uploads\/2023\/11\/ecommerce-2-18x12.jpg 18w, https:\/\/www.stepalong.com\/wp-content\/uploads\/2023\/11\/ecommerce-2.jpg 2048w\" sizes=\"auto, (max-width: 1024px) 100vw, 1024px\" \/><\/figure><div class=\"wp-block-media-text__content\">\n<h2 class=\"wp-block-heading\">Bei Null anfangen oder Vorhandenes umgestalten<\/h2>\n\n\n\n<p>Erstellen Sie einen neuen StepAlong von Grund auf, gestalten Sie bestehende YouTube-, Instagram- und anderen Social-Media-Inhalte um, oder aktualisieren Sie Ihre PDF-Anleitungen, um die Produk-Einrichtung und -Nutzung f\u00fcr Ihre Kunden zu verbessern.<\/p>\n<\/div><\/div>\n\n\n\n<div style=\"height:36px\" aria-hidden=\"true\" class=\"wp-block-spacer\"><\/div>\n\n\n\n<div style=\"height:36px\" aria-hidden=\"true\" class=\"wp-block-spacer\"><\/div>\n\n\n\n<div class=\"wp-block-media-text has-media-on-the-right is-stacked-on-mobile shadow rounded\"><div class=\"wp-block-media-text__content\">\n<h2 class=\"wp-block-heading\">Anpassung an Produkt\u00e4nderungen und Kundenfeedback<\/h2>\n\n\n\n<p>Produkte und ihre Bestandteile \u00e4ndern sich h\u00e4ufig oder die Kunden sind irritiert \u00fcber einen bestimmten Schritt der Anweisung.<\/p>\n\n\n\n<p>Mit StepAlong k\u00f6nnen Sie jederzeit aktualisieren und sicherstellen, dass Ihr Produkt-Tutorial auf dem neuesten Stand und so gut wie m\u00f6glich ist.<\/p>\n<\/div><figure class=\"wp-block-media-text__media\"><img loading=\"lazy\" decoding=\"async\" width=\"1024\" height=\"681\" src=\"https:\/\/www.stepalong.com\/wp-content\/uploads\/2023\/11\/Question-1024x681.png\" alt=\"Eine Benutzerfrage zu einer Schritt-f\u00fcr-Schritt-Anleitung\" class=\"wp-image-3650 size-full\" srcset=\"https:\/\/www.stepalong.com\/wp-content\/uploads\/2023\/11\/Question-1024x681.png 1024w, https:\/\/www.stepalong.com\/wp-content\/uploads\/2023\/11\/Question-300x200.png 300w, https:\/\/www.stepalong.com\/wp-content\/uploads\/2023\/11\/Question-768x511.png 768w, https:\/\/www.stepalong.com\/wp-content\/uploads\/2023\/11\/Question-18x12.png 18w, https:\/\/www.stepalong.com\/wp-content\/uploads\/2023\/11\/Question.png 1536w\" sizes=\"auto, (max-width: 1024px) 100vw, 1024px\" \/><\/figure><\/div>\n\n\n\n<div style=\"height:var(--wp--preset--spacing--80)\" aria-hidden=\"true\" class=\"wp-block-spacer\"><\/div>\n\n\n\n<div class=\"wp-block-cover alignwide\" style=\"border-radius:8px;padding-right:3em;padding-left:3em\"><img loading=\"lazy\" decoding=\"async\" width=\"2560\" height=\"1061\" class=\"wp-block-cover__image-background wp-image-3654\" alt=\"\" src=\"https:\/\/www.stepalong.com\/wp-content\/uploads\/2023\/11\/speaker-background.jpg\" data-object-fit=\"cover\" srcset=\"https:\/\/www.stepalong.com\/wp-content\/uploads\/2023\/11\/speaker-background.jpg 2560w, https:\/\/www.stepalong.com\/wp-content\/uploads\/2023\/11\/speaker-background-300x124.jpg 300w, https:\/\/www.stepalong.com\/wp-content\/uploads\/2023\/11\/speaker-background-1024x424.jpg 1024w, https:\/\/www.stepalong.com\/wp-content\/uploads\/2023\/11\/speaker-background-768x318.jpg 768w, https:\/\/www.stepalong.com\/wp-content\/uploads\/2023\/11\/speaker-background-1536x637.jpg 1536w, https:\/\/www.stepalong.com\/wp-content\/uploads\/2023\/11\/speaker-background-2048x849.jpg 2048w, https:\/\/www.stepalong.com\/wp-content\/uploads\/2023\/11\/speaker-background-18x7.jpg 18w\" sizes=\"auto, (max-width: 2560px) 100vw, 2560px\" \/><span aria-hidden=\"true\" class=\"wp-block-cover__background has-background-dim-70 has-background-dim\"><\/span><div class=\"wp-block-cover__inner-container is-layout-constrained wp-container-core-cover-is-layout-729e5ae5 wp-block-cover-is-layout-constrained\">\n<div class=\"wp-block-uagb-advanced-heading uagb-block-dd4ebf76\"><h2 class=\"uagb-heading-text\">Ein spezielles Tool zum Erstellen, Ver\u00f6ffentlichen und Verwalten von Produkt-Tutorials<\/h2><\/div>\n\n\n\n<div class=\"wp-block-columns is-layout-flex wp-container-core-columns-is-layout-28f84493 wp-block-columns-is-layout-flex\">\n<div class=\"wp-block-column is-layout-flow wp-block-column-is-layout-flow\" style=\"flex-basis:50%\">\n<p>StepAlong ist ein spezielles Tool zur Erstellung, Pflege und Verwaltung aller Aspekte von  Produkt-Tutorials, How-Tos und Anleitungen.<\/p>\n<\/div>\n\n\n\n<div class=\"wp-block-column is-layout-flow wp-block-column-is-layout-flow\" style=\"flex-basis:50%\">\n<p>Der strukturierte Ansatz hilft Ihnen, bessere und verst\u00e4ndliche Produkt-Tutorials effizienter zu erstellen.<\/p>\n<\/div>\n<\/div>\n<\/div><\/div>\n\n\n\n<div style=\"height:var(--wp--preset--spacing--80)\" aria-hidden=\"true\" class=\"wp-block-spacer\"><\/div>\n\n\n\n<div class=\"wp-block-media-text is-stacked-on-mobile shadow rounded\"><figure class=\"wp-block-media-text__media\"><img loading=\"lazy\" decoding=\"async\" width=\"1024\" height=\"680\" src=\"https:\/\/www.stepalong.com\/wp-content\/uploads\/2023\/12\/customers-happy.jpg\" alt=\"Ein Paar baut ein M\u00f6belst\u00fcck zusammen, w\u00e4hrend es einem StepAlong folgt\" class=\"wp-image-3670 size-full\" srcset=\"https:\/\/www.stepalong.com\/wp-content\/uploads\/2023\/12\/customers-happy.jpg 1024w, https:\/\/www.stepalong.com\/wp-content\/uploads\/2023\/12\/customers-happy-300x199.jpg 300w, https:\/\/www.stepalong.com\/wp-content\/uploads\/2023\/12\/customers-happy-768x510.jpg 768w, https:\/\/www.stepalong.com\/wp-content\/uploads\/2023\/12\/customers-happy-18x12.jpg 18w\" sizes=\"auto, (max-width: 1024px) 100vw, 1024px\" \/><\/figure><div class=\"wp-block-media-text__content\">\n<h2 class=\"wp-block-heading\">Weniger Anrufe beim Kundensupport, mehr zufriedene Kunden<\/h2>\n\n\n\n<p>Kunden k\u00f6nnten Ihre Produkte zur\u00fcckgeben, wenn Sie sie beim Einrichten oder Benutzen als zu kompliziert empfinden.<\/p>\n\n\n\n<p>Mit StepAlong k\u00f6nnen Sie effektiver Ihre Produkt-einrichtung und -nutzung pr\u00e4sentieren, so dass Ihre Kunden schneller und mit weniger Anrufen bei Ihrem Support loslegen k\u00f6nnen.<\/p>\n<\/div><\/div>\n\n\n\n<div style=\"height:var(--wp--preset--spacing--80)\" aria-hidden=\"true\" class=\"wp-block-spacer\"><\/div>\n\n\n\n<div class=\"wp-block-cover\" style=\"border-radius:16px;min-height:360px;aspect-ratio:unset;\"><img loading=\"lazy\" decoding=\"async\" width=\"1000\" height=\"750\" class=\"wp-block-cover__image-background wp-image-7388 size-full\" alt=\"\" src=\"https:\/\/www.stepalong.com\/wp-content\/uploads\/2025\/04\/rattan.jpg\" data-object-fit=\"cover\" srcset=\"https:\/\/www.stepalong.com\/wp-content\/uploads\/2025\/04\/rattan.jpg 1000w, https:\/\/www.stepalong.com\/wp-content\/uploads\/2025\/04\/rattan-300x225.jpg 300w, https:\/\/www.stepalong.com\/wp-content\/uploads\/2025\/04\/rattan-768x576.jpg 768w, https:\/\/www.stepalong.com\/wp-content\/uploads\/2025\/04\/rattan-16x12.jpg 16w\" sizes=\"auto, (max-width: 1000px) 100vw, 1000px\" \/><span aria-hidden=\"true\" class=\"wp-block-cover__background has-raft-fg-background-color has-background-dim-60 has-background-dim\"><\/span><div class=\"wp-block-cover__inner-container is-layout-constrained wp-block-cover-is-layout-constrained\">\n<div class=\"wp-block-columns is-layout-flex wp-container-core-columns-is-layout-4f8469d8 wp-block-columns-is-layout-flex\" style=\"padding-top:var(--wp--preset--spacing--60);padding-right:var(--wp--preset--spacing--60);padding-bottom:var(--wp--preset--spacing--60);padding-left:var(--wp--preset--spacing--60)\">\n<div class=\"wp-block-column is-vertically-aligned-center is-layout-flow wp-block-column-is-layout-flow\" style=\"flex-basis:33.33%\">\n<figure class=\"wp-block-image size-full\"><img loading=\"lazy\" decoding=\"async\" width=\"610\" height=\"150\" src=\"https:\/\/www.stepalong.com\/wp-content\/uploads\/2025\/04\/time4sleep-logo-white.png\" alt=\"Time4Sleep\" class=\"wp-image-7385\" srcset=\"https:\/\/www.stepalong.com\/wp-content\/uploads\/2025\/04\/time4sleep-logo-white.png 610w, https:\/\/www.stepalong.com\/wp-content\/uploads\/2025\/04\/time4sleep-logo-white-300x74.png 300w, https:\/\/www.stepalong.com\/wp-content\/uploads\/2025\/04\/time4sleep-logo-white-18x4.png 18w\" sizes=\"auto, (max-width: 610px) 100vw, 610px\" \/><\/figure>\n<\/div>\n\n\n\n<div class=\"wp-block-column is-layout-flow wp-block-column-is-layout-flow\" style=\"flex-basis:66.66%\">\n<p class=\"has-raft-bg-alt-color has-text-color has-link-color wp-elements-f4891054c9576b95ef229fdfd9205954\"><a href=\"https:\/\/www.stepalong.com\/de\/kunden-time4sleep\/\" data-type=\"page\" data-id=\"7376\">Time4Sleep &amp; StepAlong<\/a><\/p>\n\n\n\n<p class=\"has-medium-font-size\"><strong>StepAlong erm\u00f6glichte es Time4Sleep, die Produktinformationen zu modernisieren, Aktualisierungsengp\u00e4sse zu beseitigen und die Kundenerfahrung mit klaren, durchsuchbaren Anleitungen zu verbessern.<\/strong><\/p>\n\n\n\n<div class=\"wp-block-buttons is-layout-flex wp-block-buttons-is-layout-flex\">\n<div class=\"wp-block-button is-style-outline is-style-outline--2\"><a class=\"wp-block-button__link wp-element-button\" href=\"https:\/\/www.stepalong.com\/de\/kunden-time4sleep\/\">Fallstudie lesen<\/a><\/div>\n<\/div>\n<\/div>\n<\/div>\n<\/div><\/div>\n\n\n\n<div style=\"height:var(--wp--preset--spacing--80)\" aria-hidden=\"true\" class=\"wp-block-spacer\"><\/div>\n\n\n\n<div class=\"wp-block-columns is-layout-flex wp-container-core-columns-is-layout-14cf5ab5 wp-block-columns-is-layout-flex\">\n<div class=\"wp-block-column is-layout-flow wp-block-column-is-layout-flow\">\n<div class=\"wp-block-group feature is-layout-constrained wp-block-group-is-layout-constrained\">\n<div class=\"wp-block-columns is-layout-flex wp-container-core-columns-is-layout-cbe57604 wp-block-columns-is-layout-flex\">\n<div class=\"wp-block-column is-layout-flow wp-block-column-is-layout-flow\">\n<figure class=\"wp-block-image size-large rounded\"><img loading=\"lazy\" decoding=\"async\" width=\"1024\" height=\"1024\" src=\"https:\/\/www.stepalong.com\/wp-content\/uploads\/2025\/08\/stepalong-roi-calculator-1024x1024.webp\" alt=\"StepAlong ROI-Rechner\" class=\"wp-image-8026\" srcset=\"https:\/\/www.stepalong.com\/wp-content\/uploads\/2025\/08\/stepalong-roi-calculator-1024x1024.webp 1024w, https:\/\/www.stepalong.com\/wp-content\/uploads\/2025\/08\/stepalong-roi-calculator-300x300.webp 300w, https:\/\/www.stepalong.com\/wp-content\/uploads\/2025\/08\/stepalong-roi-calculator-150x150.webp 150w, https:\/\/www.stepalong.com\/wp-content\/uploads\/2025\/08\/stepalong-roi-calculator-768x768.webp 768w, https:\/\/www.stepalong.com\/wp-content\/uploads\/2025\/08\/stepalong-roi-calculator-12x12.webp 12w, https:\/\/www.stepalong.com\/wp-content\/uploads\/2025\/08\/stepalong-roi-calculator.webp 1420w\" sizes=\"auto, (max-width: 1024px) 100vw, 1024px\" \/><\/figure>\n<\/div>\n\n\n\n<div class=\"wp-block-column is-layout-flow wp-block-column-is-layout-flow\">\n<h3 class=\"wp-block-heading\">Berechnen Sie Ihr Einsparungspotenzial<\/h3>\n\n\n\n<p>Entdecken Sie, wie viel Ihr Unternehmen durch den Umstieg auf die KI-gest\u00fctzte digitale Unterrichtsplattform von StepAlong sparen kann.<\/p>\n\n\n\n<div style=\"height:0px\" aria-hidden=\"true\" class=\"wp-block-spacer\"><\/div>\n<\/div>\n<\/div>\n\n\n\n<div style=\"height:1em\" aria-hidden=\"true\" class=\"wp-block-spacer\"><\/div>\n\n\n\n<div class=\"wp-block-buttons is-content-justification-center is-layout-flex wp-container-core-buttons-is-layout-a89b3969 wp-block-buttons-is-layout-flex\">\n<div class=\"wp-block-button is-style-outline is-style-outline--3\"><a class=\"wp-block-button__link has-custom-purple-color has-text-color has-link-color has-border-color has-custom-purple-border-color wp-element-button\" href=\"https:\/\/www.stepalong.com\/de\/rendite-rechner\/\">Berechnen Sie Ihre Ersparnisse<\/a><\/div>\n<\/div>\n<\/div>\n<\/div>\n\n\n\n<div class=\"wp-block-column is-vertically-aligned-center is-layout-flow wp-block-column-is-layout-flow\">\n<p>Bei StepAlong haben wir uns darauf konzentriert, was Kunden f\u00fcr eine gute Produktanleitung brauchen:<\/p>\n\n\n\n<ul class=\"wp-block-list\">\n<li><strong>Mobile-first<\/strong><br>Keine App-Downloads erforderlich, einfach \u00f6ffnen und folgen<\/li>\n\n\n\n<li><strong>Gef\u00fchrte Schritte<\/strong><br>Eine logische, schrittweise Struktur f\u00fcr mehr Klarheit<\/li>\n\n\n\n<li><strong>Flexible Formate<\/strong><br>PDFs zum Herunterladen f\u00fcr diejenigen, die sie bevorzugen<\/li>\n\n\n\n<li><strong>Einfache Entdeckung<\/strong><br>Erreichbar \u00fcber Google, ChatGPT und andere Suchmaschinen<\/li>\n\n\n\n<li><strong>Lokalisierte Inhalte<\/strong><br>Anweisungen in der Sprache Ihrer Kunden<\/li>\n<\/ul>\n\n\n\n<div style=\"height:1em\" aria-hidden=\"true\" class=\"wp-block-spacer\"><\/div>\n\n\n\n<div class=\"wp-block-buttons is-content-justification-center is-layout-flex wp-container-core-buttons-is-layout-a89b3969 wp-block-buttons-is-layout-flex\">\n<div class=\"wp-block-button is-style-fill\"><a class=\"wp-block-button__link has-raft-fg-alt-color has-custom-purple-background-color has-text-color has-background has-link-color has-text-align-center wp-element-button\" href=\"https:\/\/www.stepalong.com\/de\/eine-demo-buchen\/\">Demo buchen<\/a><\/div>\n<\/div>\n<\/div>\n<\/div>\n\n\n\n<p><\/p>","protected":false},"excerpt":{"rendered":"<p>Ihre PDF-Anleitungen funktionieren nicht Haben Sie Zeit und Geld in die Entwicklung einer gro\u00dfartigen Marke investiert, um sie dann mit schlechten Aufbau- und Verwendungsanleitungen zu verderben? Mit StepAlong k\u00f6nnen Unternehmen, die Konsumg\u00fcter herstellen, Produktanleitungen erstellen, die ihren Kunden wirklich helfen (und nicht auf die miserablen PDFs fluchen). Ihr Produkt-Tutorial, wo es [...]<\/p>","protected":false},"author":1,"featured_media":0,"parent":0,"menu_order":0,"comment_status":"closed","ping_status":"closed","template":"wp-custom-template-landing-page-b","meta":{"content-type":"","_uag_custom_page_level_css":"","footnotes":""},"class_list":["post-3494","page","type-page","status-publish","hentry"],"aioseo_notices":[],"mb":[],"uagb_featured_image_src":{"full":false,"thumbnail":false,"medium":false,"medium_large":false,"large":false,"1536x1536":false,"2048x2048":false,"trp-custom-language-flag":false},"uagb_author_info":{"display_name":"Sergi S\u00e1nchez Mancha","author_link":"https:\/\/www.stepalong.com\/de\/author\/sergiostepalong-com\/"},"uagb_comment_info":0,"uagb_excerpt":"Your PDF instructions aren&#8217;t working Have you spent time and money creating a great brand, then spoil it with poor setup and usage instructions? StepAlong is a powerful way for consumer product companies to create product tutorials that really help their customers (and not swear and curse the crappy PDF). Your product tutorial where it&hellip;","mfb_rest_fields":["title","aioseo_notices","uagb_featured_image_src","uagb_author_info","uagb_comment_info","uagb_excerpt"],"_links":{"self":[{"href":"https:\/\/www.stepalong.com\/de\/wp-json\/wp\/v2\/pages\/3494","targetHints":{"allow":["GET"]}}],"collection":[{"href":"https:\/\/www.stepalong.com\/de\/wp-json\/wp\/v2\/pages"}],"about":[{"href":"https:\/\/www.stepalong.com\/de\/wp-json\/wp\/v2\/types\/page"}],"author":[{"embeddable":true,"href":"https:\/\/www.stepalong.com\/de\/wp-json\/wp\/v2\/users\/1"}],"replies":[{"embeddable":true,"href":"https:\/\/www.stepalong.com\/de\/wp-json\/wp\/v2\/comments?post=3494"}],"version-history":[{"count":60,"href":"https:\/\/www.stepalong.com\/de\/wp-json\/wp\/v2\/pages\/3494\/revisions"}],"predecessor-version":[{"id":8010,"href":"https:\/\/www.stepalong.com\/de\/wp-json\/wp\/v2\/pages\/3494\/revisions\/8010"}],"wp:attachment":[{"href":"https:\/\/www.stepalong.com\/de\/wp-json\/wp\/v2\/media?parent=3494"}],"curies":[{"name":"wp","href":"https:\/\/api.w.org\/{rel}","templated":true}]}}