{"id":3229,"date":"2023-10-12T16:02:55","date_gmt":"2023-10-12T14:02:55","guid":{"rendered":"https:\/\/www.stepalong.com\/?page_id=3229"},"modified":"2025-08-27T20:40:48","modified_gmt":"2025-08-27T18:40:48","slug":"merkmale","status":"publish","type":"page","link":"https:\/\/www.stepalong.com\/de\/merkmale\/","title":{"rendered":"StepAlong Produkteigenschaften"},"content":{"rendered":"<p class=\"has-large-font-size\"><strong>StepAlong ist ein KI-gest\u00fctztes Tool zur Erstellung effektiver Produktanleitungen, die das Kundenerlebnis verbessern<\/strong><\/p>\n\n\n\n<p>Schaffen Sie frustrationsfreie Erlebnisse mit m\u00fchelosen Produktanleitungen, die durch KI vereinfacht werden.<\/p>\n\n\n\n<p>Der Schwerpunkt liegt auf Verbrauchermarken mit physischen, realen Produkten und Projekten.<\/p>\n\n\n\n<div class=\"wp-block-buttons is-layout-flex wp-block-buttons-is-layout-flex\">\n<div class=\"wp-block-button\"><a class=\"wp-block-button__link wp-element-button\" href=\"https:\/\/www.stepalong.com\/de\/eine-demo-buchen\/\" style=\"border-style:none;border-width:0px\">Demo buchen<\/a><\/div>\n<\/div>\n\n\n\n<div style=\"height:4em\" aria-hidden=\"true\" class=\"wp-block-spacer\"><\/div>\n\n\n\n<div class=\"wp-block-columns is-layout-flex wp-container-core-columns-is-layout-14cf5ab5 wp-block-columns-is-layout-flex\">\n<div class=\"wp-block-column is-layout-flow wp-block-column-is-layout-flow\" style=\"flex-basis:50%\">\n<div class=\"wp-block-uagb-advanced-heading uagb-block-ea1f6497\"><h2 class=\"uagb-heading-text\">Der StepAlong Player<\/h2><\/div>\n\n\n\n<p>Ersetzt verwirrende PDFs und frustrierende Videos und bietet eine neue, benutzerorientierte Methode, um Produktanleitungen zu folgen.<\/p>\n\n\n\n<ul class=\"wp-block-list\">\n<li>Erledigen Sie die Aufgabe in Ihrem eigenen Tempo.<\/li>\n\n\n\n<li>Ein schrittweiser Ansatz zur Aufschl\u00fcsselung der Komplexit\u00e4t.<\/li>\n\n\n\n<li>M\u00f6glichkeit, den Autor um kontextbezogene Hilfe zu bitten.<\/li>\n\n\n\n<li>Funktioniert ger\u00e4te\u00fcbergreifend.<\/li>\n<\/ul>\n<\/div>\n\n\n\n<div class=\"wp-block-column is-layout-flow wp-block-column-is-layout-flow\" style=\"flex-basis:50%\">\n<figure class=\"wp-block-image size-full\"><img loading=\"lazy\" decoding=\"async\" width=\"1175\" height=\"875\" src=\"https:\/\/www.stepalong.com\/wp-content\/uploads\/2024\/08\/StepAlong-player-1.png\" alt=\"StepAlong-Spieler\" class=\"wp-image-5256\" srcset=\"https:\/\/www.stepalong.com\/wp-content\/uploads\/2024\/08\/StepAlong-player-1.png 1175w, https:\/\/www.stepalong.com\/wp-content\/uploads\/2024\/08\/StepAlong-player-1-300x223.png 300w, https:\/\/www.stepalong.com\/wp-content\/uploads\/2024\/08\/StepAlong-player-1-1024x763.png 1024w, https:\/\/www.stepalong.com\/wp-content\/uploads\/2024\/08\/StepAlong-player-1-768x572.png 768w, https:\/\/www.stepalong.com\/wp-content\/uploads\/2024\/08\/StepAlong-player-1-16x12.png 16w\" sizes=\"auto, (max-width: 1175px) 100vw, 1175px\" \/><\/figure>\n<\/div>\n<\/div>\n\n\n\n<div style=\"height:4em\" aria-hidden=\"true\" class=\"wp-block-spacer\"><\/div>\n\n\n\n<div class=\"wp-block-columns is-layout-flex wp-container-core-columns-is-layout-14cf5ab5 wp-block-columns-is-layout-flex\">\n<div class=\"wp-block-column is-layout-flow wp-block-column-is-layout-flow\" style=\"flex-basis:50%\">\n<figure class=\"wp-block-image size-large\"><img loading=\"lazy\" decoding=\"async\" width=\"1024\" height=\"723\" src=\"https:\/\/www.stepalong.com\/wp-content\/uploads\/2024\/08\/StepAlong-Shopify-1024x723.png\" alt=\"StepAlong Shopify\" class=\"wp-image-5237\" srcset=\"https:\/\/www.stepalong.com\/wp-content\/uploads\/2024\/08\/StepAlong-Shopify-1024x723.png 1024w, https:\/\/www.stepalong.com\/wp-content\/uploads\/2024\/08\/StepAlong-Shopify-300x212.png 300w, https:\/\/www.stepalong.com\/wp-content\/uploads\/2024\/08\/StepAlong-Shopify-768x542.png 768w, https:\/\/www.stepalong.com\/wp-content\/uploads\/2024\/08\/StepAlong-Shopify-18x12.png 18w, https:\/\/www.stepalong.com\/wp-content\/uploads\/2024\/08\/StepAlong-Shopify.png 1405w\" sizes=\"auto, (max-width: 1024px) 100vw, 1024px\" \/><\/figure>\n<\/div>\n\n\n\n<div class=\"wp-block-column is-layout-flow wp-block-column-is-layout-flow\" style=\"flex-basis:50%\">\n<h2 class=\"wp-block-heading\">Flexible Ver\u00f6ffentlichung<\/h2>\n\n\n\n<p>Ver\u00f6ffentlichen Sie \u00fcberall und jederzeit:<\/p>\n\n\n\n<ul class=\"wp-block-list\">\n<li>So einfach wie das Hinzuf\u00fcgen eines YouTube-Videos.<\/li>\n\n\n\n<li>Shopify und WooCommerce.<\/li>\n\n\n\n<li>Partner-Websites.<\/li>\n\n\n\n<li>Mit Zugangscode ver\u00f6ffentlichen.<\/li>\n\n\n\n<li>Optionen zur gemeinsamen Nutzung.<\/li>\n\n\n\n<li>Integrierter QR-Generator.<\/li>\n<\/ul>\n<\/div>\n<\/div>\n\n\n\n<div style=\"height:4em\" aria-hidden=\"true\" class=\"wp-block-spacer\"><\/div>\n\n\n\n<div class=\"wp-block-columns is-layout-flex wp-container-core-columns-is-layout-14cf5ab5 wp-block-columns-is-layout-flex\">\n<div class=\"wp-block-column is-layout-flow wp-block-column-is-layout-flow\" style=\"flex-basis:50%\">\n<h2 class=\"wp-block-heading\">Wiederverwendung bestehender Anweisungen mit AI<\/h2>\n\n\n\n<p>F\u00fcgen Sie die URL Ihres YouTube-Videos hinzu oder kopieren Sie Ihren Text und StepAlong erledigt den Rest.<\/p>\n\n\n\n<ul class=\"wp-block-list\">\n<li>KI-gest\u00fctzte Konvertierung von Produkttutorials, Anleitungen oder How-Tos.<\/li>\n\n\n\n<li>Verwandelt Videos in ein gezieltes StepAlong, dem die Kunden in ihrem eigenen Tempo folgen k\u00f6nnen.<\/li>\n\n\n\n<li>Wandelt schriftliche Anweisungen in ein strukturiertes, leicht zu navigierendes Dokument um.<\/li>\n\n\n\n<li>Der Kunde kann selbst entscheiden, wann er zum n\u00e4chsten Schritt \u00fcbergehen will, und kann leicht zur\u00fcckgehen.<\/li>\n<\/ul>\n\n\n\n<p><a href=\"https:\/\/www.stepalong.com\/de\/wiederverwendung-von-youtube-inhalten-als-ki-gestutzte-produkttutorials\/\" title=\"Wiederverwendung von YouTube-Videos f\u00fcr KI-gest\u00fctzte Produkttutorials\">Lesen Sie mehr \u00fcber die Wiederverwendung von Inhalten mit KI<\/a><\/p>\n<\/div>\n\n\n\n<div class=\"wp-block-column is-layout-flow wp-block-column-is-layout-flow\" style=\"flex-basis:50%\">\n<figure class=\"wp-block-image size-full\"><img loading=\"lazy\" decoding=\"async\" width=\"739\" height=\"749\" src=\"https:\/\/www.stepalong.com\/wp-content\/uploads\/2024\/08\/YouTube-to-StepAlong-1.png\" alt=\"YouTube zu StepAlong\" class=\"wp-image-5242\" srcset=\"https:\/\/www.stepalong.com\/wp-content\/uploads\/2024\/08\/YouTube-to-StepAlong-1.png 739w, https:\/\/www.stepalong.com\/wp-content\/uploads\/2024\/08\/YouTube-to-StepAlong-1-296x300.png 296w, https:\/\/www.stepalong.com\/wp-content\/uploads\/2024\/08\/YouTube-to-StepAlong-1-12x12.png 12w\" sizes=\"auto, (max-width: 739px) 100vw, 739px\" \/><\/figure>\n<\/div>\n<\/div>\n\n\n\n<div style=\"height:4em\" aria-hidden=\"true\" class=\"wp-block-spacer\"><\/div>\n\n\n\n<div class=\"wp-block-columns is-layout-flex wp-container-core-columns-is-layout-14cf5ab5 wp-block-columns-is-layout-flex\">\n<div class=\"wp-block-column is-layout-flow wp-block-column-is-layout-flow\" style=\"flex-basis:50%\">\n<figure class=\"wp-block-image size-large\"><img loading=\"lazy\" decoding=\"async\" width=\"1024\" height=\"664\" src=\"https:\/\/www.stepalong.com\/wp-content\/uploads\/2024\/08\/StepAlong-dashboard-1-1024x664.png\" alt=\"StepAlong-Dashboard\" class=\"wp-image-5246\" srcset=\"https:\/\/www.stepalong.com\/wp-content\/uploads\/2024\/08\/StepAlong-dashboard-1-1024x664.png 1024w, https:\/\/www.stepalong.com\/wp-content\/uploads\/2024\/08\/StepAlong-dashboard-1-300x195.png 300w, https:\/\/www.stepalong.com\/wp-content\/uploads\/2024\/08\/StepAlong-dashboard-1-768x498.png 768w, https:\/\/www.stepalong.com\/wp-content\/uploads\/2024\/08\/StepAlong-dashboard-1-1536x996.png 1536w, https:\/\/www.stepalong.com\/wp-content\/uploads\/2024\/08\/StepAlong-dashboard-1-18x12.png 18w, https:\/\/www.stepalong.com\/wp-content\/uploads\/2024\/08\/StepAlong-dashboard-1.png 1540w\" sizes=\"auto, (max-width: 1024px) 100vw, 1024px\" \/><\/figure>\n<\/div>\n\n\n\n<div class=\"wp-block-column is-layout-flow wp-block-column-is-layout-flow\" style=\"flex-basis:50%\">\n<h2 class=\"wp-block-heading\">Erstellen und Aktualisieren in einem Dashboard<\/h2>\n\n\n\n<p>Ein spezielles Tool f\u00fcr Anleitungen und Produkttutorials.<\/p>\n\n\n\n<ul class=\"wp-block-list\">\n<li>Bauen Sie \u00fcberall: auf Ihrem Telefon oder an Ihrem Schreibtisch.<\/li>\n\n\n\n<li>Achten Sie auf Struktur und Konsistenz in Ihren Anleitungen.<\/li>\n\n\n\n<li>F\u00fcgen Sie Bilder, Videos und Text f\u00fcr eine klare visuelle Anleitung hinzu.<\/li>\n<\/ul>\n<\/div>\n<\/div>\n\n\n\n<div style=\"height:4em\" aria-hidden=\"true\" class=\"wp-block-spacer\"><\/div>\n\n\n\n<div class=\"wp-block-columns is-layout-flex wp-container-core-columns-is-layout-14cf5ab5 wp-block-columns-is-layout-flex\">\n<div class=\"wp-block-column is-layout-flow wp-block-column-is-layout-flow\" style=\"flex-basis:50%\">\n<h2 class=\"wp-block-heading\">Unterrichtserfolg messen<\/h2>\n\n\n\n<p>Aktualisieren, verdeutlichen und verbessern Sie Ihren StepAlong mit Hilfe der Lehranalyse auf eine Weise, die Sie noch nie zuvor hatten:<\/p>\n\n\n\n<ul class=\"wp-block-list\">\n<li>Benutzerbewertungen zur Aufgabenerf\u00fcllung und Erfahrung.<\/li>\n\n\n\n<li>Analysen: Verweise, Aufrufe und Abschl\u00fcsse.<\/li>\n\n\n\n<li>Erhalten Sie Feedback zu verwirrenden Schritten.<\/li>\n<\/ul>\n<\/div>\n\n\n\n<div class=\"wp-block-column is-layout-flow wp-block-column-is-layout-flow\" style=\"flex-basis:50%\">\n<figure class=\"wp-block-image size-large\"><img loading=\"lazy\" decoding=\"async\" width=\"1024\" height=\"978\" src=\"https:\/\/www.stepalong.com\/wp-content\/uploads\/2024\/08\/StepAlong-analytics-1024x978.png\" alt=\"StepAlong-Analytik\" class=\"wp-image-5247\" srcset=\"https:\/\/www.stepalong.com\/wp-content\/uploads\/2024\/08\/StepAlong-analytics-1024x978.png 1024w, https:\/\/www.stepalong.com\/wp-content\/uploads\/2024\/08\/StepAlong-analytics-300x287.png 300w, https:\/\/www.stepalong.com\/wp-content\/uploads\/2024\/08\/StepAlong-analytics-768x734.png 768w, https:\/\/www.stepalong.com\/wp-content\/uploads\/2024\/08\/StepAlong-analytics-13x12.png 13w, https:\/\/www.stepalong.com\/wp-content\/uploads\/2024\/08\/StepAlong-analytics.png 1124w\" sizes=\"auto, (max-width: 1024px) 100vw, 1024px\" \/><\/figure>\n<\/div>\n<\/div>\n\n\n\n<div style=\"height:4em\" aria-hidden=\"true\" class=\"wp-block-spacer\"><\/div>\n\n\n\n<div class=\"wp-block-columns is-layout-flex wp-container-core-columns-is-layout-14cf5ab5 wp-block-columns-is-layout-flex\">\n<div class=\"wp-block-column is-layout-flow wp-block-column-is-layout-flow\" style=\"flex-basis:50%\">\n<figure class=\"wp-block-image size-large\"><img loading=\"lazy\" decoding=\"async\" width=\"1024\" height=\"786\" src=\"https:\/\/www.stepalong.com\/wp-content\/uploads\/2024\/08\/StepAlong-translations-1024x786.png\" alt=\"StepAlong-\u00dcbersetzungen\" class=\"wp-image-5248\" srcset=\"https:\/\/www.stepalong.com\/wp-content\/uploads\/2024\/08\/StepAlong-translations-1024x786.png 1024w, https:\/\/www.stepalong.com\/wp-content\/uploads\/2024\/08\/StepAlong-translations-300x230.png 300w, https:\/\/www.stepalong.com\/wp-content\/uploads\/2024\/08\/StepAlong-translations-768x590.png 768w, https:\/\/www.stepalong.com\/wp-content\/uploads\/2024\/08\/StepAlong-translations-16x12.png 16w, https:\/\/www.stepalong.com\/wp-content\/uploads\/2024\/08\/StepAlong-translations.png 1124w\" sizes=\"auto, (max-width: 1024px) 100vw, 1024px\" \/><\/figure>\n<\/div>\n\n\n\n<div class=\"wp-block-column is-layout-flow wp-block-column-is-layout-flow\" style=\"flex-basis:50%\">\n<h2 class=\"wp-block-heading\">\u00dcbersetzen leicht gemacht<\/h2>\n\n\n\n<p>Kontextsensitive, qualitativ hochwertige KI-\u00dcbersetzungen.<\/p>\n\n\n\n<ul class=\"wp-block-list\">\n<li>Eine einfache Schnittstelle erm\u00f6glicht Ihnen die \u00dcberpr\u00fcfung und Aktualisierung aller \u00dcbersetzungen.<\/li>\n\n\n\n<li>F\u00fcgen Sie Mitarbeiter hinzu, die \u00dcbersetzungen \u00fcberarbeiten und bearbeiten.<\/li>\n\n\n\n<li>Mehrsprachige Inhalte erh\u00f6hen die Sichtbarkeit Ihrer Produkte in internationalen Suchergebnissen.<\/li>\n<\/ul>\n\n\n\n<p><a href=\"https:\/\/www.stepalong.com\/de\/ai-product-instructions-ubersetzung\/\">Lesen Sie mehr \u00fcber unsere KI-gest\u00fctzte \u00dcbersetzung<\/a><\/p>\n<\/div>\n<\/div>\n\n\n\n<div style=\"height:4em\" aria-hidden=\"true\" class=\"wp-block-spacer\"><\/div>\n\n\n\n<div class=\"wp-block-columns is-layout-flex wp-container-core-columns-is-layout-14cf5ab5 wp-block-columns-is-layout-flex\">\n<div class=\"wp-block-column is-layout-flow wp-block-column-is-layout-flow\">\n<h2 class=\"wp-block-heading\">Schl\u00fcsselfertiges Schulungszentrum<\/h2>\n\n\n\n<p>Eine Wissensdatenbank f\u00fcr Ihre Produktanleitungen:<\/p>\n\n\n\n<ul class=\"wp-block-list\">\n<li>Gehostet auf einer benutzerdefinierten Subdomain Ihrer Website, z. B. instructions.yoursite.com<\/li>\n\n\n\n<li>Ihr Marken-Look &amp; Feel.<\/li>\n\n\n\n<li>Vollst\u00e4ndige Kontrolle \u00fcber Ihr StepAlong Dashboard.<\/li>\n<\/ul>\n<\/div>\n\n\n\n<div class=\"wp-block-column is-layout-flow wp-block-column-is-layout-flow\">\n<figure class=\"wp-block-image size-large\"><img loading=\"lazy\" decoding=\"async\" width=\"1024\" height=\"773\" src=\"https:\/\/www.stepalong.com\/wp-content\/uploads\/2024\/08\/StepAlong-Instruction-Center-1024x773.png\" alt=\"StepAlong-Instruction-Center\" class=\"wp-image-5251\" srcset=\"https:\/\/www.stepalong.com\/wp-content\/uploads\/2024\/08\/StepAlong-Instruction-Center-1024x773.png 1024w, https:\/\/www.stepalong.com\/wp-content\/uploads\/2024\/08\/StepAlong-Instruction-Center-300x227.png 300w, https:\/\/www.stepalong.com\/wp-content\/uploads\/2024\/08\/StepAlong-Instruction-Center-768x580.png 768w, https:\/\/www.stepalong.com\/wp-content\/uploads\/2024\/08\/StepAlong-Instruction-Center-16x12.png 16w, https:\/\/www.stepalong.com\/wp-content\/uploads\/2024\/08\/StepAlong-Instruction-Center.png 1189w\" sizes=\"auto, (max-width: 1024px) 100vw, 1024px\" \/><\/figure>\n<\/div>\n<\/div>\n\n\n\n<div style=\"height:4em\" aria-hidden=\"true\" class=\"wp-block-spacer\"><\/div>\n\n\n\n<div class=\"wp-block-columns is-layout-flex wp-container-core-columns-is-layout-14cf5ab5 wp-block-columns-is-layout-flex\">\n<div class=\"wp-block-column is-layout-flow wp-block-column-is-layout-flow\">\n<figure class=\"wp-block-image size-large\"><img loading=\"lazy\" decoding=\"async\" width=\"1024\" height=\"870\" src=\"https:\/\/www.stepalong.com\/wp-content\/uploads\/2024\/08\/StepAlong-pdf-1-1024x870.png\" alt=\"StepAlong-pdf\" class=\"wp-image-5258\" srcset=\"https:\/\/www.stepalong.com\/wp-content\/uploads\/2024\/08\/StepAlong-pdf-1-1024x870.png 1024w, https:\/\/www.stepalong.com\/wp-content\/uploads\/2024\/08\/StepAlong-pdf-1-300x255.png 300w, https:\/\/www.stepalong.com\/wp-content\/uploads\/2024\/08\/StepAlong-pdf-1-768x653.png 768w, https:\/\/www.stepalong.com\/wp-content\/uploads\/2024\/08\/StepAlong-pdf-1-14x12.png 14w, https:\/\/www.stepalong.com\/wp-content\/uploads\/2024\/08\/StepAlong-pdf-1.png 1354w\" sizes=\"auto, (max-width: 1024px) 100vw, 1024px\" \/><\/figure>\n<\/div>\n\n\n\n<div class=\"wp-block-column is-layout-flow wp-block-column-is-layout-flow\">\n<h2 class=\"wp-block-heading\">PDF-Generation<\/h2>\n\n\n\n<p>Druckbare \/ PDF-Version des StepAlong f\u00fcr Endverbraucher, die ihn noch sch\u00e4tzen.<\/p>\n\n\n\n<ul class=\"wp-block-list\">\n<li>Angemessene Schriftgr\u00f6\u00dfe f\u00fcr gute Lesbarkeit.<\/li>\n\n\n\n<li>QR-Code, um immer die Online-Version als Referenz zu haben.<\/li>\n\n\n\n<li>Bilder, die das gesamte Layout verwenden, damit die Nutzer alle Details sehen k\u00f6nnen.<\/li>\n\n\n\n<li>PDFs k\u00f6nnen in allen Sprachen erzeugt werden, in denen Sie Ihre Anleitungen erstellt haben.<\/li>\n<\/ul>\n<\/div>\n<\/div>\n\n\n\n<div style=\"height:100px\" aria-hidden=\"true\" class=\"wp-block-spacer\"><\/div>\n\n\n\n<div class=\"wp-block-columns is-layout-flex wp-container-core-columns-is-layout-14cf5ab5 wp-block-columns-is-layout-flex\">\n<div class=\"wp-block-column is-layout-flow wp-block-column-is-layout-flow\">\n<div class=\"wp-block-group feature is-layout-constrained wp-block-group-is-layout-constrained\">\n<div class=\"wp-block-columns is-layout-flex wp-container-core-columns-is-layout-cbe57604 wp-block-columns-is-layout-flex\">\n<div class=\"wp-block-column is-layout-flow wp-block-column-is-layout-flow\">\n<figure class=\"wp-block-image size-large rounded\"><img loading=\"lazy\" decoding=\"async\" width=\"1024\" height=\"1024\" src=\"https:\/\/www.stepalong.com\/wp-content\/uploads\/2025\/08\/stepalong-roi-calculator-1024x1024.webp\" alt=\"StepAlong ROI-Rechner\" class=\"wp-image-8026\" srcset=\"https:\/\/www.stepalong.com\/wp-content\/uploads\/2025\/08\/stepalong-roi-calculator-1024x1024.webp 1024w, https:\/\/www.stepalong.com\/wp-content\/uploads\/2025\/08\/stepalong-roi-calculator-300x300.webp 300w, https:\/\/www.stepalong.com\/wp-content\/uploads\/2025\/08\/stepalong-roi-calculator-150x150.webp 150w, https:\/\/www.stepalong.com\/wp-content\/uploads\/2025\/08\/stepalong-roi-calculator-768x768.webp 768w, https:\/\/www.stepalong.com\/wp-content\/uploads\/2025\/08\/stepalong-roi-calculator-12x12.webp 12w, https:\/\/www.stepalong.com\/wp-content\/uploads\/2025\/08\/stepalong-roi-calculator.webp 1420w\" sizes=\"auto, (max-width: 1024px) 100vw, 1024px\" \/><\/figure>\n<\/div>\n\n\n\n<div class=\"wp-block-column is-layout-flow wp-block-column-is-layout-flow\">\n<h3 class=\"wp-block-heading\">Berechnen Sie Ihr Einsparungspotenzial<\/h3>\n\n\n\n<p>Entdecken Sie, wie viel Ihr Unternehmen durch den Umstieg auf die KI-gest\u00fctzte digitale Unterrichtsplattform von StepAlong sparen kann.<\/p>\n\n\n\n<div style=\"height:0px\" aria-hidden=\"true\" class=\"wp-block-spacer\"><\/div>\n<\/div>\n<\/div>\n\n\n\n<div style=\"height:1em\" aria-hidden=\"true\" class=\"wp-block-spacer\"><\/div>\n\n\n\n<div class=\"wp-block-buttons is-content-justification-center is-layout-flex wp-container-core-buttons-is-layout-a89b3969 wp-block-buttons-is-layout-flex\">\n<div class=\"wp-block-button is-style-outline is-style-outline--1\"><a class=\"wp-block-button__link has-custom-purple-color has-text-color has-link-color has-border-color has-custom-purple-border-color wp-element-button\" href=\"https:\/\/www.stepalong.com\/de\/rendite-rechner\/\">Berechnen Sie Ihre Ersparnisse<\/a><\/div>\n<\/div>\n<\/div>\n<\/div>\n\n\n\n<div class=\"wp-block-column is-vertically-aligned-center is-layout-flow wp-block-column-is-layout-flow\">\n<p>Bei StepAlong haben wir uns darauf konzentriert, was Kunden f\u00fcr eine gute Produktanleitung brauchen:<\/p>\n\n\n\n<ul class=\"wp-block-list\">\n<li><strong>Mobile-first<\/strong><br>Keine App-Downloads erforderlich, einfach \u00f6ffnen und folgen<\/li>\n\n\n\n<li><strong>Gef\u00fchrte Schritte<\/strong><br>Eine logische, schrittweise Struktur f\u00fcr mehr Klarheit<\/li>\n\n\n\n<li><strong>Flexible Formate<\/strong><br>PDFs zum Herunterladen f\u00fcr diejenigen, die sie bevorzugen<\/li>\n\n\n\n<li><strong>Einfache Entdeckung<\/strong><br>Erreichbar \u00fcber Google, ChatGPT und andere Suchmaschinen<\/li>\n\n\n\n<li><strong>Lokalisierte Inhalte<\/strong><br>Anweisungen in der Sprache Ihrer Kunden<\/li>\n<\/ul>\n\n\n\n<div style=\"height:1em\" aria-hidden=\"true\" class=\"wp-block-spacer\"><\/div>\n\n\n\n<div class=\"wp-block-buttons is-content-justification-center is-layout-flex wp-container-core-buttons-is-layout-a89b3969 wp-block-buttons-is-layout-flex\">\n<div class=\"wp-block-button is-style-fill\"><a class=\"wp-block-button__link has-raft-fg-alt-color has-custom-purple-background-color has-text-color has-background has-link-color has-text-align-center wp-element-button\" href=\"https:\/\/www.stepalong.com\/de\/eine-demo-buchen\/\">Demo buchen<\/a><\/div>\n<\/div>\n<\/div>\n<\/div>","protected":false},"excerpt":{"rendered":"<p>StepAlong ist ein KI-gest\u00fctztes Tool zur Erstellung effektiver Produktanleitungen, die das Kundenerlebnis verbessern. Erstellen Sie frustrationsfreie Erfahrungen mit m\u00fchelosen Produktanleitungen, die durch KI vereinfacht werden. Der Fokus liegt auf Verbrauchermarken mit physischen, realen Produkten und Projekten. Der StepAlong Player ersetzt verwirrende PDFs und frustrierende Videos und bietet eine neue, nutzerorientierte M\u00f6glichkeit, Produktanleitungen zu folgen [...]<\/p>","protected":false},"author":1,"featured_media":0,"parent":0,"menu_order":0,"comment_status":"closed","ping_status":"closed","template":"wp-custom-template-landing-page","meta":{"content-type":"","_uag_custom_page_level_css":"","footnotes":""},"class_list":["post-3229","page","type-page","status-publish","hentry"],"aioseo_notices":[],"mb":[],"uagb_featured_image_src":{"full":false,"thumbnail":false,"medium":false,"medium_large":false,"large":false,"1536x1536":false,"2048x2048":false,"trp-custom-language-flag":false},"uagb_author_info":{"display_name":"Sergi S\u00e1nchez Mancha","author_link":"https:\/\/www.stepalong.com\/de\/author\/sergiostepalong-com\/"},"uagb_comment_info":0,"uagb_excerpt":"StepAlong is an AI powered tool to create effective product instructions that improve the customer experience Build frustration-free experiences with effortless product instructions, made simple by AI. Focussed on consumer brands with physical, real life products and projects. The StepAlong Player Replaces confusing PDFs and frustrating videos, offering a new, user-focused way to follow product&hellip;","mfb_rest_fields":["title","aioseo_notices","uagb_featured_image_src","uagb_author_info","uagb_comment_info","uagb_excerpt"],"_links":{"self":[{"href":"https:\/\/www.stepalong.com\/de\/wp-json\/wp\/v2\/pages\/3229","targetHints":{"allow":["GET"]}}],"collection":[{"href":"https:\/\/www.stepalong.com\/de\/wp-json\/wp\/v2\/pages"}],"about":[{"href":"https:\/\/www.stepalong.com\/de\/wp-json\/wp\/v2\/types\/page"}],"author":[{"embeddable":true,"href":"https:\/\/www.stepalong.com\/de\/wp-json\/wp\/v2\/users\/1"}],"replies":[{"embeddable":true,"href":"https:\/\/www.stepalong.com\/de\/wp-json\/wp\/v2\/comments?post=3229"}],"version-history":[{"count":84,"href":"https:\/\/www.stepalong.com\/de\/wp-json\/wp\/v2\/pages\/3229\/revisions"}],"predecessor-version":[{"id":8009,"href":"https:\/\/www.stepalong.com\/de\/wp-json\/wp\/v2\/pages\/3229\/revisions\/8009"}],"wp:attachment":[{"href":"https:\/\/www.stepalong.com\/de\/wp-json\/wp\/v2\/media?parent=3229"}],"curies":[{"name":"wp","href":"https:\/\/api.w.org\/{rel}","templated":true}]}}