{"id":2806,"date":"2023-07-04T14:57:01","date_gmt":"2023-07-04T14:57:01","guid":{"rendered":"https:\/\/stepalong.com\/?page_id=2806"},"modified":"2024-04-18T20:15:52","modified_gmt":"2024-04-18T18:15:52","slug":"datenschutzbestimmungen","status":"publish","type":"page","link":"https:\/\/www.stepalong.com\/de\/datenschutzbestimmungen\/","title":{"rendered":"StepAlong Datenschutzrichtlinie"},"content":{"rendered":"<h2 class=\"wp-block-heading\">Auszug<\/h2>\n\n\n\n<p>STEPALONG legt gro\u00dfen Wert auf Ihre Privatsph\u00e4re gem\u00e4\u00df GDPR und den damit verbundenen Datenschutzgesetzen. Unser <a href=\"#details\" title=\"StepAlong Datenschutzrichtlinie\">Datenschutzbestimmungen<\/a> werden die folgenden Grundprinzipien dargelegt:<\/p>\n\n\n\n<p><strong>1. Erhebung und Verwendung personenbezogener Daten (PI)<\/strong><\/p>\n\n\n\n<p>STEPALONG sammelt und verwendet PI (z.B. Name, Adresse, IP-Adresse) in \u00dcbereinstimmung mit den Datenschutzgesetzen.<\/p>\n\n\n\n<p><strong>2. Weitergabe von pers\u00f6nlichen Informationen<\/strong><\/p>\n\n\n\n<p>PI wird zu bestimmten Zwecken weitergegeben: auf Anfrage des Benutzers, zur Bearbeitung von Transaktionen, aufgrund gesetzlicher Vorschriften und an professionelle Berater von STEPALONG.<\/p>\n\n\n\n<p><strong>3. Zweck und Rechtsgrundlage der Verarbeitung<\/strong><\/p>\n\n\n\n<p>STEPALONG verarbeitet PI f\u00fcr Dienstleistungen, Transaktionen und Rekrutierung und st\u00fctzt sich dabei auf Rechtsgrundlagen wie Vertragserf\u00fcllung, Einwilligung und berechtigte Interessen.<\/p>\n\n\n\n<p><strong>4. Datensicherheit<\/strong><\/p>\n\n\n\n<p>Strenge Sicherheitsvorkehrungen und eingeschr\u00e4nkter Zugang gew\u00e4hrleisten die Sicherheit und Vertraulichkeit der PI.<\/p>\n\n\n\n<p><strong>5. Vorratsdatenspeicherung<\/strong><\/p>\n\n\n\n<p>Die Aufbewahrung von PI h\u00e4ngt von Faktoren wie vertraglichen Verpflichtungen, rechtlichen Erfordernissen und m\u00f6glichen Anspr\u00fcchen ab, wobei Bewerbungsdaten f\u00fcr einen bestimmten Zeitraum gespeichert werden.<\/p>\n\n\n\n<p><strong>6. Feedback und \u00c4nderungen<\/strong><\/p>\n\n\n\n<p>Die Benutzer k\u00f6nnen Feedback geben und STEPALONG kann die Richtlinie aktualisieren, wobei die \u00c4nderungen online ver\u00f6ffentlicht und Benachrichtigungen verschickt werden.<\/p>\n\n\n\n<p><strong>7. Zus\u00e4tzliche Informationen<\/strong><\/p>\n\n\n\n<p>Bei der \u00dcbermittlung von personenbezogenen Daten in L\u00e4nder au\u00dferhalb der EU\/des EWR werden Sicherheitsvorkehrungen getroffen. STEPALONG verwendet keine automatisierte Entscheidungsfindung.<\/p>\n\n\n\n<p>Die Nutzer haben Rechte, darunter das Recht auf Auskunft, Berichtigung und Widerruf der Einwilligung, und k\u00f6nnen sich gegen Marketingmitteilungen entscheiden.<\/p>\n\n\n\n<p>STEPALONG ergreift Sicherheitsma\u00dfnahmen, einschlie\u00dflich Verschl\u00fcsselung, und verwendet Cookies wie in der Cookie-Richtlinie beschrieben.<\/p>\n\n\n\n<p>Von STEPALONG-Websites verlinkte Websites von Dritten sind nicht abgedeckt.<\/p>\n\n\n\n<p><strong>8. Google API Services Nutzerdatenrichtlinie<\/strong><\/p>\n\n\n\n<p>Die Nutzung der von Google APIs erhaltenen Informationen durch STEPALONG und deren Weitergabe an eine andere Anwendung erfolgt unter Einhaltung der&nbsp;<a href=\"https:\/\/developers.google.com\/terms\/api-services-user-data-policy#additional_requirements_for_specific_api_scopes\">Google API Services Nutzerdatenrichtlinie<\/a>einschlie\u00dflich der Anforderungen f\u00fcr die begrenzte Nutzung.<\/p>\n\n\n\n<p><strong>9. Kontaktinformationen und Reklamationen<\/strong><\/p>\n\n\n\n<p>Die Nutzer k\u00f6nnen sich mit STEPALONG in Verbindung setzen, um R\u00fcckmeldungen zum Datenschutz zu erhalten oder Beschwerden bei der Datenschutzbeh\u00f6rde einzureichen.<\/p>\n\n\n\n<div style=\"height:100px\" aria-hidden=\"true\" id=\"details\" class=\"wp-block-spacer\"><\/div>\n\n\n\n<h2 class=\"wp-block-heading\">Vollst\u00e4ndige Details<\/h2>\n\n\n\n<p><strong>STEPALONG<\/strong> verpflichtet sich, Ihre Privatsph\u00e4re zu sch\u00fctzen und zu respektieren. In dieser Datenschutzrichtlinie (\"<strong>Datenschutzbestimmungen<\/strong>\"), erkl\u00e4ren wir, wie <strong>STEPALONG<\/strong> erhebt, verwendet, offenlegt und sch\u00fctzt die pers\u00f6nlichen Daten, die Sie uns \u00fcbermitteln, z. B. beim Zugriff auf und bei der Nutzung von <strong>STEPALONG<\/strong> Websites oder Bewerbungen auf Stellenausschreibungen.<\/p>\n\n\n\n<p>Unsere Datenschutzrichtlinie wurde in \u00dcbereinstimmung mit den geltenden Datenschutzgesetzen, insbesondere der Allgemeinen Datenschutzverordnung der EU (\"GDPR\"), verfasst. Wenn die GDPR nicht auf Sie zutrifft, sind m\u00f6glicherweise nicht alle Bestimmungen dieser Datenschutzrichtlinie f\u00fcr Sie relevant.<\/p>\n\n\n\n<p>Wie in dieser Datenschutzrichtlinie verwendet,<\/p>\n\n\n\n<ul class=\"wp-block-list\">\n<li>\"<strong>STEPALONG<\/strong>\", \"<strong>wir<\/strong>,\u201d \u201c<strong>unser<\/strong>\" und \"<strong>us<\/strong>\"bedeutet <strong>BESSER MACHEN, S.L. <\/strong>und die mit ihr verbundenen Unternehmen.<\/li>\n<\/ul>\n\n\n\n<ul class=\"wp-block-list\">\n<li>\"<strong>Controller<\/strong>\"f\u00fcr die Zwecke der DSGVO, anderer in den Mitgliedstaaten der Europ\u00e4ischen Union geltender Datenschutzgesetze und anderer datenschutzrechtlicher Bestimmungen ist <strong>BESSER MACHEN, S.L., <\/strong>Pla\u00e7a Josep Roca Pons n\u00ba 2, Escalera B, 1\u00ba 1\u00aa, 08870 Sitges (Barcelona).<\/li>\n<\/ul>\n\n\n\n<ul class=\"wp-block-list\">\n<li>\"<strong>Pers\u00f6nliche Informationen<\/strong>Der Begriff \"personenbezogene Daten\" hat im Allgemeinen dieselbe Bedeutung wie \"pers\u00f6nliche Daten\" oder \"personenbezogene Informationen\" (Personal Identifiable Information, PII). Personenbezogene Daten sind in den in Ihrem Land geltenden Datenschutzgesetzen definiert. Sie umfassen alle Informationen, die sich auf eine identifizierte oder identifizierbare nat\u00fcrliche Person beziehen. Darunter ist jede nat\u00fcrliche Person zu verstehen, die direkt oder indirekt mittels Zuordnung zu einer Kennung wie einem Namen, zu einer Kennnummer, zu Standortdaten, zu Online-Kennungen (z. B. IP-Adressen - sofern diese zu Ihrer Identifizierung genutzt werden k\u00f6nnen) oder zu einem oder mehreren besonderen Merkmalen identifiziert werden kann, die Ausdruck der physischen, physiologischen, genetischen, psychischen, wirtschaftlichen, kulturellen oder sozialen Identit\u00e4t dieser nat\u00fcrlichen Person sind. Einfach ausgedr\u00fcckt handelt es sich dabei um Daten, die entweder allein oder zusammen mit anderen Daten, die sich in unserem Besitz befinden oder uns zur Verf\u00fcgung stehen, dazu verwendet werden k\u00f6nnen, Sie zu identifizieren.<\/li>\n<\/ul>\n\n\n\n<p>STEPALONG ist den folgenden Grundprinzipien verpflichtet:<\/p>\n\n\n\n<h3 class=\"wp-block-heading\">Grundsatz 1. Wir schr\u00e4nken ein, wie und an wen wir Ihre personenbezogenen Daten weitergeben<\/h3>\n\n\n\n<p>STEPALONG gibt Ihre pers\u00f6nlichen Daten nur zu den folgenden Zwecken an Dritte weiter:<\/p>\n\n\n\n<ul class=\"wp-block-list\">\n<li>Auf Ihren Wunsch.<\/li>\n<\/ul>\n\n\n\n<ul class=\"wp-block-list\">\n<li>Um eine von Ihnen autorisierte oder angeforderte Transaktion oder ein Produkt zu bearbeiten oder zu warten; dies kann die Weitergabe innerhalb der STEPALONG Gruppe von Unternehmen beinhalten.<\/li>\n<\/ul>\n\n\n\n<ul class=\"wp-block-list\">\n<li>Wenn wir gesetzlich verpflichtet sind, solche Informationen an die zust\u00e4ndigen Beh\u00f6rden weiterzugeben.<\/li>\n<\/ul>\n\n\n\n<ul class=\"wp-block-list\">\n<li>An Unternehmen, die uns bei der Vermarktung, Rekrutierung, Vermittlung und Wartung unserer Produkte und Dienstleistungen unterst\u00fctzen, z. B. um unsere Informationstechnologie zu unterst\u00fctzen oder um Mailings in unserem Namen zu versenden.<br><br>Eine ausf\u00fchrliche und aktuelle Beschreibung der Unternehmen, mit denen wir Daten austauschen k\u00f6nnen, einschlie\u00dflich Tools von Drittanbietern (z. B. KI-Modelle), finden Sie unter dem folgenden Link: <a href=\"https:\/\/www.stepalong.com\/de\/datenverarbeitungsanbieter\/\" title=\"Anbieter von Datenverarbeitung\">Anbieter von Datenverarbeitung.<\/a><\/li>\n<\/ul>\n\n\n\n<ul class=\"wp-block-list\">\n<li>An unsere professionellen Berater.<\/li>\n<\/ul>\n\n\n\n<h3 class=\"wp-block-heading\"><strong>Grundsatz 2. Zweck und Rechtsgrundlage der Verarbeitung<\/strong><\/h3>\n\n\n\n<figure class=\"wp-block-table\"><table><thead><tr><td><strong>Pers\u00f6nliche Informationen<\/strong><\/td><td><strong>Zweck<\/strong><\/td><td><strong>Rechtliche Grundlagen<\/strong><\/td><\/tr><\/thead><tbody><tr><td>Informationen, die wir von Ihnen erhalten, wenn Sie (i) www.stepalong.com und andere STEPALONG-Websites besuchen, (ii) eines unserer Produkte oder eine unserer Dienstleistungen kaufen, (iii) alle anderen Informationen, die Sie uns anschlie\u00dfend m\u00fcndlich, schriftlich oder \u00fcber das Internet zur Verf\u00fcgung stellen: Dazu k\u00f6nnen Ihr vollst\u00e4ndiger Name, Ihre Postanschrift, Ihre E-Mail-Adresse, Informationen \u00fcber Arbeitgeber\/Gesch\u00e4ft und Beruf, Berufsbezeichnungen, Telefon- und Faxnummern, demografische Informationen und Ihre IP-Adresse geh\u00f6ren.<\/td><td>Die personenbezogenen Daten werden f\u00fcr die Bereitstellung der Website und die Beantwortung Ihrer Anfragen verwendet. Zum Beispiel (i) wenn Sie sich registrieren, um Informationen \u00fcber unsere Produkte und Dienstleistungen zu erhalten, (ii) wenn Sie unserem Blog oder Newsletter beitreten, (iii) wenn Sie eines unserer Produkte oder eine unserer Dienstleistungen kaufen oder (iv) wenn Sie sich an unseren Kundendienst wenden, werden wir Ihre pers\u00f6nlichen Daten verwenden, um zu antworten.)<\/td><td>Die Verarbeitung ist f\u00fcr die Erf\u00fcllung eines Vertrags, dessen Vertragspartei Sie sind, oder f\u00fcr die Durchf\u00fchrung von Ma\u00dfnahmen erforderlich, die auf Ihren Wunsch hin vor dem Abschluss eines Vertrags erfolgen. Die Verarbeitung ist zur Wahrung unserer berechtigten Interessen erforderlich, d. h. zur Bereitstellung einer Website zu Informations- und Nutzungszwecken oder zur Beantwortung Ihrer Anfrage nach Informationen, zum Kauf von Produkten\/Dienstleistungen oder wenn Sie sich an unseren Kundendienst wenden.<\/td><\/tr><tr><td>Name, Adresse, E-Mail-Adresse und andere Informationen \u00fcber Ihre Transaktionen und Kommunikation mit uns.<\/td><td>Die pers\u00f6nlichen Daten werden verwendet, um eine von Ihnen genehmigte oder angeforderte Transaktion oder ein Produkt zu bearbeiten oder zu warten.<\/td><td>Die Verarbeitung ist f\u00fcr die Erf\u00fcllung eines Vertrags, dessen Vertragspartei Sie sind, oder f\u00fcr die Durchf\u00fchrung von Ma\u00dfnahmen erforderlich, die auf Ihren Wunsch hin vor dem Abschluss eines Vertrags getroffen werden.<\/td><\/tr><tr><td>Name, Anschrift, E-Mail-Adresse und andere Kontaktinformationen<\/td><td>Um Sie regelm\u00e4\u00dfig zu kontaktieren, um Sie \u00fcber neue Produkte und\/oder Dienstleistungen zu informieren, die wir anbieten oder von denen wir glauben, dass sie f\u00fcr Sie von Interesse sind.<\/td><td>Ihre Zustimmung<\/td><\/tr><tr><td>IP-Adresse und andere von Ihrem Browser \u00fcbermittelte Informationen<\/td><td>Um eventuelle Probleme mit unserem Server zu diagnostizieren und unsere Website zu verwalten.<\/td><td>Die Verarbeitung ist zur Wahrung unserer berechtigten Interessen erforderlich, d. h. zur Bereitstellung einer Website zur Information und Nutzung.<\/td><\/tr><tr><td>Bewerbungsdaten, einschlie\u00dflich Name, Adresse, Lebenslauf, Geburtsdatum<\/td><td>Die Verarbeitung ist erforderlich, damit wir den Einstellungsprozess verwalten k\u00f6nnen, einschlie\u00dflich der Einrichtung einer elektronischen Bewerberpersonalakte, der Verwaltung Ihrer Bewerbung und der Organisation von Vorstellungsgespr\u00e4chen. Wir k\u00f6nnen Ihre pers\u00f6nlichen Daten nach Ihrer erfolglosen Bewerbung aufbewahren, damit wir Sie bei zuk\u00fcnftigen Stellenangeboten kontaktieren k\u00f6nnen. Ihre Daten k\u00f6nnen auch an andere Unternehmen der STEPALONG-Gruppe weitergegeben werden, um Ihre Bewerbung f\u00fcr andere offene Stellen zu ber\u00fccksichtigen.<\/td><td>In erster Linie ist die Verarbeitung erforderlich, um Schritte zum Abschluss eines Vertrags mit Ihnen zu unternehmen. Wir haben auch ein berechtigtes Interesse daran, (i) Ihre Daten f\u00fcr einen Zeitraum von bis zu 6 Jahren nach Abschluss einer erfolglosen Bewerbung zu speichern und\/oder (ii) sie an die STEPALONG-Unternehmensgruppe weiterzugeben und\/oder (iii) Ihre Daten aufzubewahren und zu nutzen, soweit dies f\u00fcr die Begr\u00fcndung, Aus\u00fcbung oder Verteidigung von Rechtsanspr\u00fcchen erforderlich ist.<\/td><\/tr><tr><td>Alle oben genannten Punkte<\/td><td>Zur Einhaltung von gesetzlichen und beh\u00f6rdlichen Vorschriften und Verpflichtungen zur Unternehmensf\u00fchrung.<\/td><td>Die Verarbeitung ist f\u00fcr die Erf\u00fcllung rechtlicher Verpflichtungen, denen wir unterliegen, erforderlich.<\/td><\/tr><\/tbody><\/table><\/figure>\n\n\n\n<p>Wenn Sie uns personenbezogene Daten \u00fcber eine andere Person, einschlie\u00dflich Kollegen oder Personen, in deren Namen Sie handeln, zur Verf\u00fcgung stellen m\u00f6chten, m\u00fcssen Sie sicherstellen, dass Sie die vorherige Erlaubnis dieser Person haben, dies zu tun. Sie m\u00fcssen ihnen auch ein Exemplar dieser Datenschutzrichtlinie sowie anderer relevanter Datenschutzerkl\u00e4rungen (siehe oben) zukommen lassen, bevor Sie sie um diese Erlaubnis bitten.<\/p>\n\n\n\n<p>Wir erheben personenbezogene Daten zu den oben beschriebenen Zwecken, wenn Sie www. stepalong.com und andere STEPALONG-Websites besuchen, sowie aus \u00f6ffentlichen Quellen, wie z. B. Recruiting- und Business-Portalen (z. B. LinkedIn).<\/p>\n\n\n\n<h3 class=\"wp-block-heading\">Grundsatz 3. Wir treffen Vorkehrungen, um die Sicherheit und Vertraulichkeit Ihrer Daten zu gew\u00e4hrleisten<\/h3>\n\n\n\n<p>STEPALONG beschr\u00e4nkt den Zugang zu den Informationen Ihres Unternehmens auf unsere Mitarbeiter, die diese f\u00fcr ihre Arbeit ben\u00f6tigen. Mitarbeiter, die Zugang zu Ihren Informationen haben, sind verpflichtet, die Vertraulichkeit dieser Informationen streng zu wahren.<\/p>\n\n\n\n<p>STEPALONG unterh\u00e4lt physische, elektronische und verfahrenstechnische Sicherheitsvorkehrungen, die den Industriestandards entsprechen, um die Informationen Ihres Unternehmens zu sch\u00fctzen. Wir testen routinem\u00e4\u00dfig unsere Informationssysteme und Websites, um sicherzustellen, dass kein unbefugter Zugriff erfolgt.<\/p>\n\n\n\n<h3 class=\"wp-block-heading\">Grundsatz 4. Wir bewahren Ihre personenbezogenen Daten so lange auf, wie es f\u00fcr die Erf\u00fcllung der oben beschriebenen Zwecke, f\u00fcr die sie erhoben wurden, erforderlich ist<\/h3>\n\n\n\n<p>Die Kriterien, die wir zur Festlegung der Aufbewahrungsfristen f\u00fcr personenbezogene Daten verwenden, sind folgende: (i) <strong>Aufbewahrung f\u00fcr den Fall von R\u00fcckfragen:<\/strong> Wir werden sie f\u00fcr einen angemessenen Zeitraum nach Beendigung der Beziehung zwischen uns aufbewahren, um R\u00fcckfragen Ihrerseits beantworten zu k\u00f6nnen; (ii) <strong>Aufbewahrung im Falle der Beauftragung unserer Produkte\/Dienstleistungen oder der Kontaktaufnahme mit unserem Kundendienst<\/strong>: Wir werden sie so lange aufbewahren, wie es notwendig ist, um Ihnen unser Produkt\/unsere Dienstleistung gem\u00e4\u00df den Vertragsbedingungen zu liefern und um Ihre Fragen zu beantworten; (iii) <strong>Einbehalt im Schadensfall:<\/strong> Wir werden sie f\u00fcr den Zeitraum aufbewahren, in dem Sie rechtlich Anspr\u00fcche gegen uns geltend machen k\u00f6nnen; (iv) <strong>Aufbewahrung in \u00dcbereinstimmung mit gesetzlichen und beh\u00f6rdlichen Anforderungen:<\/strong> Wir werden pr\u00fcfen, ob wir die Daten aufgrund gesetzlicher oder beh\u00f6rdlicher Anforderungen aufbewahren m\u00fcssen, z. B. um steuerliche oder fiskalische Pflichten zu erf\u00fcllen; (v) <strong>Aufbewahrung im Falle von Bewerbungen:<\/strong> Wenn Sie sich auf ein Stellenangebot bei STEPALONG beworben haben und nicht erfolgreich waren, werden Ihre Bewerbungsdaten f\u00fcr einen begrenzten Zeitraum in unserem Talentpool gespeichert, wie in Grundsatz 2 definiert.<\/p>\n\n\n\n<ol class=\"wp-block-list\" style=\"list-style-type:1\">\n<li><strong>Geben Sie uns Ihr Feedback<\/strong><\/li>\n<\/ol>\n\n\n\n<p>Unser Ziel ist es, Ihre Privatsph\u00e4re zu sch\u00fctzen. Wenn Sie Kommentare abgeben oder uns helfen m\u00f6chten, uns zu verbessern, kontaktieren Sie uns bitte per E-Mail (<strong>hello@stepalong.com<\/strong>). Sie k\u00f6nnen uns auch schriftlich unter der oben genannten Adresse von STEPALONG kontaktieren. Wir k\u00f6nnen Sie bitten, eine Kopie Ihres Identit\u00e4tsnachweises vorzulegen.<\/p>\n\n\n\n<p>Wenn Sie der Ansicht sind, dass wir gegen unsere datenschutzrechtlichen Verpflichtungen versto\u00dfen, k\u00f6nnen Sie eine Beschwerde bei der zust\u00e4ndigen Datenschutzbeh\u00f6rde einreichen, bei der es sich um die Aufsichtsbeh\u00f6rde in Ihrem Wohnsitzland, an Ihrem Arbeitsplatz oder im Falle eines mutma\u00dflichen Versto\u00dfes gegen das Datenschutzrecht handeln kann.<\/p>\n\n\n\n<ul class=\"wp-block-list\">\n<li><strong>\u00c4nderungen an dieser Datenschutzrichtlinie<\/strong><\/li>\n<\/ul>\n\n\n\n<p>Diese Datenschutzrichtlinie kann von Zeit zu Zeit ge\u00e4ndert werden, um den geltenden Gesetzen oder unseren aktuellen Gesch\u00e4ftspraktiken zu entsprechen. Wir werden alle \u00c4nderungen auf unserer Website ver\u00f6ffentlichen und uns bem\u00fchen, Sie \u00fcber Ihre Kontakt-E-Mail zu informieren. Wenn wir Ihnen solche \u00c4nderungen mitteilen, werden wir auch erkl\u00e4ren, welche Auswirkungen diese \u00c4nderungen gegebenenfalls auf Sie haben werden. Wir empfehlen Ihnen, die auf unserer Website ver\u00f6ffentlichte Datenschutzerkl\u00e4rung von Zeit zu Zeit auf Aktualisierungen hin zu \u00fcberpr\u00fcfen.<\/p>\n\n\n\n<ul class=\"wp-block-list\">\n<li><strong>ZUS\u00c4TZLICHE INFORMATIONEN, DIE WIR IHNEN MITTEILEN M\u00d6CHTEN:<\/strong><\/li>\n<\/ul>\n\n\n\n<ul class=\"wp-block-list\">\n<li><strong>\u00dcberweisungen au\u00dferhalb der EU\/EWR.<\/strong> Wir \u00fcbermitteln die von uns verarbeiteten personenbezogenen Daten auch in L\u00e4nder au\u00dferhalb des Europ\u00e4ischen Wirtschaftsraums (\"<strong>EEA<\/strong>\") (z. B. wenn einer unserer Dienstleister oder Ger\u00e4te au\u00dferhalb des EWR ans\u00e4ssig ist, wie z. B. beim Hosting Ihrer personenbezogenen Daten). Wir haben angemessene Vorkehrungen zum Schutz Ihrer Privatsph\u00e4re, Ihrer Grundrechte und -freiheiten und zur Aus\u00fcbung Ihrer Rechte getroffen, z. B. legen wir ein angemessenes Datenschutzniveau fest, in der Regel durch EU-Standardvertragsklauseln auf der Grundlage der Musterklauseln der EU-Kommission.<\/li>\n<\/ul>\n\n\n\n<ul class=\"wp-block-list\">\n<li><strong>Bereitstellung von pers\u00f6nlichen Informationen \/ Automatisierte Entscheidungsfindung.<\/strong> Bitte beachten Sie, dass die pers\u00f6nlichen Daten, die wir von Ihnen erheben, notwendig sind, um Ihnen die Dienstleistungen und die Website zur Verf\u00fcgung zu stellen. Wenn Sie uns diese Daten nicht zur Verf\u00fcgung stellen, k\u00f6nnen wir Ihnen m\u00f6glicherweise unsere Dienste nicht anbieten oder unsere Website nicht zug\u00e4nglich machen. Wir verwenden keine automatische Entscheidungsfindung oder Profiling von Personen.<\/li>\n<\/ul>\n\n\n\n<ul class=\"wp-block-list\">\n<li><strong>Ihre Rechte.<\/strong> Nach den Datenschutzgesetzen Ihres Landes haben Sie verschiedene Rechte. Dazu geh\u00f6ren (je nach Sachlage): das Recht, Zugang zu den personenbezogenen Daten zu verlangen, die wir \u00fcber Sie gespeichert haben; das Recht auf Berichtigung, einschlie\u00dflich der Aufforderung an uns, unrichtige personenbezogene Daten zu korrigieren; das Recht, die Einschr\u00e4nkung der Sie betreffenden Verarbeitung zu verlangen oder der Verarbeitung Ihrer personenbezogenen Daten zu widersprechen; das Recht, die L\u00f6schung Ihrer personenbezogenen Daten zu verlangen, wenn es f\u00fcr uns nicht mehr erforderlich ist, sie aufzubewahren; das Recht auf Daten\u00fcbertragbarkeit, einschlie\u00dflich des Rechts, unter bestimmten Umst\u00e4nden personenbezogene Daten in einem g\u00e4ngigen maschinenlesbaren Format zu erhalten, z. B. wenn unsere Verarbeitung auf einer Einwilligung beruht; das Recht, einer automatisierten Entscheidungsfindung zu widersprechen, einschlie\u00dflich der Profilerstellung (falls zutreffend), die sich rechtlich oder in erheblichem Ma\u00dfe auf Sie als Person auswirkt; und das Recht, Ihre Einwilligung zu einer Verarbeitung zur\u00fcckzuziehen, f\u00fcr die Sie zuvor Ihre Einwilligung erteilt haben.<\/li>\n<\/ul>\n\n\n\n<ul class=\"wp-block-list\">\n<li><strong>Marketing-Informationen.<\/strong> Mit Ihrem Einverst\u00e4ndnis speichern wir gegebenenfalls Ihren Namen, Ihre Adresse und Ihre Kontaktdaten (einschlie\u00dflich Telefonnummern und E-Mail-Adressen) in unseren Datenbanken und verwenden diese Informationen von Zeit zu Zeit, um Sie \u00fcber unsere Produkte und Dienstleistungen sowie \u00fcber aktuelle Entwicklungen in unserer Branche, die f\u00fcr Sie von Interesse sein k\u00f6nnten, zu informieren. Zu diesem Zweck k\u00f6nnen wir Sie schriftlich, telefonisch oder per E-Mail kontaktieren. Wenn Sie zu irgendeinem Zeitpunkt entscheiden, dass Sie nicht m\u00f6chten, dass Ihre Kontaktdaten f\u00fcr diese Zwecke verwendet werden, k\u00f6nnen Sie dem Erhalt von Marketingmitteilungen widersprechen oder Ihre Zustimmung widerrufen, indem Sie die Anweisungen in der jeweiligen Marketingmitteilung befolgen (z. B. auf die Schaltfl\u00e4che \"Abmelden\" klicken) oder uns kontaktieren (siehe \"Geben Sie uns Ihr Feedback\" oben).<\/li>\n<\/ul>\n\n\n\n<ul class=\"wp-block-list\">\n<li><strong>Sicherheitserkl\u00e4rung.<\/strong> Wir treffen angemessene Vorkehrungen, um Ihre Daten zu sch\u00fctzen. Insbesondere haben wir geeignete technische und organisatorische Ma\u00dfnahmen ergriffen, um ein dem Risiko angemessenes Ma\u00df an Sicherheit zu gew\u00e4hrleisten, darunter gegebenenfalls (a) Pseudonymisierung (z. B. wenn Daten von direkten Identifizierungsmerkmalen getrennt werden, so dass eine Verkn\u00fcpfung mit einer Identit\u00e4t nicht ohne zus\u00e4tzliche, separat aufbewahrte Informationen m\u00f6glich ist) und Verschl\u00fcsselung, (b) Schutz der fortlaufenden Vertraulichkeit, Integrit\u00e4t, Verf\u00fcgbarkeit und Belastbarkeit von Systemen und Diensten, die zur Verarbeitung Ihrer personenbezogenen Daten verwendet werden, (c) Bereitstellung der M\u00f6glichkeit, die Verf\u00fcgbarkeit und den Zugriff auf personenbezogene Daten im Falle eines physischen oder technischen Zwischenfalls zeitnah wiederherzustellen, und (d) Beibehaltung eines Verfahrens zur regelm\u00e4\u00dfigen Pr\u00fcfung, Bewertung und Evaluierung der Wirksamkeit technischer und organisatorischer Sicherheitsma\u00dfnahmen. Wenn Sie uns \u00fcber unsere Website Informationen \u00fcbermitteln, werden Ihre Daten sowohl online als auch offline gesch\u00fctzt. Alle Daten, die zum\/vom STEPALONG-internen Netzwerk oder von\/zu einer externen Einheit \u00fcbertragen werden, werden nach Industriestandards verschl\u00fcsselt. Bitte bedenken Sie, dass Nachrichten, die Sie per Internet-E-Mail an uns senden, m\u00f6glicherweise nicht sicher sind. Wir unterhalten angemessene physische, elektronische und verfahrenstechnische Sicherheitsvorkehrungen, um die Sicherheit, Integrit\u00e4t und Vertraulichkeit Ihrer pers\u00f6nlichen Daten innerhalb unseres Unternehmens zu gew\u00e4hrleisten. Nur diejenigen Mitarbeiter, die Ihre Daten f\u00fcr eine bestimmte Aufgabe ben\u00f6tigen, erhalten Zugang zu den identifizierbaren Daten Ihrer Organisation. Au\u00dferdem werden alle Mitarbeiter \u00fcber unsere Sicherheits- und Datenschutzpraktiken auf dem Laufenden gehalten.<\/li>\n<\/ul>\n\n\n\n<ul class=\"wp-block-list\">\n<li><strong>Unsere Verwendung von Cookies und Analysetools.<\/strong> STEPALONG verwendet \"Cookies\" und Analysetools, wie in unserer Cookie-Richtlinie n\u00e4her beschrieben.<\/li>\n<\/ul>\n\n\n\n<ul class=\"wp-block-list\">\n<li><strong>Websites von Dritten.<\/strong> Unsere Websites und mobilen Anwendungen k\u00f6nnen Links zu Websites Dritter enthalten. Wenn Sie diesen Links folgen, verlassen Sie unsere Websites oder mobilen Anwendungen. Diese Datenschutzrichtlinie gilt nicht f\u00fcr Websites von Dritten. STEPALONG kann keine Haftung f\u00fcr die Verwendung Ihrer pers\u00f6nlichen Daten durch diese Dritten \u00fcbernehmen. Die Nutzung dieser Websites erfolgt auf Ihr eigenes Risiko. Weitere Informationen dar\u00fcber, wie diese Dritten Ihre pers\u00f6nlichen Daten behandeln, finden Sie in deren Datenschutzrichtlinien (falls vorhanden).<\/li>\n<\/ul>\n\n\n\n<div style=\"height:100px\" aria-hidden=\"true\" class=\"wp-block-spacer\"><\/div>","protected":false},"excerpt":{"rendered":"<p>Extract STEPALONG r\u00e4umt dem Schutz Ihrer Privatsph\u00e4re gem\u00e4\u00df GDPR und den damit verbundenen Datenschutzgesetzen Priorit\u00e4t ein. Unsere Datenschutzrichtlinie enth\u00e4lt die folgenden Grundprinzipien: 1. Sammlung und Verwendung von pers\u00f6nlichen Informationen (PI) STEPALONG sammelt und verwendet PI (d.h. Name, Adresse, IP-Adresse) in \u00dcbereinstimmung mit den Datenschutzgesetzen. 2. Weitergabe von pers\u00f6nlichen Informationen PI wird f\u00fcr bestimmte Zwecke weitergegeben: [...]<\/p>","protected":false},"author":1,"featured_media":0,"parent":0,"menu_order":0,"comment_status":"closed","ping_status":"closed","template":"wp-custom-template-landing-page","meta":{"content-type":"","_uag_custom_page_level_css":"","footnotes":""},"class_list":["post-2806","page","type-page","status-publish","hentry"],"aioseo_notices":[],"mb":[],"uagb_featured_image_src":{"full":false,"thumbnail":false,"medium":false,"medium_large":false,"large":false,"1536x1536":false,"2048x2048":false,"trp-custom-language-flag":false},"uagb_author_info":{"display_name":"Sergi S\u00e1nchez Mancha","author_link":"https:\/\/www.stepalong.com\/de\/author\/sergiostepalong-com\/"},"uagb_comment_info":0,"uagb_excerpt":"Extract STEPALONG prioritizes your privacy under GDPR and related data protection laws. Our Privacy Policy outlines the following key principles: 1. Collection and Use of Personal Information (PI) STEPALONG gathers and utilizes PI (i.e. name, address, IP address) in accordance with data protection laws. 2. Sharing of Personal Information PI is shared for specific purposes:&hellip;","mfb_rest_fields":["title","aioseo_notices","uagb_featured_image_src","uagb_author_info","uagb_comment_info","uagb_excerpt"],"_links":{"self":[{"href":"https:\/\/www.stepalong.com\/de\/wp-json\/wp\/v2\/pages\/2806","targetHints":{"allow":["GET"]}}],"collection":[{"href":"https:\/\/www.stepalong.com\/de\/wp-json\/wp\/v2\/pages"}],"about":[{"href":"https:\/\/www.stepalong.com\/de\/wp-json\/wp\/v2\/types\/page"}],"author":[{"embeddable":true,"href":"https:\/\/www.stepalong.com\/de\/wp-json\/wp\/v2\/users\/1"}],"replies":[{"embeddable":true,"href":"https:\/\/www.stepalong.com\/de\/wp-json\/wp\/v2\/comments?post=2806"}],"version-history":[{"count":4,"href":"https:\/\/www.stepalong.com\/de\/wp-json\/wp\/v2\/pages\/2806\/revisions"}],"predecessor-version":[{"id":4274,"href":"https:\/\/www.stepalong.com\/de\/wp-json\/wp\/v2\/pages\/2806\/revisions\/4274"}],"wp:attachment":[{"href":"https:\/\/www.stepalong.com\/de\/wp-json\/wp\/v2\/media?parent=2806"}],"curies":[{"name":"wp","href":"https:\/\/api.w.org\/{rel}","templated":true}]}}